{"id":81,"date":"2024-11-29T19:19:43","date_gmt":"2024-11-29T19:19:43","guid":{"rendered":"https:\/\/niepolomickibartnik.pl\/?post_type=product&#038;p=81"},"modified":"2025-08-23T12:45:30","modified_gmt":"2025-08-23T12:45:30","slug":"miod-malinowy","status":"publish","type":"product","link":"https:\/\/niepolomickibartnik.pl\/en\/product\/miod-malinowy\/","title":{"rendered":"Mi\u00f3d malinowy"},"content":{"rendered":"<p>Mi\u00f3d nektarowy pszczeli malinowy 1200g.<\/p>\n<p>Mi\u00f3d malinowy posiada spore warto\u015bci od\u017cywcze, dlatego b\u0119dzie to idealny produkt dla os\u00f3b zm\u0119czonych i pozbawionych energii, ale tak\u017ce w przypadku dzieci, kt\u00f3re potrzebuj\u0105 jej, by prawid\u0142owo si\u0119 rozwija\u0107. Posiada on w\u0142a\u015bciwo\u015bci odpr\u0119\u017caj\u0105ce i wzmacniaj\u0105ce, kt\u00f3re zapewniaj\u0105 naszemu organizmowi lepsz\u0105 kondycj\u0119 i poprawiaj\u0105 nasze samopoczucie. Mi\u00f3d malinowy mo\u017ce szczeg\u00f3lnie przys\u0142u\u017cy\u0107 si\u0119 naszemu uk\u0142adowi krwiono\u015bnemu, poniewa\u017c skutecznie obni\u017ca ci\u015bnienie krwi i poprawia kr\u0105\u017cenie, a tak\u017ce stymuluje produkcj\u0119 czerwonych krwinek i hemoglobiny. Dodatkowo dzia\u0142a on tak\u017ce wzmacniaj\u0105co i ochronnie na w\u0105trob\u0119 oraz zwi\u0119ksza wydzielanie \u017c\u00f3\u0142ci.<\/p>\n<p>Warto wiedzie\u0107, \u017ce mi\u00f3d malinowy dzia\u0142a napotnie, przeciwgor\u0105czkowo oraz rozgrzewaj\u0105co, dzi\u0119ki czemu idealnie sprawdzi si\u0119 w leczeniu chor\u00f3b dr\u00f3g oddechowych oraz podczas przezi\u0119bienia lub grypy. Wiele os\u00f3b stosuje go podczas nie\u017cyt\u00f3w \u017co\u0142\u0105dka, a wed\u0142ug r\u00f3\u017cnych bada\u0144, przejawia on nawet dzia\u0142anie przeciwmia\u017cd\u017cycowe. Dodatkowo mi\u00f3d malinowy posiada, jak wszystkie inne miody, dzia\u0142anie antybakteryjne, a tak\u017ce pomaga nam dba\u0107 o zdrowy wygl\u0105d naszej sk\u00f3ry. Jego zapach dzia\u0142a koj\u0105co na nerwy i pomaga nam si\u0119 zrelaksowa\u0107, wi\u0119c warto wykorzysta\u0107 go na przyk\u0142ad podczas k\u0105pieli.<\/p>\n","protected":false},"excerpt":{"rendered":"<p>Mi\u00f3d nektarowy pszczeli malinowy 1200g. Mi\u00f3d malinowy posiada spore warto\u015bci od\u017cywcze, dlatego b\u0119dzie to idealny produkt dla os\u00f3b zm\u0119czonych i pozbawionych energii, ale tak\u017ce w przypadku dzieci, kt\u00f3re potrzebuj\u0105 jej, by prawid\u0142owo si\u0119 rozwija\u0107. Posiada on w\u0142a\u015bciwo\u015bci odpr\u0119\u017caj\u0105ce i wzmacniaj\u0105ce, kt\u00f3re zapewniaj\u0105 naszemu organizmowi lepsz\u0105 kondycj\u0119 i poprawiaj\u0105 nasze samopoczucie. Mi\u00f3d malinowy mo\u017ce szczeg\u00f3lnie przys\u0142u\u017cy\u0107<a href=\"https:\/\/niepolomickibartnik.pl\/en\/product\/miod-malinowy\/\">Continue reading <span class=\"sr-only\">&#8220;Mi\u00f3d malinowy&#8221;<\/span><\/a><\/p>\n","protected":false},"featured_media":6136,"template":"","meta":{"_acf_changed":false},"product_brand":[],"product_cat":[18],"product_tag":[],"class_list":{"0":"post-81","1":"product","2":"type-product","3":"status-publish","4":"has-post-thumbnail","6":"product_cat-miody","8":"first","9":"instock","10":"shipping-taxable","11":"purchasable","12":"product-type-simple"},"acf":[],"_links":{"self":[{"href":"https:\/\/niepolomickibartnik.pl\/en\/wp-json\/wp\/v2\/product\/81","targetHints":{"allow":["GET"]}}],"collection":[{"href":"https:\/\/niepolomickibartnik.pl\/en\/wp-json\/wp\/v2\/product"}],"about":[{"href":"https:\/\/niepolomickibartnik.pl\/en\/wp-json\/wp\/v2\/types\/product"}],"wp:featuredmedia":[{"embeddable":true,"href":"https:\/\/niepolomickibartnik.pl\/en\/wp-json\/wp\/v2\/media\/6136"}],"wp:attachment":[{"href":"https:\/\/niepolomickibartnik.pl\/en\/wp-json\/wp\/v2\/media?parent=81"}],"wp:term":[{"taxonomy":"product_brand","embeddable":true,"href":"https:\/\/niepolomickibartnik.pl\/en\/wp-json\/wp\/v2\/product_brand?post=81"},{"taxonomy":"product_cat","embeddable":true,"href":"https:\/\/niepolomickibartnik.pl\/en\/wp-json\/wp\/v2\/product_cat?post=81"},{"taxonomy":"product_tag","embeddable":true,"href":"https:\/\/niepolomickibartnik.pl\/en\/wp-json\/wp\/v2\/product_tag?post=81"}],"curies":[{"name":"wp","href":"https:\/\/api.w.org\/{rel}","templated":true}]}}