{"id":80,"date":"2024-11-29T19:19:43","date_gmt":"2024-11-29T19:19:43","guid":{"rendered":"https:\/\/niepolomickibartnik.pl\/?post_type=product&#038;p=80"},"modified":"2025-08-23T12:54:35","modified_gmt":"2025-08-23T12:54:35","slug":"zestaw-prezentowy-miod-3x50g-smakowy-polski-z-pasieki-porebski-naturaln","status":"publish","type":"product","link":"https:\/\/niepolomickibartnik.pl\/en\/product\/zestaw-prezentowy-miod-3x50g-smakowy-polski-z-pasieki-porebski-naturaln\/","title":{"rendered":"Prezentowy zestaw miod\u00f3w 3x50g"},"content":{"rendered":"<div class=\"mpof_ki myre_zn myre_8v_l m389_6m_l\">\n<div class=\"mp4t_16_s mryx_16_s mr3m_1 mli2_1 mh85_56 mh85_0_l\">\n<div class=\"mgn2_16 _0d3bd_am0a-\">\n<h3>ZESTAW MI\u00d3D AKACJOWY, SPADZIOWY, LIPOWY NATURALNY EKOLOGICZNY POLSKI 3x50g \u015aWIE\u017bY z PASIEKI POR\u0118BSKI<\/h3>\n<p>Pasieka jest pod sta\u0142\u0105 kontrol\u0105 powiatowego lekarza weterynarii. Numer weterynaryjny pasieki: PL12015289.<\/p>\n<\/div>\n<\/div>\n<\/div>\n<div class=\"mpof_ki myre_zn myre_8v_l m389_6m_l\">\n<div class=\"mp4t_16_s mryx_16_s mr3m_1 mli2_1 mh85_56 mh85_0_l\">\n<div class=\"mgn2_16 _0d3bd_am0a-\">\n<p>Odkryj wyj\u0105tkowy zestaw naturalnych miod\u00f3w: <b>akacjowy<\/b>, <b>spadziowy<\/b> i <b>lipowy<\/b>, kt\u00f3ry pozwoli Ci cieszy\u0107 si\u0119 r\u00f3\u017cnorodnymi smakami oraz korzy\u015bciami zdrowotnymi p\u0142yn\u0105cymi z ka\u017cdego s\u0142oiczka. Idealny jako prezent lub do codziennego u\u017cytku, zestaw ten to doskona\u0142a okazja, by spr\u00f3bowa\u0107 kilku rodzaj\u00f3w miodu w praktycznych opakowaniach.<\/p>\n<\/div>\n<\/div>\n<\/div>\n<div class=\"mpof_ki myre_zn myre_8v_l m389_6m_l\">\n<div class=\"mp4t_16_s mryx_16_s mr3m_1 mli2_1 mh85_56 mh85_0_l\">\n<div class=\"mgn2_16 _0d3bd_am0a-\">\n<h3>Zawarto\u015b\u0107 zestawu:<\/h3>\n<p><b>1. Mi\u00f3d Akacjowy<\/b> (50g):<\/p>\n<ul>\n<li><b>\u2705 <\/b>Delikatnie s\u0142odki, o jasnej barwie i \u0142agodnym smaku<\/li>\n<li><b>\u2705 <\/b>Polecany do s\u0142odzenia napoj\u00f3w, jako dodatek do deser\u00f3w oraz da\u0144<\/li>\n<li><b>\u2705 <\/b>Dzi\u0119ki wysokiej zawarto\u015bci fruktozy d\u0142u\u017cej pozostaje w postaci p\u0142ynnej<\/li>\n<li><b>\u2705 <\/b>W\u0142a\u015bciwo\u015bci: wspomaga trawienie, dzia\u0142a \u0142agodz\u0105co na uk\u0142ad nerwowy<\/li>\n<\/ul>\n<p><b>2. Mi\u00f3d Spadziowy<\/b> (50g):<\/p>\n<ul>\n<li><b>\u2705 <\/b>O ciemniejszej barwie, intensywnym smaku i charakterystycznym aromacie<\/li>\n<li><b>\u2705 <\/b>Znany ze swoich silnych w\u0142a\u015bciwo\u015bci przeciwzapalnych i wzmacniaj\u0105cych odporno\u015b\u0107<\/li>\n<li><b>\u2705 <\/b>Doskona\u0142y do herbaty, jogurtu, p\u0142atk\u00f3w \u015bniadaniowych lub jako <b>\u2705 <\/b>zdrowa przek\u0105ska<\/li>\n<\/ul>\n<\/div>\n<\/div>\n<\/div>\n<div class=\"mpof_ki myre_zn myre_8v_l m389_6m_l\">\n<div class=\"mp4t_16_s mryx_16_s mr3m_1 mli2_1 mh85_56 mh85_0_l\">\n<div class=\"mgn2_16 _0d3bd_am0a-\">\n<p><b>3. Mi\u00f3d Lipowy<\/b> (50g):<\/p>\n<ul>\n<li><b>\u2705 <\/b>Aromatyczny mi\u00f3d o wyrazistym smaku, lekko zio\u0142owy z kwiatow\u0105 nut\u0105<\/li>\n<li><b>\u2705 <\/b>W\u0142a\u015bciwo\u015bci: dzia\u0142a wyciszaj\u0105co, wspiera walk\u0119 z przezi\u0119bieniami i infekcjami<\/li>\n<li><b>\u2705 <\/b>Idealny do herbaty, wypiek\u00f3w, jak r\u00f3wnie\u017c do stosowania na przezi\u0119bienia<\/li>\n<\/ul>\n<\/div>\n<\/div>\n<div class=\"mp4t_16_s mryx_16_s mr3m_1 mli2_1 mh85_56 mh85_0_l\">\n<div class=\"mg9e_8 mj7a_8 mg9e_0_s mvrt_0_s mj7a_0_s mh36_0_s mzmg_6m munh_16_l m3h2_16_l\"><\/div>\n<\/div>\n<\/div>\n<div class=\"mpof_ki myre_zn myre_8v_l m389_6m_l\">\n<div class=\"mp4t_16_s mryx_16_s mr3m_1 mli2_1 mh85_56 mh85_0_l\">\n<div class=\"mg9e_8 mj7a_8 mg9e_0_s mvrt_0_s mj7a_0_s mh36_0_s mzmg_6m munh_16_l m3h2_16_l\"><\/div>\n<\/div>\n<div class=\"mp4t_16_s mryx_16_s mr3m_1 mli2_1 mh85_56 mh85_0_l\">\n<div class=\"mgn2_16 _0d3bd_am0a-\">\n<h3>Cechy zestawu:<\/h3>\n<ul>\n<li><b>\u2764\ufe0f 100% naturalne miody<\/b>: Bez konserwant\u00f3w, barwnik\u00f3w i sztucznych dodatk\u00f3w<\/li>\n<li><b>\u2764\ufe0f Wygodne s\u0142oiczki<\/b>: Ka\u017cdy mi\u00f3d zapakowany w s\u0142oiczek o pojemno\u015bci 50g, co pozwala na \u0142atwe przechowywanie i wygodne korzystanie<\/li>\n<li><b>\u2764\ufe0f Idealny na prezent<\/b>: Elegancki zestaw, kt\u00f3ry doskonale sprawdzi si\u0119 jako prezent dla bliskich na ka\u017cd\u0105 okazj\u0119<\/li>\n<li><b>\u2764\ufe0f W\u0142a\u015bciwo\u015bci zdrowotne<\/b>: Ka\u017cdy z miod\u00f3w ma inne w\u0142a\u015bciwo\u015bci prozdrowotne, wspieraj\u0105c organizm na r\u00f3\u017cne sposoby, od wzmocnienia odporno\u015bci po \u0142agodzenie objaw\u00f3w przezi\u0119bienia<\/li>\n<\/ul>\n<\/div>\n<\/div>\n<\/div>\n<div class=\"mpof_ki myre_zn myre_8v_l m389_6m_l\">\n<div class=\"mp4t_16_s mryx_16_s mr3m_1 mli2_1 mh85_56 mh85_0_l\">\n<div class=\"mgn2_16 _0d3bd_am0a-\">\n<h3>Dlaczego warto wybra\u0107 ten zestaw?<\/h3>\n<p>Zestaw <b>3x50g<\/b> miod\u00f3w to doskona\u0142y wyb\u00f3r dla tych, kt\u00f3rzy chc\u0105 spr\u00f3bowa\u0107 r\u00f3\u017cnych smak\u00f3w miodu lub szukaj\u0105 idealnego prezentu. R\u00f3\u017cnorodno\u015b\u0107 smak\u00f3w oraz w\u0142a\u015bciwo\u015bci sprawia, \u017ce ka\u017cdy znajdzie w nim co\u015b dla siebie. Miody pochodz\u0105 z polskiej pasiek i s\u0105 produktem najwy\u017cszej jako\u015bci.<\/p>\n<p><b>Zam\u00f3w ju\u017c teraz i odkryj bogactwo natury zamkni\u0119te w ma\u0142ych s\u0142oiczkach!<\/b><\/p>\n<\/div>\n<\/div>\n<\/div>\n<div class=\"mpof_ki myre_zn myre_8v_l m389_6m_l\">\n<div class=\"mp4t_16_s mryx_16_s mr3m_1 mli2_1 mh85_56 mh85_0_l\">\n<div class=\"mgn2_16 _0d3bd_am0a-\">\n<h3>Do ka\u017cdego zestawu gratis firmowa pa\u0142eczka do miodu.<\/h3>\n<\/div>\n<\/div>\n<\/div>\n<div class=\"mpof_ki myre_zn myre_8v_l m389_6m_l\">\n<div class=\"mp4t_16_s mryx_16_s mr3m_1 mli2_1 mh85_56 mh85_0_l\">\n<div class=\"mg9e_8 mj7a_8 mg9e_0_s mvrt_0_s mj7a_0_s mh36_0_s mzmg_6m munh_16_l m3h2_16_l\">\n<div class=\"mp4t_0 mryx_0 munh_56 m3h2_56\">\n<div class=\"mp7g_oh\"><\/div>\n<\/div>\n<\/div>\n<\/div>\n<\/div>\n<div class=\"mpof_ki myre_zn myre_8v_l m389_6m_l\">\n<div class=\"mp4t_16_s mryx_16_s mr3m_1 mli2_1 mh85_56 mh85_0_l\">\n<div class=\"mgn2_16 _0d3bd_am0a-\">\n<h3>Dlaczego mi\u00f3d nie ma daty wa\u017cno\u015bci?<\/h3>\n<p>Mi\u00f3d jest jednym z najbardziej trwa\u0142ych produkt\u00f3w spo\u017cywczych. Dzi\u0119ki swoim unikalnym w\u0142a\u015bciwo\u015bciom antybakteryjnym, niskiej wilgotno\u015bci i wysokiej zawarto\u015bci cukr\u00f3w, praktycznie si\u0119 nie psuje. Chocia\u017c producenci s\u0105 zobowi\u0105zani do umieszczania daty przydatno\u015bci do spo\u017cycia (zwykle sugeruj\u0105cej spo\u017cycie miodu w ci\u0105gu 3 lat od produkcji), prawid\u0142owo przechowywany mi\u00f3d mo\u017ce by\u0107 jadalny przez wiele lat.<\/p>\n<\/div>\n<\/div>\n<\/div>\n<div class=\"mpof_ki myre_zn myre_8v_l m389_6m_l\">\n<div class=\"mp4t_16_s mryx_16_s mr3m_1 mli2_1 mh85_56 mh85_0_l\">\n<div class=\"mgn2_16 _0d3bd_am0a-\">\n<h3>Zasady prawid\u0142owego przechowywania miodu:<\/h3>\n<p>Aby mi\u00f3d zachowa\u0142 swoje w\u0142a\u015bciwo\u015bci jak najd\u0142u\u017cej, nale\u017cy go przechowywa\u0107 w odpowiednich warunkach:<\/p>\n<ul>\n<li><b>Temperatura:<\/b>\u00a0Optymalna temperatura to od 10 do 20\u00b0C. Zbyt niska temperatura, np. w lod\u00f3wce, mo\u017ce prowadzi\u0107 do krystalizacji miodu, co jest naturalnym procesem, ale mo\u017ce utrudnia\u0107 jego u\u017cycie. Z kolei zbyt wysoka temperatura mo\u017ce powodowa\u0107 utrat\u0119 cennych enzym\u00f3w i witamin.<\/li>\n<li><b>Miejsce:<\/b>\u00a0Mi\u00f3d najlepiej przechowywa\u0107 w ch\u0142odnym, ciemnym miejscu, z dala od bezpo\u015bredniego \u015bwiat\u0142a s\u0142onecznego. \u015awiat\u0142o i wysoka temperatura przyspieszaj\u0105 proces utleniania, co mo\u017ce wp\u0142yn\u0105\u0107 na jako\u015b\u0107 miodu.<\/li>\n<li><b>Opakowanie:<\/b>\u00a0Mi\u00f3d powinien by\u0107 przechowywany w szczelnie zamkni\u0119tych pojemnikach \u2013 najlepiej w szklanych s\u0142oikach z dopasowan\u0105 pokrywk\u0105. S\u0142oiki musz\u0105 by\u0107 czyste, suche i szczelnie zamkni\u0119te, aby zapobiec dost\u0119powi wilgoci i powietrza, kt\u00f3re mog\u0105 pogorszy\u0107 jego jako\u015b\u0107.<\/li>\n<\/ul>\n<\/div>\n<\/div>\n<\/div>\n<div class=\"mpof_ki myre_zn myre_8v_l m389_6m_l\">\n<div class=\"mp4t_16_s mryx_16_s mr3m_1 mli2_1 mh85_56 mh85_0_l\">\n<div class=\"mgn2_16 _0d3bd_am0a-\">\n<h3>Nasze inne produkty:<\/h3>\n<p>W naszej ofercie znajd\u0105 Pa\u0144stwo inne odmiany miod\u00f3w, takie jak: spadziowy, wrzosowy, akacjowy, faceliowy, gryczany, le\u015bny, lipowy. Wszystkie nasze miody dost\u0119pne s\u0105 w r\u00f3\u017cnych gramaturach: 250g, 400g, 600g i 1200g.<\/p>\n<\/div>\n<\/div>\n<\/div>\n<div class=\"mpof_ki myre_zn myre_8v_l m389_6m_l\">\n<div class=\"mp4t_16_s mryx_16_s mr3m_1 mli2_1 mh85_56 mh85_0_l\">\n<div class=\"mgn2_16 _0d3bd_am0a-\">\n<h3>Nasza pasieka:<\/h3>\n<p>Zapraszamy do zakupu wyj\u0105tkowego,\u00a0<b>ekologicznego<\/b>\u00a0<b>miodu<\/b>\u00a0z naszej rodzinnej pasieki w miejscowo\u015bci Drwinia, po\u0142o\u017conej na terenach ekologicznych Puszczy Niepo\u0142omickiej oraz w Rezerwacie Przyrody.<\/p>\n<p>Nasza pasieka znajduje si\u0119 r\u00f3wnie\u017c w kompleksie las\u00f3w jod\u0142owych na Pog\u00f3rzu Ci\u0119\u017ckowicko-Ro\u017cnowskim, co gwarantuje czysto\u015b\u0107 i najwy\u017csz\u0105 jako\u015b\u0107 pozyskiwanych produkt\u00f3w.<\/p>\n<p><b>Mi\u00f3d<\/b>, kt\u00f3ry oferujemy, to wynik pracy pszcz\u00f3\u0142, kt\u00f3re zbieraj\u0105 nektar z kwiat\u00f3w na nieska\u017conych terenach, daleko od zanieczyszcze\u0144 przemys\u0142owych. Nasza pasieka pozwala na pozyskiwanie r\u00f3\u017cnorodnych produkt\u00f3w pszczelich przez ca\u0142y sezon \u2013 od wczesnej wiosny a\u017c do p\u00f3\u017anej jesieni.<\/p>\n<\/div>\n<\/div>\n<\/div>\n<div class=\"mpof_ki myre_zn myre_8v_l m389_6m_l\">\n<div class=\"mp4t_16_s mryx_16_s mr3m_1 mli2_1 mh85_56 mh85_0_l\">\n<div class=\"mgn2_16 _0d3bd_am0a-\">\n<p>Kupuj\u0105c mi\u00f3d z Pasieki Niepo\u0142omice, wybierasz nie tylko produkt o wyj\u0105tkowym smaku i zdrowotnych w\u0142a\u015bciwo\u015bciach, ale tak\u017ce wspierasz lokalnych pszczelarzy, kt\u00f3rzy z pasj\u0105 i trosk\u0105 dbaj\u0105 o naturalne \u015brodowisko oraz swoje pszczo\u0142y. <b>Do\u0142\u0105cz do grona zadowolonych klient\u00f3w i ciesz si\u0119 smakiem natury zamkni\u0119tym w s\u0142oiku!<\/b><\/p>\n<\/div>\n<\/div>\n<\/div>\n","protected":false},"excerpt":{"rendered":"<p>ZESTAW MI\u00d3D AKACJOWY, SPADZIOWY, LIPOWY NATURALNY EKOLOGICZNY POLSKI 3x50g \u015aWIE\u017bY z PASIEKI POR\u0118BSKI Pasieka jest pod sta\u0142\u0105 kontrol\u0105 powiatowego lekarza weterynarii. Numer weterynaryjny pasieki: PL12015289. Odkryj wyj\u0105tkowy zestaw naturalnych miod\u00f3w: akacjowy, spadziowy i lipowy, kt\u00f3ry pozwoli Ci cieszy\u0107 si\u0119 r\u00f3\u017cnorodnymi smakami oraz korzy\u015bciami zdrowotnymi p\u0142yn\u0105cymi z ka\u017cdego s\u0142oiczka. Idealny jako prezent lub do codziennego u\u017cytku,<a href=\"https:\/\/niepolomickibartnik.pl\/en\/product\/zestaw-prezentowy-miod-3x50g-smakowy-polski-z-pasieki-porebski-naturaln\/\">Continue reading <span class=\"sr-only\">&#8220;Prezentowy zestaw miod\u00f3w 3x50g&#8221;<\/span><\/a><\/p>\n","protected":false},"featured_media":6131,"template":"","meta":{"_acf_changed":false},"product_brand":[],"product_cat":[19],"product_tag":[],"class_list":{"0":"post-80","1":"product","2":"type-product","3":"status-publish","4":"has-post-thumbnail","6":"product_cat-zestawy-prezentowe","8":"first","9":"instock","10":"shipping-taxable","11":"purchasable","12":"product-type-simple"},"acf":[],"_links":{"self":[{"href":"https:\/\/niepolomickibartnik.pl\/en\/wp-json\/wp\/v2\/product\/80","targetHints":{"allow":["GET"]}}],"collection":[{"href":"https:\/\/niepolomickibartnik.pl\/en\/wp-json\/wp\/v2\/product"}],"about":[{"href":"https:\/\/niepolomickibartnik.pl\/en\/wp-json\/wp\/v2\/types\/product"}],"wp:featuredmedia":[{"embeddable":true,"href":"https:\/\/niepolomickibartnik.pl\/en\/wp-json\/wp\/v2\/media\/6131"}],"wp:attachment":[{"href":"https:\/\/niepolomickibartnik.pl\/en\/wp-json\/wp\/v2\/media?parent=80"}],"wp:term":[{"taxonomy":"product_brand","embeddable":true,"href":"https:\/\/niepolomickibartnik.pl\/en\/wp-json\/wp\/v2\/product_brand?post=80"},{"taxonomy":"product_cat","embeddable":true,"href":"https:\/\/niepolomickibartnik.pl\/en\/wp-json\/wp\/v2\/product_cat?post=80"},{"taxonomy":"product_tag","embeddable":true,"href":"https:\/\/niepolomickibartnik.pl\/en\/wp-json\/wp\/v2\/product_tag?post=80"}],"curies":[{"name":"wp","href":"https:\/\/api.w.org\/{rel}","templated":true}]}}