{"id":78,"date":"2024-11-29T19:19:43","date_gmt":"2024-11-29T19:19:43","guid":{"rendered":"https:\/\/niepolomickibartnik.pl\/?post_type=product&#038;p=78"},"modified":"2025-08-28T10:10:30","modified_gmt":"2025-08-28T10:10:30","slug":"miod-nawlociowy-naturalny-ekologiczny-polski-12kg-swiezy-pasieka-porebski","status":"publish","type":"product","link":"https:\/\/niepolomickibartnik.pl\/en\/product\/miod-nawlociowy-naturalny-ekologiczny-polski-12kg-swiezy-pasieka-porebski\/","title":{"rendered":"Mi\u00f3d naw\u0142ociowy 1,2kg"},"content":{"rendered":"<p><\/p>\n<div class=\"mpof_ki myre_zn myre_8v_l m389_6m_l\">\n<div class=\"mp4t_16_s mryx_16_s mr3m_1 mli2_1 mh85_56 mh85_0_l\">\n<div class=\"mgn2_16 _0d3bd_am0a-\">\n<h3>Naturalny Mi\u00f3d Naw\u0142ociowy 1,2 kg &#8211; \u015awie\u017cy Zbi\u00f3r 2024 z Pasieki Niepo\u0142omice &#8211; Polska<\/h3>\n<p>Pasieka jest pod sta\u0142\u0105 kontrol\u0105 powiatowego lekarza weterynarii. Numer weterynaryjny pasieki: PL12015289.<\/p>\n<\/div>\n<\/div>\n<\/div>\n<div class=\"mpof_ki myre_zn myre_8v_l m389_6m_l\">\n<div class=\"mp4t_16_s mryx_16_s mr3m_1 mli2_1 mh85_56 mh85_0_l\">\n<div class=\"mgn2_16 _0d3bd_am0a-\">\n<p>Poznaj wyj\u0105tkowy smak i w\u0142a\u015bciwo\u015bci zdrowotne\u00a0<b>miodu naw\u0142ociowego<\/b>, kt\u00f3ry zosta\u0142 zebrany z Niep\u0142omickich p\u00f3l naw\u0142oci. To produkt o niezwyk\u0142ym z\u0142ocistym kolorze i delikatnym aromacie, kt\u00f3ry od wiek\u00f3w ceniony jest za swoje prozdrowotne w\u0142a\u015bciwo\u015bci.<\/p>\n<\/div>\n<\/div>\n<\/div>\n<div class=\"mpof_ki myre_zn myre_8v_l m389_6m_l\">\n<div class=\"mp4t_16_s mryx_16_s mr3m_1 mli2_1 mh85_56 mh85_0_l\">\n<div class=\"mgn2_16 _0d3bd_am0a-\">\n<h3>Korzy\u015bci zdrowotne miodu Naw\u0142ociowego:<\/h3>\n<ul>\n<li><b>\u2705 Wspiera uk\u0142ad moczowy<\/b>: Mi\u00f3d naw\u0142ociowy znany jest ze swoich w\u0142a\u015bciwo\u015bci wspomagaj\u0105cych funkcjonowanie uk\u0142adu moczowego, co czyni go naturalnym \u015brodkiem o dzia\u0142aniu moczop\u0119dnym<\/li>\n<li><b>\u2705 Wzmacnia odporno\u015b\u0107<\/b>: Zawiera liczne przeciwutleniacze i sk\u0142adniki mineralne, kt\u00f3re wzmacniaj\u0105 uk\u0142ad odporno\u015bciowy, wspomagaj\u0105c walk\u0119 z infekcjami<\/li>\n<li><b>\u2705 Dzia\u0142a przeciwzapalnie i antybakteryjnie<\/b>: Doskona\u0142y wyb\u00f3r przy przezi\u0119bieniach i infekcjach g\u00f3rnych dr\u00f3g oddechowych<\/li>\n<\/ul>\n<\/div>\n<\/div>\n<\/div>\n<div class=\"mpof_ki myre_zn myre_8v_l m389_6m_l\">\n<div class=\"mp4t_16_s mryx_16_s mr3m_1 mli2_1 mh85_56 mh85_0_l\">\n<div class=\"mgn2_16 _0d3bd_am0a-\">\n<h3>Cechy miodu naw\u0142ociowego:<\/h3>\n<ul>\n<li><b>\u2764\ufe0f Naturalny mi\u00f3d<\/b>\u00a0\u2013 zbierany na czystych, ekologicznych terenach malowniczych Niepo\u0142omic w wojew\u00f3dztwie ma\u0142opolskim<\/li>\n<li><b>\u27a1\ufe0f Starannie zapakowany<\/b>\u00a0\u2013 dok\u0142adamy wszelkich stara\u0144, aby mi\u00f3d dotar\u0142 do Ciebie w nienaruszonym stanie<\/li>\n<li><b>\u2764\ufe0f Pojemny s\u0142oik<\/b>\u00a0\u2013 a\u017c 1,2 kg miodu, idealny do codziennego spo\u017cycia<\/li>\n<li><b>\u27a1\ufe0f Zbi\u00f3r z 2024 roku<\/b>\u00a0\u2013 \u015bwie\u017co\u015b\u0107 i najwy\u017csza jako\u015b\u0107 gwarantowane<\/li>\n<li><b>\u2764\ufe0f\u00a0<\/b><b>Kolor<\/b>: Pi\u0119kna, jasnoz\u0142ota barwa, kt\u00f3ra z czasem przechodzi w intensywniejsze odcienie w wyniku naturalnej krystalizacji<\/li>\n<li><b>\u27a1\ufe0f Smak<\/b>: \u0141agodnie s\u0142odki, z delikatn\u0105 nut\u0105 zio\u0142owo-cytrusow\u0105, charakterystyczn\u0105 dla kwiat\u00f3w naw\u0142oci<\/li>\n<li><b>\u2764\ufe0f Konsystencja<\/b>: Pocz\u0105tkowo p\u0142ynny, z czasem ulega naturalnej krystalizacji, co \u015bwiadczy o jego naturalno\u015bci i wysokiej jako\u015bci<\/li>\n<\/ul>\n<\/div>\n<\/div>\n<div class=\"mp4t_16_s mryx_16_s mr3m_1 mli2_1 mh85_56 mh85_0_l\">\n<div class=\"mg9e_8 mj7a_8 mg9e_0_s mvrt_0_s mj7a_0_s mh36_0_s mzmg_6m munh_16_l m3h2_16_l\"><\/div>\n<\/div>\n<\/div>\n<div class=\"mpof_ki myre_zn myre_8v_l m389_6m_l\">\n<div class=\"mp4t_16_s mryx_16_s mr3m_1 mli2_1 mh85_56 mh85_0_l\">\n<div class=\"mg9e_8 mj7a_8 mg9e_0_s mvrt_0_s mj7a_0_s mh36_0_s mzmg_6m munh_16_l m3h2_16_l\"><\/div>\n<\/div>\n<div class=\"mp4t_16_s mryx_16_s mr3m_1 mli2_1 mh85_56 mh85_0_l\">\n<div class=\"mgn2_16 _0d3bd_am0a-\">\n<h3>Zastosowanie:<\/h3>\n<ol>\n<li><b>\u2705 Do napoj\u00f3w<\/b>: Idealny jako dodatek do herbaty, ciep\u0142ej wody z cytryn\u0105, a tak\u017ce koktajli owocowych<\/li>\n<li><b>\u2705 Do potraw<\/b>: \u015awietnie sprawdza si\u0119 jako s\u0142odzik do jogurt\u00f3w, musli, owsianek czy deser\u00f3w<\/li>\n<li><b>\u2705 Do wypiek\u00f3w<\/b>: Mo\u017ce by\u0107 stosowany jako naturalny zamiennik cukru w ciastach i innych wypiekach<\/li>\n<\/ol>\n<\/div>\n<\/div>\n<\/div>\n<div class=\"mpof_ki myre_zn myre_8v_l m389_6m_l\">\n<div class=\"mp4t_16_s mryx_16_s mr3m_1 mli2_1 mh85_56 mh85_0_l\">\n<div class=\"mgn2_16 _0d3bd_am0a-\">\n<h3>Do ka\u017cdego zam\u00f3wienia gratis firmowa pa\u0142eczka do miodu.<\/h3>\n<\/div>\n<\/div>\n<\/div>\n<div class=\"mpof_ki myre_zn myre_8v_l m389_6m_l\">\n<div class=\"mp4t_16_s mryx_16_s mr3m_1 mli2_1 mh85_56 mh85_0_l\">\n<div class=\"mgn2_16 _0d3bd_am0a-\">\n<h3>Dlaczego mi\u00f3d naw\u0142ociowy nie ma daty wa\u017cno\u015bci?<\/h3>\n<p>Mi\u00f3d jest jednym z najbardziej trwa\u0142ych produkt\u00f3w spo\u017cywczych. Dzi\u0119ki swoim unikalnym w\u0142a\u015bciwo\u015bciom antybakteryjnym, niskiej wilgotno\u015bci i wysokiej zawarto\u015bci cukr\u00f3w, praktycznie si\u0119 nie psuje. Chocia\u017c producenci s\u0105 zobowi\u0105zani do umieszczania daty przydatno\u015bci do spo\u017cycia (zwykle sugeruj\u0105cej spo\u017cycie miodu w ci\u0105gu 3 lat od produkcji), prawid\u0142owo przechowywany mi\u00f3d mo\u017ce by\u0107 jadalny przez wiele lat.<\/p>\n<\/div>\n<\/div>\n<\/div>\n<div class=\"mpof_ki myre_zn myre_8v_l m389_6m_l\">\n<div class=\"mp4t_16_s mryx_16_s mr3m_1 mli2_1 mh85_56 mh85_0_l\">\n<div class=\"mgn2_16 _0d3bd_am0a-\">\n<p><b>Zasady prawid\u0142owego przechowywania miodu:<\/b><\/p>\n<p>Aby mi\u00f3d zachowa\u0142 swoje w\u0142a\u015bciwo\u015bci jak najd\u0142u\u017cej, nale\u017cy go przechowywa\u0107 w odpowiednich warunkach:<\/p>\n<ul>\n<li><b>Temperatura:<\/b>\u00a0Optymalna temperatura to od 10 do 20\u00b0C. Zbyt niska temperatura, np. w lod\u00f3wce, mo\u017ce prowadzi\u0107 do krystalizacji miodu, co jest naturalnym procesem, ale mo\u017ce utrudnia\u0107 jego u\u017cycie. Z kolei zbyt wysoka temperatura mo\u017ce powodowa\u0107 utrat\u0119 cennych enzym\u00f3w i witamin.<\/li>\n<li><b>Miejsce:<\/b>\u00a0Mi\u00f3d najlepiej przechowywa\u0107 w ch\u0142odnym, ciemnym miejscu, z dala od bezpo\u015bredniego \u015bwiat\u0142a s\u0142onecznego. \u015awiat\u0142o i wysoka temperatura przyspieszaj\u0105 proces utleniania, co mo\u017ce wp\u0142yn\u0105\u0107 na jako\u015b\u0107 miodu.<\/li>\n<li><b>Opakowanie:<\/b>\u00a0Mi\u00f3d powinien by\u0107 przechowywany w szczelnie zamkni\u0119tych pojemnikach \u2013 najlepiej w szklanych s\u0142oikach z dopasowan\u0105 pokrywk\u0105. S\u0142oiki musz\u0105 by\u0107 czyste, suche i szczelnie zamkni\u0119te, aby zapobiec dost\u0119powi wilgoci i powietrza, kt\u00f3re mog\u0105 pogorszy\u0107 jego jako\u015b\u0107.<\/li>\n<\/ul>\n<\/div>\n<\/div>\n<div class=\"mp4t_16_s mryx_16_s mr3m_1 mli2_1 mh85_56 mh85_0_l\">\n<div class=\"mg9e_8 mj7a_8 mg9e_0_s mvrt_0_s mj7a_0_s mh36_0_s mzmg_6m munh_16_l m3h2_16_l\"><\/div>\n<\/div>\n<\/div>\n<div class=\"mpof_ki myre_zn myre_8v_l m389_6m_l\">\n<div class=\"mp4t_16_s mryx_16_s mr3m_1 mli2_1 mh85_56 mh85_0_l\">\n<div class=\"mgn2_16 _0d3bd_am0a-\">\n<h3>Nasze inne produkty:<\/h3>\n<p>Opr\u00f3cz miodu lipowego, w naszej ofercie znajd\u0105 Pa\u0144stwo inne odmiany miod\u00f3w, takie jak: spadziowy, wielokwiatowy, wrzosowy, akacjowy, faceliowy, gryczany, le\u015bny, lipowy, rzepakowy. Wszystkie nasze miody dost\u0119pne s\u0105 w r\u00f3\u017cnych gramaturach: 250g, 400g, 600g i 1200g.<\/p>\n<\/div>\n<\/div>\n<\/div>\n<div class=\"mpof_ki myre_zn myre_8v_l m389_6m_l\">\n<div class=\"mp4t_16_s mryx_16_s mr3m_1 mli2_1 mh85_56 mh85_0_l\">\n<div class=\"mgn2_16 _0d3bd_am0a-\">\n<h3>Nasza pasieka:<\/h3>\n<p>Zapraszamy do zakupu wyj\u0105tkowego,\u00a0<b>ekologicznego<\/b>\u00a0<b>miodu lipowego<\/b>\u00a0z naszej rodzinnej pasieki w miejscowo\u015bci Drwinia, po\u0142o\u017conej na terenach ekologicznych Puszczy Niepo\u0142omickiej oraz w Rezerwacie Przyrody.<\/p>\n<p>Nasza pasieka znajduje si\u0119 r\u00f3wnie\u017c w kompleksie las\u00f3w jod\u0142owych na Pog\u00f3rzu Ci\u0119\u017ckowicko-Ro\u017cnowskim, co gwarantuje czysto\u015b\u0107 i najwy\u017csz\u0105 jako\u015b\u0107 pozyskiwanych produkt\u00f3w.<\/p>\n<p><b>Mi\u00f3d naw\u0142ociowy<\/b>, kt\u00f3ry oferujemy, to wynik pracy pszcz\u00f3\u0142, kt\u00f3re zbieraj\u0105 nektar z kwiat\u00f3w lipy na nieska\u017conych terenach, daleko od zanieczyszcze\u0144 przemys\u0142owych. Nasza pasieka pozwala na pozyskiwanie r\u00f3\u017cnorodnych produkt\u00f3w pszczelich przez ca\u0142y sezon \u2013 od wczesnej wiosny a\u017c do p\u00f3\u017anej jesieni.<\/p>\n<\/div>\n<\/div>\n<\/div>\n<div class=\"mpof_ki myre_zn myre_8v_l m389_6m_l\">\n<div class=\"mp4t_16_s mryx_16_s mr3m_1 mli2_1 mh85_56 mh85_0_l\">\n<div class=\"mgn2_16 _0d3bd_am0a-\">\n<p>Kupuj\u0105c mi\u00f3d naw\u0142ociowy z Pasieki Niepo\u0142omice, wybierasz nie tylko produkt o wyj\u0105tkowym smaku i zdrowotnych w\u0142a\u015bciwo\u015bciach, ale tak\u017ce wspierasz lokalnych pszczelarzy, kt\u00f3rzy z pasj\u0105 i trosk\u0105 dbaj\u0105 o naturalne \u015brodowisko oraz swoje pszczo\u0142y.\u00a0<b>Do\u0142\u0105cz do grona zadowolonych klient\u00f3w i ciesz si\u0119 smakiem natury zamkni\u0119tym w s\u0142oiku!<\/b><\/p>\n<\/div>\n<\/div>\n<div class=\"mp4t_16_s mryx_16_s mr3m_1 mli2_1 mh85_56 mh85_0_l\">\n<div class=\"mg9e_8 mj7a_8 mg9e_0_s mvrt_0_s mj7a_0_s mh36_0_s mzmg_6m munh_16_l m3h2_16_l\">\n<div class=\"mp4t_0 mryx_0 munh_56 m3h2_56\"><\/div>\n<\/div>\n<\/div>\n<\/div>\n<p><\/p>","protected":false},"excerpt":{"rendered":"<p>Naturalny Mi\u00f3d Naw\u0142ociowy 1,2 kg &#8211; \u015awie\u017cy Zbi\u00f3r 2024 z Pasieki Niepo\u0142omice &#8211; Polska Pasieka jest pod sta\u0142\u0105 kontrol\u0105 powiatowego lekarza weterynarii. Numer weterynaryjny pasieki: PL12015289. Poznaj wyj\u0105tkowy smak i w\u0142a\u015bciwo\u015bci zdrowotne\u00a0miodu naw\u0142ociowego, kt\u00f3ry zosta\u0142 zebrany z Niep\u0142omickich p\u00f3l naw\u0142oci. To produkt o niezwyk\u0142ym z\u0142ocistym kolorze i delikatnym aromacie, kt\u00f3ry od wiek\u00f3w ceniony jest za<a href=\"https:\/\/niepolomickibartnik.pl\/en\/product\/miod-nawlociowy-naturalny-ekologiczny-polski-12kg-swiezy-pasieka-porebski\/\">Continue reading <span class=\"sr-only\">&#8220;Mi\u00f3d naw\u0142ociowy 1,2kg&#8221;<\/span><\/a><\/p>\n","protected":false},"featured_media":128,"template":"","meta":{"_acf_changed":false},"product_brand":[],"product_cat":[18],"product_tag":[],"class_list":{"0":"post-78","1":"product","2":"type-product","3":"status-publish","4":"has-post-thumbnail","6":"product_cat-miody","8":"first","9":"instock","10":"shipping-taxable","11":"purchasable","12":"product-type-simple"},"acf":[],"_links":{"self":[{"href":"https:\/\/niepolomickibartnik.pl\/en\/wp-json\/wp\/v2\/product\/78","targetHints":{"allow":["GET"]}}],"collection":[{"href":"https:\/\/niepolomickibartnik.pl\/en\/wp-json\/wp\/v2\/product"}],"about":[{"href":"https:\/\/niepolomickibartnik.pl\/en\/wp-json\/wp\/v2\/types\/product"}],"wp:featuredmedia":[{"embeddable":true,"href":"https:\/\/niepolomickibartnik.pl\/en\/wp-json\/wp\/v2\/media\/128"}],"wp:attachment":[{"href":"https:\/\/niepolomickibartnik.pl\/en\/wp-json\/wp\/v2\/media?parent=78"}],"wp:term":[{"taxonomy":"product_brand","embeddable":true,"href":"https:\/\/niepolomickibartnik.pl\/en\/wp-json\/wp\/v2\/product_brand?post=78"},{"taxonomy":"product_cat","embeddable":true,"href":"https:\/\/niepolomickibartnik.pl\/en\/wp-json\/wp\/v2\/product_cat?post=78"},{"taxonomy":"product_tag","embeddable":true,"href":"https:\/\/niepolomickibartnik.pl\/en\/wp-json\/wp\/v2\/product_tag?post=78"}],"curies":[{"name":"wp","href":"https:\/\/api.w.org\/{rel}","templated":true}]}}