{"id":61,"date":"2024-11-29T19:19:41","date_gmt":"2024-11-29T19:19:41","guid":{"rendered":"https:\/\/niepolomickibartnik.pl\/?post_type=product&#038;p=61"},"modified":"2025-08-28T10:48:42","modified_gmt":"2025-08-28T10:48:42","slug":"miod-lesny-naturalny-ekologiczny-polski-12kg-swiezy-z-pasieki-porebski","status":"publish","type":"product","link":"https:\/\/niepolomickibartnik.pl\/en\/product\/miod-lesny-naturalny-ekologiczny-polski-12kg-swiezy-z-pasieki-porebski\/","title":{"rendered":"Mi\u00f3d le\u015bny 1,2kg"},"content":{"rendered":"<p><\/p>\n<div class=\"mpof_ki myre_zn myre_8v_l m389_6m_l\">\n<div class=\"mp4t_16_s mryx_16_s mr3m_1 mli2_1 mh85_56 mh85_0_l\">\n<div class=\"mgn2_16 _0d3bd_am0a-\">\n<h3>MI\u00d3D LE\u015aNY NATURALNY EKOLOGICZNY POLSKI 1,2kg \u015aWIE\u017bY z PASIEKI POR\u0118BSKI<\/h3>\n<p>Pasieka jest pod sta\u0142\u0105 kontrol\u0105 powiatowego lekarza weterynarii. Numer weterynaryjny pasieki: PL12015289.<\/p>\n<\/div>\n<\/div>\n<\/div>\n<div class=\"mpof_ki myre_zn myre_8v_l m389_6m_l\">\n<div class=\"mp4t_16_s mryx_16_s mr3m_1 mli2_1 mh85_56 mh85_0_l\">\n<div class=\"mgn2_16 _0d3bd_am0a-\">\n<h3>Najwa\u017cniejsze cechy:<\/h3>\n<ul>\n<li><b>\u2705 100% naturalny i surowy<\/b>: Mi\u00f3d nie jest poddawany procesom obr\u00f3bki termicznej, dzi\u0119ki czemu zachowuje wszystkie swoje w\u0142a\u015bciwo\u015bci zdrowotne, enzymy i naturalne sk\u0142adniki od\u017cywcze.<\/li>\n<li><b>\u2705 Po\u0142\u0105czenie nektaru i spadzi<\/b>: Ten mi\u00f3d \u0142\u0105czy w sobie unikalne w\u0142a\u015bciwo\u015bci zar\u00f3wno nektaru kwiat\u00f3w dziko rosn\u0105cych ro\u015blin, takich jak maliny, je\u017cyny i lipa, jak i spadzi drzew iglastych, g\u0142\u00f3wnie sosny i \u015bwierku. Dzi\u0119ki temu ma on bogaty, wielowymiarowy smak, kt\u00f3ry jest s\u0142odki, a jednocze\u015bnie lekko \u017cywiczny.<\/li>\n<li><b>\u2705 Bogactwo sk\u0142adnik\u00f3w od\u017cywczych<\/b>: Mi\u00f3d le\u015bny zawiera mn\u00f3stwo witamin (g\u0142\u00f3wnie z grupy B), minera\u0142\u00f3w (magnez, potas, \u017celazo, wap\u0144), a tak\u017ce przeciwutleniaczy, kt\u00f3re pomagaj\u0105 w walce z wolnymi rodnikami, op\u00f3\u017aniaj\u0105c procesy starzenia oraz wspomagaj\u0105c uk\u0142ad odporno\u015bciowy.<b><\/b><\/li>\n<\/ul>\n<\/div>\n<\/div>\n<\/div>\n<div class=\"mpof_ki myre_zn myre_8v_l m389_6m_l\">\n<div class=\"mp4t_16_s mryx_16_s mr3m_1 mli2_1 mh85_56 mh85_0_l\">\n<div class=\"mgn2_16 _0d3bd_am0a-\">\n<ul>\n<li><b>\u2705 Wyj\u0105tkowy smak i aromat<\/b>: Jego smak to harmonia s\u0142odyczy nektaru oraz lekkiej \u017cywiczno\u015bci spadzi, z nutami le\u015bnych zi\u00f3\u0142, malin, kruszyny i je\u017cyn. Aromat przywodzi na my\u015bl le\u015bne powietrze, pe\u0142ne \u015bwie\u017co\u015bci i dzikiej ro\u015blinno\u015bci. To prawdziwa uczta dla podniebienia, idealna dla smakoszy ceni\u0105cych naturalne i unikalne produkty spo\u017cywcze.<\/li>\n<li><b>\u2705 Prozdrowotne w\u0142a\u015bciwo\u015bci<\/b>: Mi\u00f3d le\u015bny spadziowy to naturalne wsparcie dla uk\u0142adu oddechowego i kr\u0105\u017ceniowego. Dzi\u0119ki swoim w\u0142a\u015bciwo\u015bciom przeciwbakteryjnym i przeciwzapalnym, pomaga w walce z infekcjami dr\u00f3g oddechowych, wspomaga prac\u0119 serca i uk\u0142ad krwiono\u015bny, a tak\u017ce poprawia og\u00f3ln\u0105 kondycj\u0119 organizmu. Zawarte w nim antyoksydanty chroni\u0105 przed stresem oksydacyjnym i szkodliwym dzia\u0142aniem wolnych rodnik\u00f3w.<\/li>\n<\/ul>\n<\/div>\n<\/div>\n<div class=\"mp4t_16_s mryx_16_s mr3m_1 mli2_1 mh85_56 mh85_0_l\">\n<div class=\"mg9e_8 mj7a_8 mg9e_0_s mvrt_0_s mj7a_0_s mh36_0_s mzmg_6m munh_16_l m3h2_16_l\"><\/div>\n<\/div>\n<\/div>\n<div class=\"mpof_ki myre_zn myre_8v_l m389_6m_l\">\n<div class=\"mp4t_16_s mryx_16_s mr3m_1 mli2_1 mh85_56 mh85_0_l\">\n<div class=\"mgn2_16 _0d3bd_am0a-\">\n<h3>Dlaczego mi\u00f3d le\u015bny nie ma daty wa\u017cno\u015bci?<\/h3>\n<p>Mi\u00f3d jest jednym z najbardziej trwa\u0142ych produkt\u00f3w spo\u017cywczych. Dzi\u0119ki swoim unikalnym w\u0142a\u015bciwo\u015bciom antybakteryjnym, niskiej wilgotno\u015bci i wysokiej zawarto\u015bci cukr\u00f3w, praktycznie si\u0119 nie psuje. Chocia\u017c producenci s\u0105 zobowi\u0105zani do umieszczania daty przydatno\u015bci do spo\u017cycia (zwykle sugeruj\u0105cej spo\u017cycie miodu w ci\u0105gu 3 lat od produkcji), prawid\u0142owo przechowywany mi\u00f3d mo\u017ce by\u0107 jadalny przez wiele lat.<\/p>\n<\/div>\n<\/div>\n<\/div>\n<div class=\"mpof_ki myre_zn myre_8v_l m389_6m_l\">\n<div class=\"mp4t_16_s mryx_16_s mr3m_1 mli2_1 mh85_56 mh85_0_l\">\n<div class=\"mgn2_16 _0d3bd_am0a-\">\n<p><b>Zasady prawid\u0142owego przechowywania miodu:<\/b><\/p>\n<p>Aby mi\u00f3d zachowa\u0142 swoje w\u0142a\u015bciwo\u015bci jak najd\u0142u\u017cej, nale\u017cy go przechowywa\u0107 w odpowiednich warunkach:<\/p>\n<ul>\n<li><b>Temperatura:<\/b>\u00a0Optymalna temperatura to od 10 do 20\u00b0C. Zbyt niska temperatura, np. w lod\u00f3wce, mo\u017ce prowadzi\u0107 do krystalizacji miodu, co jest naturalnym procesem, ale mo\u017ce utrudnia\u0107 jego u\u017cycie. Z kolei zbyt wysoka temperatura mo\u017ce powodowa\u0107 utrat\u0119 cennych enzym\u00f3w i witamin.<\/li>\n<li><b>Miejsce:<\/b>\u00a0Mi\u00f3d najlepiej przechowywa\u0107 w ch\u0142odnym, ciemnym miejscu, z dala od bezpo\u015bredniego \u015bwiat\u0142a s\u0142onecznego. \u015awiat\u0142o i wysoka temperatura przyspieszaj\u0105 proces utleniania, co mo\u017ce wp\u0142yn\u0105\u0107 na jako\u015b\u0107 miodu.<\/li>\n<li><b>Opakowanie:<\/b>\u00a0Mi\u00f3d powinien by\u0107 przechowywany w szczelnie zamkni\u0119tych pojemnikach \u2013 najlepiej w szklanych s\u0142oikach z dopasowan\u0105 pokrywk\u0105. S\u0142oiki musz\u0105 by\u0107 czyste, suche i szczelnie zamkni\u0119te, aby zapobiec dost\u0119powi wilgoci i powietrza, kt\u00f3re mog\u0105 pogorszy\u0107 jego jako\u015b\u0107.<\/li>\n<\/ul>\n<p><b>Do ka\u017cdego zam\u00f3wienia gratis firmowa pa\u0142eczka do miodu.<\/b><\/p>\n<\/div>\n<\/div>\n<\/div>\n<div class=\"mpof_ki myre_zn myre_8v_l m389_6m_l\">\n<div class=\"mp4t_16_s mryx_16_s mr3m_1 mli2_1 mh85_56 mh85_0_l\">\n<div class=\"mgn2_16 _0d3bd_am0a-\">\n<h3>Nasze inne produkty:<\/h3>\n<p>Opr\u00f3cz miodu le\u015bnego, w naszej ofercie znajd\u0105 Pa\u0144stwo inne odmiany miod\u00f3w, takie jak: spadziowy, wielokwiatowy, wrzosowy, akacjowy, faceliowy, gryczany, lipowy, rzepakowy. Wszystkie nasze miody dost\u0119pne s\u0105 w r\u00f3\u017cnych gramaturach: 250g, 400g, 600g i 1200g.<\/p>\n<\/div>\n<\/div>\n<\/div>\n<div class=\"mpof_ki myre_zn myre_8v_l m389_6m_l\">\n<div class=\"mp4t_16_s mryx_16_s mr3m_1 mli2_1 mh85_56 mh85_0_l\">\n<div class=\"mgn2_16 _0d3bd_am0a-\">\n<h3>Nasza pasieka:<\/h3>\n<p>Zapraszamy do zakupu wyj\u0105tkowego,\u00a0<b>ekologicznego<\/b>\u00a0<b>miodu le\u015bnego<\/b>\u00a0z naszej rodzinnej pasieki w miejscowo\u015bci Drwinia, po\u0142o\u017conej na terenach ekologicznych Puszczy Niepo\u0142omickiej oraz w Rezerwacie Przyrody.<\/p>\n<p>Nasza pasieka znajduje si\u0119 r\u00f3wnie\u017c w kompleksie las\u00f3w jod\u0142owych na Pog\u00f3rzu Ci\u0119\u017ckowicko-Ro\u017cnowskim, co gwarantuje czysto\u015b\u0107 i najwy\u017csz\u0105 jako\u015b\u0107 pozyskiwanych produkt\u00f3w.<\/p>\n<p><b>Mi\u00f3d le\u015bny<\/b>, kt\u00f3ry oferujemy, to wynik pracy pszcz\u00f3\u0142, kt\u00f3re zbieraj\u0105 nektar z kwiat\u00f3w na nieska\u017conych terenach, daleko od zanieczyszcze\u0144 przemys\u0142owych. Nasza pasieka pozwala na pozyskiwanie r\u00f3\u017cnorodnych produkt\u00f3w pszczelich przez ca\u0142y sezon \u2013 od wczesnej wiosny a\u017c do p\u00f3\u017anej jesieni.<\/p>\n<\/div>\n<\/div>\n<\/div>\n<div class=\"mpof_ki myre_zn myre_8v_l m389_6m_l\">\n<div class=\"mp4t_16_s mryx_16_s mr3m_1 mli2_1 mh85_56 mh85_0_l\">\n<div class=\"mgn2_16 _0d3bd_am0a-\">\n<p>Kupuj\u0105c mi\u00f3d le\u015bny z Pasieki Niepo\u0142omice, wybierasz nie tylko produkt o wyj\u0105tkowym smaku i zdrowotnych w\u0142a\u015bciwo\u015bciach, ale tak\u017ce wspierasz lokalnych pszczelarzy, kt\u00f3rzy z pasj\u0105 i trosk\u0105 dbaj\u0105 o naturalne \u015brodowisko oraz swoje pszczo\u0142y. <b>Do\u0142\u0105cz do grona zadowolonych klient\u00f3w i ciesz si\u0119 smakiem natury zamkni\u0119tym w s\u0142oiku!<\/b><\/p>\n<\/div>\n<\/div>\n<\/div>\n<p><\/p>","protected":false},"excerpt":{"rendered":"<p>MI\u00d3D LE\u015aNY NATURALNY EKOLOGICZNY POLSKI 1,2kg \u015aWIE\u017bY z PASIEKI POR\u0118BSKI Pasieka jest pod sta\u0142\u0105 kontrol\u0105 powiatowego lekarza weterynarii. Numer weterynaryjny pasieki: PL12015289. Najwa\u017cniejsze cechy: \u2705 100% naturalny i surowy: Mi\u00f3d nie jest poddawany procesom obr\u00f3bki termicznej, dzi\u0119ki czemu zachowuje wszystkie swoje w\u0142a\u015bciwo\u015bci zdrowotne, enzymy i naturalne sk\u0142adniki od\u017cywcze. \u2705 Po\u0142\u0105czenie nektaru i spadzi: Ten mi\u00f3d<a href=\"https:\/\/niepolomickibartnik.pl\/en\/product\/miod-lesny-naturalny-ekologiczny-polski-12kg-swiezy-z-pasieki-porebski\/\">Continue reading <span class=\"sr-only\">&#8220;Mi\u00f3d le\u015bny 1,2kg&#8221;<\/span><\/a><\/p>\n","protected":false},"featured_media":91,"template":"","meta":{"_acf_changed":false},"product_brand":[],"product_cat":[18],"product_tag":[],"class_list":{"0":"post-61","1":"product","2":"type-product","3":"status-publish","4":"has-post-thumbnail","6":"product_cat-miody","8":"first","9":"instock","10":"shipping-taxable","11":"purchasable","12":"product-type-simple"},"acf":[],"_links":{"self":[{"href":"https:\/\/niepolomickibartnik.pl\/en\/wp-json\/wp\/v2\/product\/61","targetHints":{"allow":["GET"]}}],"collection":[{"href":"https:\/\/niepolomickibartnik.pl\/en\/wp-json\/wp\/v2\/product"}],"about":[{"href":"https:\/\/niepolomickibartnik.pl\/en\/wp-json\/wp\/v2\/types\/product"}],"wp:featuredmedia":[{"embeddable":true,"href":"https:\/\/niepolomickibartnik.pl\/en\/wp-json\/wp\/v2\/media\/91"}],"wp:attachment":[{"href":"https:\/\/niepolomickibartnik.pl\/en\/wp-json\/wp\/v2\/media?parent=61"}],"wp:term":[{"taxonomy":"product_brand","embeddable":true,"href":"https:\/\/niepolomickibartnik.pl\/en\/wp-json\/wp\/v2\/product_brand?post=61"},{"taxonomy":"product_cat","embeddable":true,"href":"https:\/\/niepolomickibartnik.pl\/en\/wp-json\/wp\/v2\/product_cat?post=61"},{"taxonomy":"product_tag","embeddable":true,"href":"https:\/\/niepolomickibartnik.pl\/en\/wp-json\/wp\/v2\/product_tag?post=61"}],"curies":[{"name":"wp","href":"https:\/\/api.w.org\/{rel}","templated":true}]}}