{"id":60,"date":"2024-11-29T19:19:41","date_gmt":"2024-11-29T19:19:41","guid":{"rendered":"https:\/\/niepolomickibartnik.pl\/?post_type=product&#038;p=60"},"modified":"2025-11-28T11:40:59","modified_gmt":"2025-11-28T11:40:59","slug":"miod-lipowy-naturalny-ekologiczny-polski-12kg-swiezy-z-pasieki-porebski","status":"publish","type":"product","link":"https:\/\/niepolomickibartnik.pl\/en\/product\/miod-lipowy-naturalny-ekologiczny-polski-12kg-swiezy-z-pasieki-porebski\/","title":{"rendered":"Mi\u00f3d lipowy 1,2kg"},"content":{"rendered":"<p><\/p>\n<div class=\"mpof_ki myre_zn myre_8v_l m389_6m_l\">\n<div class=\"mp4t_16_s mryx_16_s mr3m_1 mli2_1 mh85_56 mh85_0_l\">\n<div class=\"mgn2_16 _0d3bd_am0a-\">\n<h3>Naturalny Mi\u00f3d Lipowy 1,2 kg &#8211; \u015awie\u017cy Zbi\u00f3r 2024 z Pasieki Niepo\u0142omice &#8211; Polska<\/h3>\n<p>Pasieka jest pod sta\u0142\u0105 kontrol\u0105 powiatowego lekarza weterynarii. Numer weterynaryjny pasieki: PL12015289.<\/p>\n<h3>Korzy\u015bci zdrowotne miodu lipowego:<\/h3>\n<\/div>\n<\/div>\n<\/div>\n<div class=\"mpof_ki myre_zn myre_8v_l m389_6m_l\">\n<div class=\"mp4t_16_s mryx_16_s mr3m_1 mli2_1 mh85_56 mh85_0_l\">\n<div class=\"mg9e_8 mj7a_8 mg9e_0_s mvrt_0_s mj7a_0_s mh36_0_s mzmg_6m munh_16_l m3h2_16_l\">\n<div class=\"mp4t_0 mryx_0 munh_56 m3h2_56\">\n<div class=\"mp7g_oh\"><\/div>\n<\/div>\n<\/div>\n<\/div>\n<div class=\"mp4t_16_s mryx_16_s mr3m_1 mli2_1 mh85_56 mh85_0_l\">\n<div class=\"mgn2_16 _0d3bd_am0a-\">\n<ul>\n<li><b>\u2705 Idealny na przezi\u0119bienia<\/b> \u2013 wspiera organizm w walce z gryp\u0105, przezi\u0119bieniami oraz chorobami o podwy\u017cszonej temperaturze<\/li>\n<li><b>\u2705 Wspomaga uk\u0142ad oddechowy<\/b> \u2013 pomaga w leczeniu schorze\u0144 g\u00f3rnych i dolnych dr\u00f3g oddechowych<\/li>\n<li><b>\u2705 Skuteczny przeciw bakteriom<\/b> \u2013 dzia\u0142a silnie przeciwko drobnoustrojom atakuj\u0105cym b\u0142ony \u015bluzowe nosa i gard\u0142a<\/li>\n<li><b>\u2705 Dzia\u0142anie napotne i wykrztu\u015bne<\/b> \u2013 wspiera organizm w naturalnej walce z infekcjami, dzia\u0142a przeciwkaszlowo i rozkurczowo<\/li>\n<li><b>\u2705 Zdrowie serca i uk\u0142adu kr\u0105\u017cenia<\/b> \u2013 korzystnie wp\u0142ywa na funkcjonowanie uk\u0142adu sercowo-naczyniowego<\/li>\n<li><b>\u2705 \u0141agodzi stres i bezsenno\u015b\u0107<\/b> \u2013 dzia\u0142a uspokajaj\u0105co i relaksacyjnie, u\u0142atwiaj\u0105c zasypianie<\/li>\n<\/ul>\n<\/div>\n<\/div>\n<\/div>\n<div class=\"mpof_ki myre_zn myre_8v_l m389_6m_l\">\n<div class=\"mp4t_16_s mryx_16_s mr3m_1 mli2_1 mh85_56 mh85_0_l\">\n<div class=\"mgn2_16 _0d3bd_am0a-\">\n<h3>Cechy miodu lipowego:<\/h3>\n<h3>Doskona\u0142y na wzmocnienie odporno\u015bci i dodanie energii<\/h3>\n<\/div>\n<\/div>\n<\/div>\n<div class=\"mpof_ki myre_zn myre_8v_l m389_6m_l\">\n<div class=\"mp4t_16_s mryx_16_s mr3m_1 mli2_1 mh85_56 mh85_0_l\">\n<div class=\"mgn2_16 _0d3bd_am0a-\">\n<ul>\n<li><b>\u2764\ufe0f Naturalny mi\u00f3d<\/b> \u2013 zbierany na czystych, ekologicznych terenach malowniczych Niepo\u0142omic w wojew\u00f3dztwie ma\u0142opolskim<\/li>\n<li><b>\u27a1\ufe0f Starannie zapakowany<\/b> \u2013 dok\u0142adamy wszelkich stara\u0144, aby mi\u00f3d dotar\u0142 do Ciebie w nienaruszonym stanie<\/li>\n<li><b>\u2764\ufe0f Pojemny s\u0142oik<\/b> \u2013 a\u017c 1,2 kg miodu, idealny do codziennego spo\u017cycia<\/li>\n<li><b>\u27a1\ufe0f Zbi\u00f3r z 2024 roku<\/b> \u2013 \u015bwie\u017co\u015b\u0107 i najwy\u017csza jako\u015b\u0107 gwarantowane<\/li>\n<li><b>\u2764\ufe0f Delikatny smak i aromat<\/b> \u2013 charakterystycznie s\u0142odki z subteln\u0105 nut\u0105 kwiat\u00f3w lipy i delikatn\u0105 goryczk\u0105 oraz intensywnym zapachem kwitn\u0105cych lip, kt\u00f3ry oddaje letni\u0105 \u015bwie\u017co\u015b\u0107<\/li>\n<li><b>\u27a1\ufe0f Konsystencja:<\/b> P\u0142ynny, krystalizuj\u0105cy w spos\u00f3b naturalny, co jest dowodem jego jako\u015bci<\/li>\n<li><b>\u2764\ufe0f Mi\u00f3d nektarowy<\/b> \u2013 pozyskiwany bezpo\u015brednio z nektaru kwiat\u00f3w lipy<\/li>\n<li><b>\u27a1\ufe0f Kolor:<\/b> Z\u0142ocisty, ja\u015bniej\u0105cy po krystalizacji<\/li>\n<li><b>\u2764\ufe0f Bogaty w sk\u0142adniki od\u017cywcze<\/b> \u2013 pe\u0142en cennych dla organizmu witamin i minera\u0142\u00f3w<\/li>\n<li><b>\u27a1\ufe0f Produkt surowy:<\/b> Nierozgrzewany i niepasteryzowany, dzi\u0119ki czemu zachowuje wszystkie cenne sk\u0142adniki od\u017cywcze, enzymy i witaminy<\/li>\n<\/ul>\n<\/div>\n<\/div>\n<div class=\"mp4t_16_s mryx_16_s mr3m_1 mli2_1 mh85_56 mh85_0_l\">\n<div class=\"mg9e_8 mj7a_8 mg9e_0_s mvrt_0_s mj7a_0_s mh36_0_s mzmg_6m munh_16_l m3h2_16_l\">\n<div class=\"mp4t_0 mryx_0 munh_56 m3h2_56\">\n<div class=\"mp7g_oh\"><\/div>\n<\/div>\n<\/div>\n<\/div>\n<\/div>\n<div class=\"mpof_ki myre_zn myre_8v_l m389_6m_l\">\n<div class=\"mp4t_16_s mryx_16_s mr3m_1 mli2_1 mh85_56 mh85_0_l\">\n<div class=\"mgn2_16 _0d3bd_am0a-\">\n<h3>W\u0142a\u015bciwo\u015bci zdrowotne miodu lipowego:<\/h3>\n<h3>Mi\u00f3d lipowy to nie tylko pyszny przysmak, ale tak\u017ce prawdziwe bogactwo zdrowia:<\/h3>\n<\/div>\n<\/div>\n<\/div>\n<div class=\"mpof_ki myre_zn myre_8v_l m389_6m_l\">\n<div class=\"mp4t_16_s mryx_16_s mr3m_1 mli2_1 mh85_56 mh85_0_l\">\n<div class=\"mg9e_8 mj7a_8 mg9e_0_s mvrt_0_s mj7a_0_s mh36_0_s mzmg_6m munh_16_l m3h2_16_l\">\n<div class=\"mp4t_0 mryx_0 munh_56 m3h2_56\">\n<div class=\"mp7g_oh\"><\/div>\n<\/div>\n<\/div>\n<\/div>\n<div class=\"mp4t_16_s mryx_16_s mr3m_1 mli2_1 mh85_56 mh85_0_l\">\n<div class=\"mgn2_16 _0d3bd_am0a-\">\n<h3>Do ka\u017cdego zam\u00f3wienia gratis firmowa pa\u0142eczka do miodu.<\/h3>\n<ol>\n<li><b>Wsparcie uk\u0142adu oddechowego:<\/b> Jest naturalnym \u015brodkiem wspomagaj\u0105cym przy problemach z g\u00f3rnymi drogami oddechowymi, takich jak kaszel, b\u00f3l gard\u0142a, zapalenie oskrzeli i przezi\u0119bienie. Dzia\u0142a przeciwzapalnie, antybakteryjnie i \u0142agodz\u0105co.<\/li>\n<li><b>Dzia\u0142anie uspokajaj\u0105ce:<\/b> Mi\u00f3d lipowy ma delikatne w\u0142a\u015bciwo\u015bci relaksacyjne, wspomagaj\u0105c walk\u0119 ze <b>stresem i bezsenno\u015bci\u0105<\/b>. Spo\u017cywany przed snem pomaga si\u0119 wyciszy\u0107 i u\u0142atwia zasypianie.<\/li>\n<li><b>Wzmacnia odporno\u015b\u0107:<\/b> Regularne spo\u017cywanie miodu lipowego mo\u017ce przyczyni\u0107 si\u0119 do wzmocnienia uk\u0142adu odporno\u015bciowego dzi\u0119ki obecno\u015bci przeciwutleniaczy, witamin (C, z grupy B) oraz minera\u0142\u00f3w takich jak <b>magnez, potas, wap\u0144 i \u017celazo<\/b>.<\/li>\n<li><b>Wsparcie uk\u0142adu trawiennego:<\/b> Mi\u00f3d lipowy pomaga regulowa\u0107 trawienie, a tak\u017ce \u0142agodzi podra\u017cnienia b\u0142ony \u015bluzowej \u017co\u0142\u0105dka, wspomagaj\u0105c leczenie wrzod\u00f3w.<\/li>\n<li><b>Naturalny antyseptyk:<\/b> Stosowany zewn\u0119trznie, mi\u00f3d lipowy wspomaga gojenie ran, oparze\u0144 oraz podra\u017cnie\u0144 sk\u00f3ry, dzi\u0119ki swoim w\u0142a\u015bciwo\u015bciom antybakteryjnym i przeciwzapalnym.<\/li>\n<\/ol>\n<\/div>\n<\/div>\n<\/div>\n<div class=\"mpof_ki myre_zn myre_8v_l m389_6m_l\">\n<div class=\"mp4t_16_s mryx_16_s mr3m_1 mli2_1 mh85_56 mh85_0_l\">\n<div class=\"mgn2_16 _0d3bd_am0a-\">\n<h3>Dlaczego mi\u00f3d lipowy nie ma daty wa\u017cno\u015bci?<\/h3>\n<p>Mi\u00f3d jest jednym z najbardziej trwa\u0142ych produkt\u00f3w spo\u017cywczych. Dzi\u0119ki swoim unikalnym w\u0142a\u015bciwo\u015bciom antybakteryjnym, niskiej wilgotno\u015bci i wysokiej zawarto\u015bci cukr\u00f3w, praktycznie si\u0119 nie psuje. Chocia\u017c producenci s\u0105 zobowi\u0105zani do umieszczania daty przydatno\u015bci do spo\u017cycia (zwykle sugeruj\u0105cej spo\u017cycie miodu w ci\u0105gu 3 lat od produkcji), prawid\u0142owo przechowywany mi\u00f3d mo\u017ce by\u0107 jadalny przez wiele lat.<\/p>\n<\/div>\n<\/div>\n<\/div>\n<div class=\"mpof_ki myre_zn myre_8v_l m389_6m_l\">\n<div class=\"mp4t_16_s mryx_16_s mr3m_1 mli2_1 mh85_56 mh85_0_l\">\n<div class=\"mgn2_16 _0d3bd_am0a-\">\n<p><b>Zasady prawid\u0142owego przechowywania miodu:<\/b><\/p>\n<p>Aby mi\u00f3d zachowa\u0142 swoje w\u0142a\u015bciwo\u015bci jak najd\u0142u\u017cej, nale\u017cy go przechowywa\u0107 w odpowiednich warunkach:<\/p>\n<ul>\n<li><b>Temperatura:<\/b> Optymalna temperatura to od 10 do 20\u00b0C. Zbyt niska temperatura, np. w lod\u00f3wce, mo\u017ce prowadzi\u0107 do krystalizacji miodu, co jest naturalnym procesem, ale mo\u017ce utrudnia\u0107 jego u\u017cycie. Z kolei zbyt wysoka temperatura mo\u017ce powodowa\u0107 utrat\u0119 cennych enzym\u00f3w i witamin.<\/li>\n<li><b>Miejsce:<\/b> Mi\u00f3d najlepiej przechowywa\u0107 w ch\u0142odnym, ciemnym miejscu, z dala od bezpo\u015bredniego \u015bwiat\u0142a s\u0142onecznego. \u015awiat\u0142o i wysoka temperatura przyspieszaj\u0105 proces utleniania, co mo\u017ce wp\u0142yn\u0105\u0107 na jako\u015b\u0107 miodu.<\/li>\n<li><b>Opakowanie:<\/b> Mi\u00f3d powinien by\u0107 przechowywany w szczelnie zamkni\u0119tych pojemnikach \u2013 najlepiej w szklanych s\u0142oikach z dopasowan\u0105 pokrywk\u0105. S\u0142oiki musz\u0105 by\u0107 czyste, suche i szczelnie zamkni\u0119te, aby zapobiec dost\u0119powi wilgoci i powietrza, kt\u00f3re mog\u0105 pogorszy\u0107 jego jako\u015b\u0107.<\/li>\n<\/ul>\n<\/div>\n<\/div>\n<div class=\"mp4t_16_s mryx_16_s mr3m_1 mli2_1 mh85_56 mh85_0_l\">\n<div class=\"mg9e_8 mj7a_8 mg9e_0_s mvrt_0_s mj7a_0_s mh36_0_s mzmg_6m munh_16_l m3h2_16_l\"><\/div>\n<\/div>\n<\/div>\n<div class=\"mpof_ki myre_zn myre_8v_l m389_6m_l\">\n<div class=\"mp4t_16_s mryx_16_s mr3m_1 mli2_1 mh85_56 mh85_0_l\">\n<div class=\"mgn2_16 _0d3bd_am0a-\">\n<h3>Nasze inne produkty:<\/h3>\n<p>Opr\u00f3cz miodu lipowego, w naszej ofercie znajd\u0105 Pa\u0144stwo inne odmiany miod\u00f3w, takie jak: spadziowy, wielokwiatowy, wrzosowy, akacjowy, faceliowy, gryczany, le\u015bny, lipowy, rzepakowy. Wszystkie nasze miody dost\u0119pne s\u0105 w r\u00f3\u017cnych gramaturach: 250g, 400g, 600g i 1200g.<\/p>\n<\/div>\n<\/div>\n<\/div>\n<div class=\"mpof_ki myre_zn myre_8v_l m389_6m_l\">\n<div class=\"mp4t_16_s mryx_16_s mr3m_1 mli2_1 mh85_56 mh85_0_l\">\n<div class=\"mgn2_16 _0d3bd_am0a-\">\n<h3>Nasza pasieka:<\/h3>\n<p>Zapraszamy do zakupu wyj\u0105tkowego,\u00a0<b>ekologicznego<\/b> <b>miodu lipowego<\/b> z naszej rodzinnej pasieki w miejscowo\u015bci Drwinia, po\u0142o\u017conej na terenach ekologicznych Puszczy Niepo\u0142omickiej oraz w Rezerwacie Przyrody.<\/p>\n<p>Nasza pasieka znajduje si\u0119 r\u00f3wnie\u017c w kompleksie las\u00f3w jod\u0142owych na Pog\u00f3rzu Ci\u0119\u017ckowicko-Ro\u017cnowskim, co gwarantuje czysto\u015b\u0107 i najwy\u017csz\u0105 jako\u015b\u0107 pozyskiwanych produkt\u00f3w.<\/p>\n<p><b>Mi\u00f3d lipowy<\/b>, kt\u00f3ry oferujemy, to wynik pracy pszcz\u00f3\u0142, kt\u00f3re zbieraj\u0105 nektar z kwiat\u00f3w lipy na nieska\u017conych terenach, daleko od zanieczyszcze\u0144 przemys\u0142owych. Nasza pasieka pozwala na pozyskiwanie r\u00f3\u017cnorodnych produkt\u00f3w pszczelich przez ca\u0142y sezon \u2013 od wczesnej wiosny a\u017c do p\u00f3\u017anej jesieni.<\/p>\n<\/div>\n<\/div>\n<\/div>\n<div class=\"mpof_ki myre_zn myre_8v_l m389_6m_l\">\n<div class=\"mp4t_16_s mryx_16_s mr3m_1 mli2_1 mh85_56 mh85_0_l\">\n<div class=\"mgn2_16 _0d3bd_am0a-\">\n<p>Kupuj\u0105c mi\u00f3d lipowy z Pasieki Niepo\u0142omice, wybierasz nie tylko produkt o wyj\u0105tkowym smaku i zdrowotnych w\u0142a\u015bciwo\u015bciach, ale tak\u017ce wspierasz lokalnych pszczelarzy, kt\u00f3rzy z pasj\u0105 i trosk\u0105 dbaj\u0105 o naturalne \u015brodowisko oraz swoje pszczo\u0142y. <b>Do\u0142\u0105cz do grona zadowolonych klient\u00f3w i ciesz si\u0119 smakiem natury zamkni\u0119tym w s\u0142oiku!<\/b><\/p>\n<\/div>\n<\/div>\n<\/div>\n<p><\/p>","protected":false},"excerpt":{"rendered":"<p>Naturalny Mi\u00f3d Lipowy 1,2 kg &#8211; \u015awie\u017cy Zbi\u00f3r 2024 z Pasieki Niepo\u0142omice &#8211; Polska Pasieka jest pod sta\u0142\u0105 kontrol\u0105 powiatowego lekarza weterynarii. Numer weterynaryjny pasieki: PL12015289. Korzy\u015bci zdrowotne miodu lipowego: \u2705 Idealny na przezi\u0119bienia \u2013 wspiera organizm w walce z gryp\u0105, przezi\u0119bieniami oraz chorobami o podwy\u017cszonej temperaturze \u2705 Wspomaga uk\u0142ad oddechowy \u2013 pomaga w leczeniu<a href=\"https:\/\/niepolomickibartnik.pl\/en\/product\/miod-lipowy-naturalny-ekologiczny-polski-12kg-swiezy-z-pasieki-porebski\/\">Continue reading <span class=\"sr-only\">&#8220;Mi\u00f3d lipowy 1,2kg&#8221;<\/span><\/a><\/p>\n","protected":false},"featured_media":89,"template":"","meta":{"_acf_changed":false},"product_brand":[],"product_cat":[18],"product_tag":[],"class_list":{"0":"post-60","1":"product","2":"type-product","3":"status-publish","4":"has-post-thumbnail","6":"product_cat-miody","8":"first","9":"instock","10":"shipping-taxable","11":"purchasable","12":"product-type-simple"},"acf":[],"_links":{"self":[{"href":"https:\/\/niepolomickibartnik.pl\/en\/wp-json\/wp\/v2\/product\/60","targetHints":{"allow":["GET"]}}],"collection":[{"href":"https:\/\/niepolomickibartnik.pl\/en\/wp-json\/wp\/v2\/product"}],"about":[{"href":"https:\/\/niepolomickibartnik.pl\/en\/wp-json\/wp\/v2\/types\/product"}],"wp:featuredmedia":[{"embeddable":true,"href":"https:\/\/niepolomickibartnik.pl\/en\/wp-json\/wp\/v2\/media\/89"}],"wp:attachment":[{"href":"https:\/\/niepolomickibartnik.pl\/en\/wp-json\/wp\/v2\/media?parent=60"}],"wp:term":[{"taxonomy":"product_brand","embeddable":true,"href":"https:\/\/niepolomickibartnik.pl\/en\/wp-json\/wp\/v2\/product_brand?post=60"},{"taxonomy":"product_cat","embeddable":true,"href":"https:\/\/niepolomickibartnik.pl\/en\/wp-json\/wp\/v2\/product_cat?post=60"},{"taxonomy":"product_tag","embeddable":true,"href":"https:\/\/niepolomickibartnik.pl\/en\/wp-json\/wp\/v2\/product_tag?post=60"}],"curies":[{"name":"wp","href":"https:\/\/api.w.org\/{rel}","templated":true}]}}