{"id":83,"date":"2024-11-29T19:19:43","date_gmt":"2024-11-29T19:19:43","guid":{"rendered":"https:\/\/niepolomickibartnik.pl\/?post_type=product&#038;p=83"},"modified":"2025-08-23T12:45:49","modified_gmt":"2025-08-23T12:45:49","slug":"miod-kolendrowy","status":"publish","type":"product","link":"https:\/\/niepolomickibartnik.pl\/de\/product\/miod-kolendrowy\/","title":{"rendered":"Mi\u00f3d Kolendrowy"},"content":{"rendered":"<p>Mi\u00f3d kolendrowy jest rzadko pozyskiwanym miodem, ze wzgl\u0119du na nieliczne uprawy tej ro\u015bliny w Polsce. W stanie p\u0142ynnym mi\u00f3d z kolendry ma wyj\u0105tkowy bursztynowy kolor. Jego silny aromat pozwala \u0142atwo odr\u00f3\u017cni\u0107 go od innych miod\u00f3w. Najwa\u017cniejszy jest jednak jego smak-ostry, wyrazisty, wysokiej jako\u015bci. Mi\u00f3d kolendrowy wraz z naturaln\u0105 krystalizacj\u0105 (przebiega do\u015b\u0107 szybko) ja\u015bnieje i staje si\u0119 szarobia\u0142awy do szaroz\u0142ocistego.<\/p>\n<p>Mi\u00f3d z kolendry zawiera witaminy A, E, PP, cenne olejki eteryczne, \u017celazo i mangan. Stanowi bogate \u017ar\u00f3d\u0142o przeciwutleniaczy. Poprawia odporno\u015b\u0107 organizmu, dlatego warto po niego si\u0119ga\u0107 po przebytych chorobach lub w powracaj\u0105cych infekcjach. Mi\u00f3d kolendrowy pomaga zwalczy\u0107 obrz\u0119ki, mo\u017ce by\u0107 stosowany zewn\u0119trznie na rany, kt\u00f3rych przy\u015bpieszy gojenie. Co wa\u017cne, ten rodzaj miodu obni\u017ca ci\u015bnienie krwi i spowalnia t\u0119tno (jest to jedno z przeciwwskaza\u0144 do jego spo\u017cywania). Ma tak\u017ce wp\u0142yw na uk\u0142ad pokarmowy. Wykazuje dzia\u0142anie \u017c\u00f3\u0142ciop\u0119dne.<\/p>\n<h3>Mi\u00f3d kolendrowy \u2014 unikatowy produkt pszczelarski<\/h3>\n<p>Nie da si\u0119 ukry\u0107, \u017ce\u00a0<strong>mi\u00f3d kolendrowy<\/strong>\u00a0zaskakuje nie tylko niepowtarzalnym smakiem, ale ma r\u00f3wnie\u017c szereg dobroczynnych korzy\u015bci dla naszego zdrowia. Wysoka zawarto\u015b\u0107 cennych sk\u0142adnik\u00f3w od\u017cywczych \u2014 witamin, minera\u0142\u00f3w i przeciwutleniaczy \u2014 sprawia, \u017ce spo\u017cywanie\u00a0<strong>miodu kolendrowego<\/strong>\u00a0wp\u0142ywa pozytywnie na uk\u0142ad odporno\u015bciowy i nerwowy. Ponadto wykazuje w\u0142a\u015bciwo\u015bci przeciwbakteryjne oraz przeciwzapalne, dzi\u0119ki kt\u00f3rym skutecznie \u0142agodzi wiele dolegliwo\u015bci.<\/p>\n<h3>W jaki spos\u00f3b w\u0142\u0105czy\u0107 do diety mi\u00f3d kolendrowy?<\/h3>\n<p>Tego rodzaju mi\u00f3d doskonale komponuje si\u0119 z r\u00f3\u017cnymi produktami spo\u017cywczymi. Bez w\u0105tpienia oka\u017ce si\u0119 \u015bwietnym dodatkiem do herbaty, napoj\u00f3w, deser\u00f3w, a ponadto sprawdzi si\u0119 r\u00f3wnie\u017c jako element wielu potraw. Uwielbiasz eksperymentowa\u0107 w kuchni? Jeste\u015b mi\u0142o\u015bnikiem miod\u00f3w wszelkiej ma\u015bci? Gwarantujemy, \u017ce rozsmakujesz si\u0119 w\u00a0<strong>miodzie kolendrowym<\/strong>\u00a0z naszej oferty. Zapraszamy do zakup\u00f3w!<\/p>\n","protected":false},"excerpt":{"rendered":"<p>Mi\u00f3d kolendrowy jest rzadko pozyskiwanym miodem, ze wzgl\u0119du na nieliczne uprawy tej ro\u015bliny w Polsce. W stanie p\u0142ynnym mi\u00f3d z kolendry ma wyj\u0105tkowy bursztynowy kolor. Jego silny aromat pozwala \u0142atwo odr\u00f3\u017cni\u0107 go od innych miod\u00f3w. Najwa\u017cniejszy jest jednak jego smak-ostry, wyrazisty, wysokiej jako\u015bci. Mi\u00f3d kolendrowy wraz z naturaln\u0105 krystalizacj\u0105 (przebiega do\u015b\u0107 szybko) ja\u015bnieje i staje<a href=\"https:\/\/niepolomickibartnik.pl\/de\/product\/miod-kolendrowy\/\">Continue reading <span class=\"sr-only\">&#8222;Mi\u00f3d Kolendrowy&#8220;<\/span><\/a><\/p>\n","protected":false},"featured_media":135,"template":"","meta":{"_acf_changed":false},"product_brand":[],"product_cat":[18],"product_tag":[],"class_list":{"0":"post-83","1":"product","2":"type-product","3":"status-publish","4":"has-post-thumbnail","6":"product_cat-miody","8":"first","9":"instock","10":"sale","11":"shipping-taxable","12":"purchasable","13":"product-type-simple"},"acf":[],"_links":{"self":[{"href":"https:\/\/niepolomickibartnik.pl\/de\/wp-json\/wp\/v2\/product\/83","targetHints":{"allow":["GET"]}}],"collection":[{"href":"https:\/\/niepolomickibartnik.pl\/de\/wp-json\/wp\/v2\/product"}],"about":[{"href":"https:\/\/niepolomickibartnik.pl\/de\/wp-json\/wp\/v2\/types\/product"}],"wp:featuredmedia":[{"embeddable":true,"href":"https:\/\/niepolomickibartnik.pl\/de\/wp-json\/wp\/v2\/media\/135"}],"wp:attachment":[{"href":"https:\/\/niepolomickibartnik.pl\/de\/wp-json\/wp\/v2\/media?parent=83"}],"wp:term":[{"taxonomy":"product_brand","embeddable":true,"href":"https:\/\/niepolomickibartnik.pl\/de\/wp-json\/wp\/v2\/product_brand?post=83"},{"taxonomy":"product_cat","embeddable":true,"href":"https:\/\/niepolomickibartnik.pl\/de\/wp-json\/wp\/v2\/product_cat?post=83"},{"taxonomy":"product_tag","embeddable":true,"href":"https:\/\/niepolomickibartnik.pl\/de\/wp-json\/wp\/v2\/product_tag?post=83"}],"curies":[{"name":"wp","href":"https:\/\/api.w.org\/{rel}","templated":true}]}}