{"id":82,"date":"2024-11-29T19:19:43","date_gmt":"2024-11-29T19:19:43","guid":{"rendered":"https:\/\/niepolomickibartnik.pl\/?post_type=product&#038;p=82"},"modified":"2025-08-23T12:45:25","modified_gmt":"2025-08-23T12:45:25","slug":"miod-mniszkowy","status":"publish","type":"product","link":"https:\/\/niepolomickibartnik.pl\/de\/product\/miod-mniszkowy\/","title":{"rendered":"Mi\u00f3d mniszkowy"},"content":{"rendered":"<p>Mi\u00f3d pszczeli nektarowy mniszkowy 1200g.<\/p>\n<p>Przez wzgl\u0105d na sw\u00f3j drogocenny sk\u0142ad mi\u00f3d mniszkowy b\u0119dzie \u015bwietnym wyborem w leczeniu wielu schorze\u0144 i dolegliwo\u015bci. Stosuje si\u0119 go przede wszystkim w chorobach zwi\u0105zanych z sercem oraz w\u0105trob\u0105 i drogami \u017c\u00f3\u0142ciowymi. Dzi\u0119ki zawarto\u015bci choliny obni\u017ca on poziom lipid\u00f3w w w\u0105trobie, a tak\u017ce powoduje efekt \u017c\u00f3\u0142ciop\u0119dny. Ponadto jest tak\u017ce \u015bwietnym lekarstwem w przypadku problem\u00f3w z \u017co\u0142\u0105dkiem (wspomaga trawienie, \u0142agodzi nadkwasot\u0119, dzia\u0142a os\u0142onowo), nerkami, drogami moczowymi i p\u0119cherzem oraz niedokrwisto\u015bci\u0105. Dzi\u0119ki w\u0142a\u015bciwo\u015bciom moczop\u0119dnym przyspiesza on wydalanie toksyn z organizmu i stanowi du\u017ce wsparcie w leczeniu kamicy nerkowej.<\/p>\n<p>Mi\u00f3d mniszkowy warto stosowa\u0107 r\u00f3wnie\u017c na dolegliwo\u015bci reumatyczne oraz w przypadkach wyczerpania psychofizycznego i og\u00f3lnego os\u0142abienia organizmu. Warto wiedzie\u0107, \u017ce ten rodzaj miodu znacznie wzmacnia uk\u0142ad odporno\u015bciowy oraz przyspiesza gojenie si\u0119 ran. Bardzo dobrym pomys\u0142em b\u0119dzie za\u017cywanie miodu mniszkowego podczas d\u0142ugotrwa\u0142ej kuracji antybiotykowej, poniewa\u017c ma on dzia\u0142anie os\u0142onowe. Warto tak\u017ce wiedzie\u0107, \u017ce mi\u00f3d mniszkowy w po\u0142\u0105czeniu z py\u0142kiem kwiatowym pomaga leczy\u0107 prostat\u0119.<\/p>\n","protected":false},"excerpt":{"rendered":"<p>Mi\u00f3d pszczeli nektarowy mniszkowy 1200g. Przez wzgl\u0105d na sw\u00f3j drogocenny sk\u0142ad mi\u00f3d mniszkowy b\u0119dzie \u015bwietnym wyborem w leczeniu wielu schorze\u0144 i dolegliwo\u015bci. Stosuje si\u0119 go przede wszystkim w chorobach zwi\u0105zanych z sercem oraz w\u0105trob\u0105 i drogami \u017c\u00f3\u0142ciowymi. Dzi\u0119ki zawarto\u015bci choliny obni\u017ca on poziom lipid\u00f3w w w\u0105trobie, a tak\u017ce powoduje efekt \u017c\u00f3\u0142ciop\u0119dny. Ponadto jest tak\u017ce \u015bwietnym<a href=\"https:\/\/niepolomickibartnik.pl\/de\/product\/miod-mniszkowy\/\">Continue reading <span class=\"sr-only\">&#8222;Mi\u00f3d mniszkowy&#8220;<\/span><\/a><\/p>\n","protected":false},"featured_media":6137,"template":"","meta":{"_acf_changed":false},"product_brand":[],"product_cat":[16,18],"product_tag":[],"class_list":{"0":"post-82","1":"product","2":"type-product","3":"status-publish","4":"has-post-thumbnail","6":"product_cat-smakowe","7":"product_cat-miody","9":"first","10":"instock","11":"shipping-taxable","12":"purchasable","13":"product-type-simple"},"acf":[],"_links":{"self":[{"href":"https:\/\/niepolomickibartnik.pl\/de\/wp-json\/wp\/v2\/product\/82","targetHints":{"allow":["GET"]}}],"collection":[{"href":"https:\/\/niepolomickibartnik.pl\/de\/wp-json\/wp\/v2\/product"}],"about":[{"href":"https:\/\/niepolomickibartnik.pl\/de\/wp-json\/wp\/v2\/types\/product"}],"wp:featuredmedia":[{"embeddable":true,"href":"https:\/\/niepolomickibartnik.pl\/de\/wp-json\/wp\/v2\/media\/6137"}],"wp:attachment":[{"href":"https:\/\/niepolomickibartnik.pl\/de\/wp-json\/wp\/v2\/media?parent=82"}],"wp:term":[{"taxonomy":"product_brand","embeddable":true,"href":"https:\/\/niepolomickibartnik.pl\/de\/wp-json\/wp\/v2\/product_brand?post=82"},{"taxonomy":"product_cat","embeddable":true,"href":"https:\/\/niepolomickibartnik.pl\/de\/wp-json\/wp\/v2\/product_cat?post=82"},{"taxonomy":"product_tag","embeddable":true,"href":"https:\/\/niepolomickibartnik.pl\/de\/wp-json\/wp\/v2\/product_tag?post=82"}],"curies":[{"name":"wp","href":"https:\/\/api.w.org\/{rel}","templated":true}]}}