{"id":7866,"date":"2026-02-04T15:21:03","date_gmt":"2026-02-04T15:21:03","guid":{"rendered":"https:\/\/niepolomickibartnik.pl\/?post_type=product&#038;p=7866"},"modified":"2026-02-04T15:21:11","modified_gmt":"2026-02-04T15:21:11","slug":"miod-z-pylkiem-pszczelim-20-400g-swiezy-miod-pylek-pszczeli-kwiatowy","status":"publish","type":"product","link":"https:\/\/niepolomickibartnik.pl\/de\/product\/miod-z-pylkiem-pszczelim-20-400g-swiezy-miod-pylek-pszczeli-kwiatowy\/","title":{"rendered":"(Polski) MI\u00d3D Z PY\u0141KIEM PSZCZELIM 20% 400G \u015aWIE\u017bY MI\u00d3D + PY\u0141EK PSZCZELI KWIATOWY"},"content":{"rendered":"<p class=\"qtranxs-available-languages-message qtranxs-available-languages-message-de\">Leider ist der Eintrag nur auf <a href=\"https:\/\/niepolomickibartnik.pl\/pl\/wp-json\/wp\/v2\/product\/7866\" class=\"qtranxs-available-language-link qtranxs-available-language-link-pl\" title=\"Polski\">Polski<\/a> verf\u00fcgbar.<\/p>","protected":false},"excerpt":{"rendered":"<p>Leider ist der Eintrag nur auf Polski verf\u00fcgbar.<\/p>\n","protected":false},"featured_media":7867,"template":"","meta":{"_acf_changed":false},"product_brand":[],"product_cat":[20],"product_tag":[],"class_list":{"0":"post-7866","1":"product","2":"type-product","3":"status-publish","4":"has-post-thumbnail","6":"product_cat-produkty-pszczele","8":"first","9":"instock","10":"shipping-taxable","11":"purchasable","12":"product-type-simple"},"acf":[],"_links":{"self":[{"href":"https:\/\/niepolomickibartnik.pl\/de\/wp-json\/wp\/v2\/product\/7866","targetHints":{"allow":["GET"]}}],"collection":[{"href":"https:\/\/niepolomickibartnik.pl\/de\/wp-json\/wp\/v2\/product"}],"about":[{"href":"https:\/\/niepolomickibartnik.pl\/de\/wp-json\/wp\/v2\/types\/product"}],"wp:featuredmedia":[{"embeddable":true,"href":"https:\/\/niepolomickibartnik.pl\/de\/wp-json\/wp\/v2\/media\/7867"}],"wp:attachment":[{"href":"https:\/\/niepolomickibartnik.pl\/de\/wp-json\/wp\/v2\/media?parent=7866"}],"wp:term":[{"taxonomy":"product_brand","embeddable":true,"href":"https:\/\/niepolomickibartnik.pl\/de\/wp-json\/wp\/v2\/product_brand?post=7866"},{"taxonomy":"product_cat","embeddable":true,"href":"https:\/\/niepolomickibartnik.pl\/de\/wp-json\/wp\/v2\/product_cat?post=7866"},{"taxonomy":"product_tag","embeddable":true,"href":"https:\/\/niepolomickibartnik.pl\/de\/wp-json\/wp\/v2\/product_tag?post=7866"}],"curies":[{"name":"wp","href":"https:\/\/api.w.org\/{rel}","templated":true}]}}