{"id":70,"date":"2024-11-29T19:19:42","date_gmt":"2024-11-29T19:19:42","guid":{"rendered":"https:\/\/niepolomickibartnik.pl\/?post_type=product&#038;p=70"},"modified":"2025-09-02T10:53:02","modified_gmt":"2025-09-02T10:53:02","slug":"miod-z-malinami-400g-polski-z-pasieki-porebski-naturalny","status":"publish","type":"product","link":"https:\/\/niepolomickibartnik.pl\/de\/product\/miod-z-malinami-400g-polski-z-pasieki-porebski-naturalny\/","title":{"rendered":"Mi\u00f3d z malinami 400g"},"content":{"rendered":"<p><\/p>\n<div class=\"mpof_ki myre_zn myre_8v_l m389_6m_l\">\n<div class=\"mp4t_16_s mryx_16_s mr3m_1 mli2_1 mh85_56 mh85_0_l\">\n<div class=\"mgn2_16 _0d3bd_am0a-\">\n<h3>MI\u00d3D Z MALINAMI NATURALNY EKOLOGICZNY POLSKI 400g \u015aWIE\u017bY z PASIEKI POR\u0118BSKI<\/h3>\n<p>Pasieka jest pod sta\u0142\u0105 kontrol\u0105 powiatowego lekarza weterynarii. Numer weterynaryjny pasieki: PL12015289.<\/p>\n<\/div>\n<\/div>\n<\/div>\n<div class=\"mpof_ki myre_zn myre_8v_l m389_6m_l\">\n<div class=\"mp4t_16_s mryx_16_s mr3m_1 mli2_1 mh85_56 mh85_0_l\">\n<div class=\"mgn2_16 _0d3bd_am0a-\">\n<p>Poszukujesz niepowtarzalnej kombinacji smak\u00f3w, kt\u00f3ra doda energii i podniesie odporno\u015b\u0107? Nasz Mi\u00f3d Kremowany z Malinami to wyj\u0105tkowe po\u0142\u0105czenie naturalnego, kremowanego miodu z aromatycznymi malinami. Produkt ten idealnie nadaje si\u0119 do codziennego spo\u017cywania, a jego bogaty smak i aksamitna konsystencja zadowol\u0105 nawet najbardziej wymagaj\u0105cych smakoszy.<\/p>\n<\/div>\n<\/div>\n<\/div>\n<div class=\"mpof_ki myre_zn myre_8v_l m389_6m_l\">\n<div class=\"mp4t_16_s mryx_16_s mr3m_1 mli2_1 mh85_56 mh85_0_l\">\n<div class=\"mgn2_16 _0d3bd_am0a-\">\n<h3>Dlaczego warto wybra\u0107 nasz mi\u00f3d?<\/h3>\n<ul>\n<li><b>\u2705<\/b> <b>100% naturalnych sk\u0142adnik\u00f3w<\/b>: bez dodatku sztucznych konserwant\u00f3w, barwnik\u00f3w ani aromat\u00f3w. Tylko czysty, naturalny mi\u00f3d i maliny.<\/li>\n<li><b>\u2705 Kremowa konsystencja<\/b>: Mi\u00f3d kremowany to g\u0142adka, mi\u0119kka konsystencja, kt\u00f3ra u\u0142atwia jego rozsmarowanie na pieczywie, nale\u015bnikach, gofrach czy krakersach. Idealny r\u00f3wnie\u017c jako dodatek do jogurt\u00f3w, owsianek i koktajli.<\/li>\n<li><b>\u2705<\/b> <b>Wyj\u0105tkowy smak<\/b>: Po\u0142\u0105czenie s\u0142odkiego miodu z delikatnie kwaskowat\u0105 nut\u0105 malin tworzy doskona\u0142\u0105 harmoni\u0119 smak\u00f3w. <b>To propozycja dla mi\u0142o\u015bnik\u00f3w klasyki z nut\u0105 owocowego orze\u017awienia.<\/b><\/li>\n<\/ul>\n<\/div>\n<\/div>\n<\/div>\n<div class=\"mpof_ki myre_zn myre_8v_l m389_6m_l\">\n<div class=\"mp4t_16_s mryx_16_s mr3m_1 mli2_1 mh85_56 mh85_0_l\">\n<div class=\"mgn2_16 _0d3bd_am0a-\">\n<ul>\n<li><b>\u2705<\/b> <b>Korzy\u015bci zdrowotne<\/b>: Mi\u00f3d znany jest ze swoich w\u0142a\u015bciwo\u015bci prozdrowotnych \u2013 wzmacnia odporno\u015b\u0107, pomaga w walce z infekcjami i dzia\u0142a koj\u0105co na gard\u0142o. Maliny z kolei s\u0105 \u017ar\u00f3d\u0142em witamin (szczeg\u00f3lnie witaminy C), antyoksydant\u00f3w oraz b\u0142onnika, wspieraj\u0105c uk\u0142ad odporno\u015bciowy i trawienny.<\/li>\n<li><b>\u2705<\/b> <b>Bezpieczny wyb\u00f3r dla ca\u0142ej rodziny<\/b>: Produkt odpowiedni dla doros\u0142ych, dzieci oraz os\u00f3b dbaj\u0105cych o zdrow\u0105 diet\u0119. Nie zawiera glutenu, sztucznych dodatk\u00f3w ani alergen\u00f3w.<\/li>\n<\/ul>\n<\/div>\n<\/div>\n<\/div>\n<div class=\"mpof_ki myre_zn myre_8v_l m389_6m_l\">\n<div class=\"mp4t_16_s mryx_16_s mr3m_1 mli2_1 mh85_56 mh85_0_l\">\n<div class=\"mgn2_16 _0d3bd_am0a-\">\n<h3>Spos\u00f3b u\u017cycia:<\/h3>\n<ul>\n<li><b>\u2764\ufe0f Do smarowania:<\/b> Kremowana konsystencja sprawia, \u017ce mi\u00f3d z malinami idealnie nadaje si\u0119 do smarowania pieczywa, tost\u00f3w, nale\u015bnik\u00f3w czy wafli.<\/li>\n<li><b>\u2764\ufe0f Jako dodatek:<\/b> Doskona\u0142y do s\u0142odzenia herbaty, kawy, koktajli owocowych, jogurt\u00f3w, musli, owsianek czy deser\u00f3w. Mo\u017cna go r\u00f3wnie\u017c u\u017cywa\u0107 jako naturalnego s\u0142odzika do wypiek\u00f3w.<\/li>\n<li><b>\u2764\ufe0f Dla zdrowia<\/b>: Spo\u017cywaj codziennie \u0142y\u017ceczk\u0119 miodu, aby wzmocni\u0107 odporno\u015b\u0107, poprawi\u0107 nastr\u00f3j i zadba\u0107 o swoje zdrowie.<\/li>\n<\/ul>\n<p><b>Pojemno\u015b\u0107 400 g<\/b> \u2013 idealny wyb\u00f3r dla os\u00f3b, kt\u00f3re chc\u0105 spr\u00f3bowa\u0107 naszego miodu lub preferuj\u0105 mniejsze opakowania.<\/p>\n<\/div>\n<\/div>\n<\/div>\n<div class=\"mpof_ki myre_zn myre_8v_l m389_6m_l\">\n<div class=\"mp4t_16_s mryx_16_s mr3m_1 mli2_1 mh85_56 mh85_0_l\">\n<div class=\"mgn2_16 _0d3bd_am0a-\">\n<h3>Do ka\u017cdego zam\u00f3wienia gratis firmowa pa\u0142eczka do miodu.<\/h3>\n<\/div>\n<\/div>\n<\/div>\n<div class=\"mpof_ki myre_zn myre_8v_l m389_6m_l\">\n<div class=\"mp4t_16_s mryx_16_s mr3m_1 mli2_1 mh85_56 mh85_0_l\">\n<div class=\"mgn2_16 _0d3bd_am0a-\">\n<h3>Dlaczego nasz produkt?<\/h3>\n<p>Nasz mi\u00f3d z malinami pochodzi bezpo\u015brednio z naszej pasieki, kt\u00f3ra dba o najwy\u017csz\u0105 jako\u015b\u0107 miodu. Proces kremowania, kt\u00f3rym jest poddawany, pozwala zachowa\u0107 jego cenne w\u0142a\u015bciwo\u015bci od\u017cywcze, a dodatek malin wzbogaca smak i warto\u015bci zdrowotne. Kupuj\u0105c nasz mi\u00f3d, wspierasz Polsk\u0105 Pasiek\u0119 i wybierasz zdrowy, naturalny produkt.<\/p>\n<p><b>Zam\u00f3w ju\u017c dzi\u015b i ciesz si\u0119 smakiem natury!<\/b><\/p>\n<\/div>\n<\/div>\n<\/div>\n<div class=\"mpof_ki myre_zn myre_8v_l m389_6m_l\">\n<div class=\"mp4t_16_s mryx_16_s mr3m_1 mli2_1 mh85_56 mh85_0_l\">\n<div class=\"mgn2_16 _0d3bd_am0a-\">\n<h3>Korzy\u015bci zdrowotne i zastosowanie:<\/h3>\n<p><b>Mi\u00f3d\u00a0<\/b>z malinami to naturalny skarb pe\u0142en warto\u015bci od\u017cywczych. Jego sk\u0142adniki pozytywnie wp\u0142ywaj\u0105 na organizm, dostarczaj\u0105c cennych witamin (m.in. witamina C, witaminy z grupy B) oraz minera\u0142\u00f3w (potas, magnez, wap\u0144). Dzia\u0142a \u0142agodz\u0105co na gard\u0142o, co czyni go doskona\u0142ym wyborem w sezonie zimowym, kiedy infekcje s\u0105 cz\u0119stsze.<\/p>\n<p>\u015awietnie sprawdza si\u0119 jako naturalny s\u0142odzik, zast\u0119puj\u0105c cukier w herbacie, kawie czy wypiekach. Doskonale komponuje si\u0119 z jogurtami, owocami, a tak\u017ce jako dodatek do pieczywa.<\/p>\n<\/div>\n<\/div>\n<\/div>\n<div class=\"mpof_ki myre_zn myre_8v_l m389_6m_l\">\n<div class=\"mp4t_16_s mryx_16_s mr3m_1 mli2_1 mh85_56 mh85_0_l\">\n<div class=\"mgn2_16 _0d3bd_am0a-\">\n<h3>Dlaczego mi\u00f3d z malinami nie ma daty wa\u017cno\u015bci?<\/h3>\n<p>Mi\u00f3d jest jednym z najbardziej trwa\u0142ych produkt\u00f3w spo\u017cywczych. Dzi\u0119ki swoim unikalnym w\u0142a\u015bciwo\u015bciom antybakteryjnym, niskiej wilgotno\u015bci i wysokiej zawarto\u015bci cukr\u00f3w, praktycznie si\u0119 nie psuje. Chocia\u017c producenci s\u0105 zobowi\u0105zani do umieszczania daty przydatno\u015bci do spo\u017cycia (zwykle sugeruj\u0105cej spo\u017cycie miodu w ci\u0105gu 3 lat od produkcji), prawid\u0142owo przechowywany mi\u00f3d mo\u017ce by\u0107 jadalny przez wiele lat.<\/p>\n<\/div>\n<\/div>\n<\/div>\n<div class=\"mpof_ki myre_zn myre_8v_l m389_6m_l\">\n<div class=\"mp4t_16_s mryx_16_s mr3m_1 mli2_1 mh85_56 mh85_0_l\">\n<div class=\"mgn2_16 _0d3bd_am0a-\">\n<p><b>Zasady prawid\u0142owego przechowywania miodu:<\/b><\/p>\n<p>Aby mi\u00f3d zachowa\u0142 swoje w\u0142a\u015bciwo\u015bci jak najd\u0142u\u017cej, nale\u017cy go przechowywa\u0107 w odpowiednich warunkach:<\/p>\n<ul>\n<li><b>Temperatura:<\/b>\u00a0Optymalna temperatura to od 10 do 20\u00b0C. Zbyt niska temperatura, np. w lod\u00f3wce, mo\u017ce prowadzi\u0107 do krystalizacji miodu, co jest naturalnym procesem, ale mo\u017ce utrudnia\u0107 jego u\u017cycie. Z kolei zbyt wysoka temperatura mo\u017ce powodowa\u0107 utrat\u0119 cennych enzym\u00f3w i witamin.<\/li>\n<li><b>Miejsce:<\/b>\u00a0Mi\u00f3d najlepiej przechowywa\u0107 w ch\u0142odnym, ciemnym miejscu, z dala od bezpo\u015bredniego \u015bwiat\u0142a s\u0142onecznego. \u015awiat\u0142o i wysoka temperatura przyspieszaj\u0105 proces utleniania, co mo\u017ce wp\u0142yn\u0105\u0107 na jako\u015b\u0107 miodu.<\/li>\n<li><b>Opakowanie:<\/b>\u00a0Mi\u00f3d powinien by\u0107 przechowywany w szczelnie zamkni\u0119tych pojemnikach \u2013 najlepiej w szklanych s\u0142oikach z dopasowan\u0105 pokrywk\u0105. S\u0142oiki musz\u0105 by\u0107 czyste, suche i szczelnie zamkni\u0119te, aby zapobiec dost\u0119powi wilgoci i powietrza, kt\u00f3re mog\u0105 pogorszy\u0107 jego jako\u015b\u0107.<\/li>\n<\/ul>\n<\/div>\n<\/div>\n<div class=\"mp4t_16_s mryx_16_s mr3m_1 mli2_1 mh85_56 mh85_0_l\">\n<div class=\"mg9e_8 mj7a_8 mg9e_0_s mvrt_0_s mj7a_0_s mh36_0_s mzmg_6m munh_16_l m3h2_16_l\"><\/div>\n<\/div>\n<\/div>\n<div class=\"mpof_ki myre_zn myre_8v_l m389_6m_l\">\n<div class=\"mp4t_16_s mryx_16_s mr3m_1 mli2_1 mh85_56 mh85_0_l\">\n<div class=\"mgn2_16 _0d3bd_am0a-\">\n<h3>Nasze inne produkty:<\/h3>\n<p>Opr\u00f3cz miodu z malinami, w naszej ofercie znajd\u0105 Pa\u0144stwo inne odmiany miod\u00f3w, takie jak: spadziowy, wrzosowy, akacjowy, faceliowy, gryczany, le\u015bny, lipowy. Wszystkie nasze miody dost\u0119pne s\u0105 w r\u00f3\u017cnych gramaturach: 250g, 400g, 600g i 1200g.<\/p>\n<\/div>\n<\/div>\n<\/div>\n<div class=\"mpof_ki myre_zn myre_8v_l m389_6m_l\">\n<div class=\"mp4t_16_s mryx_16_s mr3m_1 mli2_1 mh85_56 mh85_0_l\">\n<div class=\"mgn2_16 _0d3bd_am0a-\">\n<h3>Nasza pasieka:<\/h3>\n<p>Zapraszamy do zakupu wyj\u0105tkowego,\u00a0<b>ekologicznego<\/b>\u00a0<b>miodu z malinami<\/b> z naszej rodzinnej pasieki w miejscowo\u015bci Drwinia, po\u0142o\u017conej na terenach ekologicznych Puszczy Niepo\u0142omickiej oraz w Rezerwacie Przyrody.<\/p>\n<p>Nasza pasieka znajduje si\u0119 r\u00f3wnie\u017c w kompleksie las\u00f3w jod\u0142owych na Pog\u00f3rzu Ci\u0119\u017ckowicko-Ro\u017cnowskim, co gwarantuje czysto\u015b\u0107 i najwy\u017csz\u0105 jako\u015b\u0107 pozyskiwanych produkt\u00f3w.<\/p>\n<p><b>Mi\u00f3d z malinami<\/b>, kt\u00f3ry oferujemy, to wynik pracy pszcz\u00f3\u0142, kt\u00f3re zbieraj\u0105 nektar z kwiat\u00f3w na nieska\u017conych terenach, daleko od zanieczyszcze\u0144 przemys\u0142owych. Nasza pasieka pozwala na pozyskiwanie r\u00f3\u017cnorodnych produkt\u00f3w pszczelich przez ca\u0142y sezon \u2013 od wczesnej wiosny a\u017c do p\u00f3\u017anej jesieni.<\/p>\n<\/div>\n<\/div>\n<\/div>\n<div class=\"mpof_ki myre_zn myre_8v_l m389_6m_l\">\n<div class=\"mp4t_16_s mryx_16_s mr3m_1 mli2_1 mh85_56 mh85_0_l\">\n<div class=\"mgn2_16 _0d3bd_am0a-\">\n<p>Kupuj\u0105c mi\u00f3d z malinami z Pasieki Niepo\u0142omice, wybierasz nie tylko produkt o wyj\u0105tkowym smaku i zdrowotnych w\u0142a\u015bciwo\u015bciach, ale tak\u017ce wspierasz lokalnych pszczelarzy, kt\u00f3rzy z pasj\u0105 i trosk\u0105 dbaj\u0105 o naturalne \u015brodowisko oraz swoje pszczo\u0142y.\u00a0<b>Do\u0142\u0105cz do grona zadowolonych klient\u00f3w i ciesz si\u0119 smakiem natury zamkni\u0119tym w s\u0142oiku!<\/b><\/p>\n<\/div>\n<\/div>\n<\/div>\n<p><\/p>","protected":false},"excerpt":{"rendered":"<p>MI\u00d3D Z MALINAMI NATURALNY EKOLOGICZNY POLSKI 400g \u015aWIE\u017bY z PASIEKI POR\u0118BSKI Pasieka jest pod sta\u0142\u0105 kontrol\u0105 powiatowego lekarza weterynarii. Numer weterynaryjny pasieki: PL12015289. Poszukujesz niepowtarzalnej kombinacji smak\u00f3w, kt\u00f3ra doda energii i podniesie odporno\u015b\u0107? Nasz Mi\u00f3d Kremowany z Malinami to wyj\u0105tkowe po\u0142\u0105czenie naturalnego, kremowanego miodu z aromatycznymi malinami. Produkt ten idealnie nadaje si\u0119 do codziennego spo\u017cywania,<a href=\"https:\/\/niepolomickibartnik.pl\/de\/product\/miod-z-malinami-400g-polski-z-pasieki-porebski-naturalny\/\">Continue reading <span class=\"sr-only\">&#8222;Mi\u00f3d z malinami 400g&#8220;<\/span><\/a><\/p>\n","protected":false},"featured_media":108,"template":"","meta":{"_acf_changed":false},"product_brand":[],"product_cat":[33],"product_tag":[],"class_list":{"0":"post-70","1":"product","2":"type-product","3":"status-publish","4":"has-post-thumbnail","6":"product_cat-smakowe-2","8":"first","9":"instock","10":"shipping-taxable","11":"purchasable","12":"product-type-simple"},"acf":[],"_links":{"self":[{"href":"https:\/\/niepolomickibartnik.pl\/de\/wp-json\/wp\/v2\/product\/70","targetHints":{"allow":["GET"]}}],"collection":[{"href":"https:\/\/niepolomickibartnik.pl\/de\/wp-json\/wp\/v2\/product"}],"about":[{"href":"https:\/\/niepolomickibartnik.pl\/de\/wp-json\/wp\/v2\/types\/product"}],"wp:featuredmedia":[{"embeddable":true,"href":"https:\/\/niepolomickibartnik.pl\/de\/wp-json\/wp\/v2\/media\/108"}],"wp:attachment":[{"href":"https:\/\/niepolomickibartnik.pl\/de\/wp-json\/wp\/v2\/media?parent=70"}],"wp:term":[{"taxonomy":"product_brand","embeddable":true,"href":"https:\/\/niepolomickibartnik.pl\/de\/wp-json\/wp\/v2\/product_brand?post=70"},{"taxonomy":"product_cat","embeddable":true,"href":"https:\/\/niepolomickibartnik.pl\/de\/wp-json\/wp\/v2\/product_cat?post=70"},{"taxonomy":"product_tag","embeddable":true,"href":"https:\/\/niepolomickibartnik.pl\/de\/wp-json\/wp\/v2\/product_tag?post=70"}],"curies":[{"name":"wp","href":"https:\/\/api.w.org\/{rel}","templated":true}]}}