{"id":69,"date":"2024-11-29T19:19:42","date_gmt":"2024-11-29T19:19:42","guid":{"rendered":"https:\/\/niepolomickibartnik.pl\/?post_type=product&#038;p=69"},"modified":"2025-09-02T11:04:00","modified_gmt":"2025-09-02T11:04:00","slug":"krople-propolisowe-w-atomizerze-z-propolisu-10-20g","status":"publish","type":"product","link":"https:\/\/niepolomickibartnik.pl\/de\/product\/krople-propolisowe-w-atomizerze-z-propolisu-10-20g\/","title":{"rendered":"Krople propolisowe atomizer 10% 20G"},"content":{"rendered":"<p><\/p>\n<div class=\"mgn2_14 mp0t_0a mqu1_21 mli8_k4 mgmw_wo msts_pt _0d3bd_K6Qpj\" data-reactroot=\"\">\n<div class=\"\">\n<div class=\"mpof_ki myre_zn myre_8v_l m389_6m_l\">\n<div class=\"mp4t_16_s mryx_16_s mr3m_1 mli2_1 mh85_56 mh85_0_l\">\n<div class=\"mgn2_16 _0d3bd_am0a-\">\n<h3>KROPLE PROPOLISOWE W ATOMIZERZE Z PROPOLISU 10% 20G<\/h3>\n<p>Pasieka jest pod sta\u0142\u0105 kontrol\u0105 powiatowego lekarza weterynarii. Numer weterynaryjny pasieki: PL12015289.<\/p>\n<\/div>\n<\/div>\n<\/div>\n<div class=\"mpof_ki myre_zn myre_8v_l m389_6m_l\">\n<div class=\"mp4t_16_s mryx_16_s mr3m_1 mli2_1 mh85_56 mh85_0_l\">\n<div class=\"mgn2_16 _0d3bd_am0a-\">\n<p><b>P\u0142yn zawieraj\u0105cy ekstrakt propolisu.<\/b><\/p>\n<p>Propolis jest naturaln\u0105 substancj\u0105 zbieran\u0105 przez pszczo\u0142y z ro\u015blin. Zawiera w swoim sk\u0142adzie ponad 300 zidentyfikowanych zwi\u0105zk\u00f3w. W\u015br\u00f3d sk\u0142adnik\u00f3w biologicznie aktywnych najliczniejsz\u0105 grup\u0119 stanowi\u0105 zwi\u0105zki fenolowe (50-60%) w tym kwasy aromatyczne (benzoesowy, cynamonowy, kawowy i ferulowy), alkohole (benzylowy i cynamonowy), estry wymienionych zwi\u0105zk\u00f3w oraz flawonoidy (ok. 5%) kwercetyna, pinocembryna, galangina.<\/p>\n<p><b>Do u\u017cytku wewn\u0119trznego:<\/b><\/p>\n<p>Doro\u015bli:\u00a020-40 kropli z dodatkiem miodu (ok. 1\/2 \u0142y\u017ceczki), cukru lub z odrobin\u0105 wody (dla diabetyk\u00f3w).<\/p>\n<p>Dzieci:\u00a0podajemy tyle kropli p\u0142ynu ile dziecko ma lat.<\/p>\n<\/div>\n<\/div>\n<\/div>\n<div class=\"mpof_ki myre_zn myre_8v_l m389_6m_l\">\n<div class=\"mp4t_16_s mryx_16_s mr3m_1 mli2_1 mh85_56 mh85_0_l\">\n<div class=\"mgn2_16 _0d3bd_am0a-\">\n<p><b>Do u\u017cytku zewn\u0119trznego:<\/b><\/p>\n<p>W postaci nierozcie\u0144czonej do p\u0119dzlowania b\u0142ony \u015bluzowej nosa, gard\u0142a, dzi\u0105se\u0142; do smarowania oparze\u0144 i trudno goj\u0105cych si\u0119 ran, w owrzodzeniach i grzybicach.<\/p>\n<\/div>\n<\/div>\n<\/div>\n<div class=\"mpof_ki myre_zn myre_8v_l m389_6m_l\">\n<div class=\"mp4t_16_s mryx_16_s mr3m_1 mli2_1 mh85_56 mh85_0_l\">\n<div class=\"mgn2_16 _0d3bd_am0a-\">\n<p><b>UWAGA!<\/b><\/p>\n<p>Produkty przez nas polecane s\u0105 produktami \u017cywieniowymi i nie s\u0105 przeznaczone do leczenia ani zapobiegania jakimkolwiek chorobom.<\/p>\n<p>Suplementy diety nie mog\u0105 by\u0107 stosowane jako substytut zr\u00f3\u017cnicowanej diety.<\/p>\n<p>Nie nale\u017cy przekracza\u0107 zalecanej porcji do spo\u017cycia w ci\u0105gu dnia.<\/p>\n<p>Zr\u00f3\u017cnicowana dieta, zdrowy tryb \u017cycia i zbilansowany spos\u00f3b \u017cywienia s\u0105 istotne dla zachowania zdrowia, a pojedyncze produkty maj\u0105 relatywne znaczenie w kontek\u015bcie ca\u0142ego sposobu \u017cywienia.<\/p>\n<p>Polecane przez nas metody oraz przypadki stosowania preparat\u00f3w s\u0105 metodami naturalnymi, jednak nie nale\u017cy na tej podstawie mylnie wnioskowa\u0107 na temat intensywno\u015bci ich dzia\u0142ania.<\/p>\n<p>Zale\u017cnie od indywidualnej wra\u017cliwo\u015bci ka\u017cda z metod mo\u017ce wywo\u0142a\u0107 r\u00f3\u017cne reakcje, kt\u00f3re w przypadkach nieumiej\u0119tnego stosowania lub \u0142\u0105czenia, mog\u0105 przynie\u015b\u0107 negatywne rezultaty. Proponujemy aby ka\u017cdy z Pa\u0144stwa korzysta\u0142 z opisywanych przez nas metod z rozwag\u0105, ostro\u017cno\u015bci\u0105 oraz pod nadzorem lekarza medycyny alternatywnej.<\/p>\n<\/div>\n<\/div>\n<\/div>\n<\/div>\n<\/div>\n<p><\/p>","protected":false},"excerpt":{"rendered":"<p>KROPLE PROPOLISOWE W ATOMIZERZE Z PROPOLISU 10% 20G Pasieka jest pod sta\u0142\u0105 kontrol\u0105 powiatowego lekarza weterynarii. Numer weterynaryjny pasieki: PL12015289. P\u0142yn zawieraj\u0105cy ekstrakt propolisu. Propolis jest naturaln\u0105 substancj\u0105 zbieran\u0105 przez pszczo\u0142y z ro\u015blin. Zawiera w swoim sk\u0142adzie ponad 300 zidentyfikowanych zwi\u0105zk\u00f3w. W\u015br\u00f3d sk\u0142adnik\u00f3w biologicznie aktywnych najliczniejsz\u0105 grup\u0119 stanowi\u0105 zwi\u0105zki fenolowe (50-60%) w tym kwasy aromatyczne<a href=\"https:\/\/niepolomickibartnik.pl\/de\/product\/krople-propolisowe-w-atomizerze-z-propolisu-10-20g\/\">Continue reading <span class=\"sr-only\">&#8222;Krople propolisowe atomizer 10% 20G&#8220;<\/span><\/a><\/p>\n","protected":false},"featured_media":6130,"template":"","meta":{"_acf_changed":false},"product_brand":[],"product_cat":[20],"product_tag":[],"class_list":{"0":"post-69","1":"product","2":"type-product","3":"status-publish","4":"has-post-thumbnail","6":"product_cat-produkty-pszczele","8":"first","9":"instock","10":"shipping-taxable","11":"purchasable","12":"product-type-simple"},"acf":[],"_links":{"self":[{"href":"https:\/\/niepolomickibartnik.pl\/de\/wp-json\/wp\/v2\/product\/69","targetHints":{"allow":["GET"]}}],"collection":[{"href":"https:\/\/niepolomickibartnik.pl\/de\/wp-json\/wp\/v2\/product"}],"about":[{"href":"https:\/\/niepolomickibartnik.pl\/de\/wp-json\/wp\/v2\/types\/product"}],"wp:featuredmedia":[{"embeddable":true,"href":"https:\/\/niepolomickibartnik.pl\/de\/wp-json\/wp\/v2\/media\/6130"}],"wp:attachment":[{"href":"https:\/\/niepolomickibartnik.pl\/de\/wp-json\/wp\/v2\/media?parent=69"}],"wp:term":[{"taxonomy":"product_brand","embeddable":true,"href":"https:\/\/niepolomickibartnik.pl\/de\/wp-json\/wp\/v2\/product_brand?post=69"},{"taxonomy":"product_cat","embeddable":true,"href":"https:\/\/niepolomickibartnik.pl\/de\/wp-json\/wp\/v2\/product_cat?post=69"},{"taxonomy":"product_tag","embeddable":true,"href":"https:\/\/niepolomickibartnik.pl\/de\/wp-json\/wp\/v2\/product_tag?post=69"}],"curies":[{"name":"wp","href":"https:\/\/api.w.org\/{rel}","templated":true}]}}