{"id":65,"date":"2024-11-29T19:19:42","date_gmt":"2024-11-29T19:19:42","guid":{"rendered":"https:\/\/niepolomickibartnik.pl\/?post_type=product&#038;p=65"},"modified":"2025-09-16T14:17:04","modified_gmt":"2025-09-16T14:17:04","slug":"miod-wrzosowy-naturalny-ekologiczny-polski-12kg-swiezy-z-pasieki-porebski","status":"publish","type":"product","link":"https:\/\/niepolomickibartnik.pl\/de\/product\/miod-wrzosowy-naturalny-ekologiczny-polski-12kg-swiezy-z-pasieki-porebski\/","title":{"rendered":"Mi\u00f3d wrzosowy 1,2kg"},"content":{"rendered":"<p><\/p>\n<div class=\"mpof_ki myre_zn myre_8v_l m389_6m_l\">\n<div class=\"mp4t_16_s mryx_16_s mr3m_1 mli2_1 mh85_56 mh85_0_l\">\n<div class=\"mgn2_16 _0d3bd_am0a-\">\n<h3>MI\u00d3D WRZOSOWY NATURALNY EKOLOGICZNY POLSKI 1,2kg \u015aWIE\u017bY z PASIEKI POR\u0118BSKI<\/h3>\n<p>Pasieka jest pod sta\u0142\u0105 kontrol\u0105 powiatowego lekarza weterynarii. Numer weterynaryjny pasieki: PL12015289.<\/p>\n<\/div>\n<\/div>\n<\/div>\n<div class=\"mpof_ki myre_zn myre_8v_l m389_6m_l\">\n<div class=\"mp4t_16_s mryx_16_s mr3m_1 mli2_1 mh85_56 mh85_0_l\">\n<div class=\"mgn2_16 _0d3bd_am0a-\">\n<p><b>Mi\u00f3d wrzosowy<\/b> to prawdziwa per\u0142a w\u015br\u00f3d miod\u00f3w, znany ze swojego intensywnego smaku, bogatej konsystencji i wyj\u0105tkowych w\u0142a\u015bciwo\u015bci zdrowotnych. Nasz mi\u00f3d pochodzi z tegorocznych zbior\u00f3w, co gwarantuje jego \u015bwie\u017co\u015b\u0107 i najwy\u017csz\u0105 jako\u015b\u0107. Jest to produkt w 100% naturalny, pozyskiwany z czystych, ekologicznych teren\u00f3w wrzosowisk, bez jakichkolwiek sztucznych dodatk\u00f3w. Doskona\u0142y zar\u00f3wno do codziennego u\u017cytku, jak i jako elegancki prezent dla mi\u0142o\u015bnik\u00f3w zdrowej \u017cywno\u015bci i wyrafinowanych smak\u00f3w.<\/p>\n<\/div>\n<\/div>\n<\/div>\n<div class=\"mpof_ki myre_zn myre_8v_l m389_6m_l\">\n<div class=\"mp4t_16_s mryx_16_s mr3m_1 mli2_1 mh85_56 mh85_0_l\">\n<div class=\"mgn2_16 _0d3bd_am0a-\">\n<h3>Najwa\u017cniejsze cechy produktu:<\/h3>\n<ul>\n<li><b>\u2705 100% naturalny i nieprzetworzony<\/b> \u2013 Mi\u00f3d wrzosowy pochodzi z polskiej pasieki, w kt\u00f3rych pszczo\u0142y zbieraj\u0105 nektar z wrzosowisk. Ka\u017cdy s\u0142oik to czysty, naturalny produkt, bez konserwant\u00f3w i sztucznych barwnik\u00f3w.<\/li>\n<li><b>\u2705 G\u0119sta i kremowa konsystencja<\/b> \u2013 Prawdziwy mi\u00f3d wrzosowy charakteryzuje si\u0119 wyj\u0105tkow\u0105, g\u0119st\u0105 konsystencj\u0105, kt\u00f3ra \u015bwiadczy o jego autentyczno\u015bci. Idealnie nadaje si\u0119 do smarowania, jest te\u017c doskona\u0142ym dodatkiem do herbat, deser\u00f3w, pieczywa oraz da\u0144 \u015bniadaniowych.<\/li>\n<li><b>\u2705 Wyj\u0105tkowy smak i aromat<\/b> \u2013 Mi\u00f3d wrzosowy posiada charakterystyczny, nieco wytrawny, kwiatowy smak z subteln\u0105 nut\u0105 goryczki. Jego intensywny, wrzosowy aromat przywo\u0142uje na my\u015bl rozleg\u0142e wrzosowiska i pozwala poczu\u0107 blisko\u015b\u0107 natury.<\/li>\n<\/ul>\n<\/div>\n<\/div>\n<\/div>\n<div class=\"mpof_ki myre_zn myre_8v_l m389_6m_l\">\n<div class=\"mp4t_16_s mryx_16_s mr3m_1 mli2_1 mh85_56 mh85_0_l\">\n<div class=\"mgn2_16 _0d3bd_am0a-\">\n<ul>\n<li><b>\u2705 Naturalne \u017ar\u00f3d\u0142o zdrowia<\/b> \u2013 Ten mi\u00f3d to prawdziwe bogactwo witamin (zw\u0142aszcza witaminy C i z grupy B), minera\u0142\u00f3w, antyoksydant\u00f3w oraz enzym\u00f3w, kt\u00f3re wspieraj\u0105 zdrowie. Dzia\u0142a przeciwbakteryjnie, wzmacnia odporno\u015b\u0107 i przyspiesza regeneracj\u0119 organizmu. Jest tak\u017ce polecany w stanach zm\u0119czenia oraz os\u0142abienia organizmu.<\/li>\n<li><b>\u2705 W\u0142a\u015bciwo\u015bci przeciwzapalne i lecznicze<\/b> \u2013 Mi\u00f3d wrzosowy znany jest ze swoich w\u0142a\u015bciwo\u015bci wspomagaj\u0105cych w walce z przezi\u0119bieniami i infekcjami dr\u00f3g oddechowych. Mo\u017ce by\u0107 stosowany profilaktycznie w celu wzmocnienia odporno\u015bci oraz jako wsparcie w walce z infekcjami i stanami zapalnymi.<\/li>\n<li><b>\u2705 Rzadki i ekskluzywny produkt<\/b> \u2013 Mi\u00f3d wrzosowy to rzadki mi\u00f3d, kt\u00f3rego zbi\u00f3r jest uzale\u017cniony od kr\u00f3tkiego okresu kwitnienia wrzosu oraz odpowiednich warunk\u00f3w pogodowych. Jego pozyskanie jest trudne i czasoch\u0142onne, co sprawia, \u017ce nale\u017cy do produkt\u00f3w premium, cenionych na ca\u0142ym \u015bwiecie.<\/li>\n<\/ul>\n<\/div>\n<\/div>\n<div class=\"mp4t_16_s mryx_16_s mr3m_1 mli2_1 mh85_56 mh85_0_l\">\n<div class=\"mg9e_8 mj7a_8 mg9e_0_s mvrt_0_s mj7a_0_s mh36_0_s mzmg_6m munh_16_l m3h2_16_l\"><\/div>\n<\/div>\n<\/div>\n<div class=\"mpof_ki myre_zn myre_8v_l m389_6m_l\">\n<div class=\"mp4t_16_s mryx_16_s mr3m_1 mli2_1 mh85_56 mh85_0_l\">\n<div class=\"mg9e_8 mj7a_8 mg9e_0_s mvrt_0_s mj7a_0_s mh36_0_s mzmg_6m munh_16_l m3h2_16_l\"><\/div>\n<\/div>\n<div class=\"mp4t_16_s mryx_16_s mr3m_1 mli2_1 mh85_56 mh85_0_l\">\n<div class=\"mgn2_16 _0d3bd_am0a-\">\n<h3>Do ka\u017cdego zam\u00f3wienia gratis firmowa pa\u0142eczka do miodu.<\/h3>\n<h3>Dlaczego warto wybra\u0107 mi\u00f3d wrzosowy?<\/h3>\n<p>Jego regularne spo\u017cywanie mo\u017ce korzystnie wp\u0142yn\u0105\u0107 na zdrowie, poprawi\u0107 samopoczucie oraz doda\u0107 energii w naturalny spos\u00f3b. Wyr\u00f3\u017cnia go tak\u017ce silne dzia\u0142anie antyseptyczne i regeneruj\u0105ce, co sprawia, \u017ce doskonale sprawdza si\u0119 w okresach zwi\u0119kszonego ryzyka zachorowa\u0144 oraz w czasie rekonwalescencji.<\/p>\n<h3>Idealny prezent dla mi\u0142o\u015bnik\u00f3w natury<\/h3>\n<p>Ze wzgl\u0119du na swoje wyj\u0105tkowe walory smakowe i zdrowotne, mi\u00f3d wrzosowy jest \u015bwietnym pomys\u0142em na prezent dla bliskich. Pi\u0119knie zapakowany s\u0142oik z tym naturalnym skarbem to elegancki i przemy\u015blany upominek, kt\u00f3ry ucieszy zar\u00f3wno mi\u0142o\u015bnik\u00f3w miod\u00f3w, jak i osoby dbaj\u0105ce o zdrowie oraz jako\u015b\u0107 spo\u017cywanych produkt\u00f3w.<\/p>\n<\/div>\n<\/div>\n<\/div>\n<div class=\"mpof_ki myre_zn myre_8v_l m389_6m_l\">\n<div class=\"mp4t_16_s mryx_16_s mr3m_1 mli2_1 mh85_56 mh85_0_l\">\n<div class=\"mgn2_16 _0d3bd_am0a-\">\n<h3>Dlaczego mi\u00f3d wrzosowy nie ma daty wa\u017cno\u015bci?<\/h3>\n<p>Mi\u00f3d jest jednym z najbardziej trwa\u0142ych produkt\u00f3w spo\u017cywczych. Dzi\u0119ki swoim unikalnym w\u0142a\u015bciwo\u015bciom antybakteryjnym, niskiej wilgotno\u015bci i wysokiej zawarto\u015bci cukr\u00f3w, praktycznie si\u0119 nie psuje. Chocia\u017c producenci s\u0105 zobowi\u0105zani do umieszczania daty przydatno\u015bci do spo\u017cycia (zwykle sugeruj\u0105cej spo\u017cycie miodu w ci\u0105gu 3 lat od produkcji), prawid\u0142owo przechowywany mi\u00f3d mo\u017ce by\u0107 jadalny przez wiele lat.<\/p>\n<\/div>\n<\/div>\n<\/div>\n<div class=\"mpof_ki myre_zn myre_8v_l m389_6m_l\">\n<div class=\"mp4t_16_s mryx_16_s mr3m_1 mli2_1 mh85_56 mh85_0_l\">\n<div class=\"mgn2_16 _0d3bd_am0a-\">\n<p><b>Zasady prawid\u0142owego przechowywania miodu:<\/b><\/p>\n<p>Aby mi\u00f3d zachowa\u0142 swoje w\u0142a\u015bciwo\u015bci jak najd\u0142u\u017cej, nale\u017cy go przechowywa\u0107 w odpowiednich warunkach:<\/p>\n<ul>\n<li><b>Temperatura:<\/b>\u00a0Optymalna temperatura to od 10 do 20\u00b0C. Zbyt niska temperatura, np. w lod\u00f3wce, mo\u017ce prowadzi\u0107 do krystalizacji miodu, co jest naturalnym procesem, ale mo\u017ce utrudnia\u0107 jego u\u017cycie. Z kolei zbyt wysoka temperatura mo\u017ce powodowa\u0107 utrat\u0119 cennych enzym\u00f3w i witamin.<\/li>\n<li><b>Miejsce:<\/b>\u00a0Mi\u00f3d najlepiej przechowywa\u0107 w ch\u0142odnym, ciemnym miejscu, z dala od bezpo\u015bredniego \u015bwiat\u0142a s\u0142onecznego. \u015awiat\u0142o i wysoka temperatura przyspieszaj\u0105 proces utleniania, co mo\u017ce wp\u0142yn\u0105\u0107 na jako\u015b\u0107 miodu.<\/li>\n<li><b>Opakowanie:<\/b>\u00a0Mi\u00f3d powinien by\u0107 przechowywany w szczelnie zamkni\u0119tych pojemnikach \u2013 najlepiej w szklanych s\u0142oikach z dopasowan\u0105 pokrywk\u0105. S\u0142oiki musz\u0105 by\u0107 czyste, suche i szczelnie zamkni\u0119te, aby zapobiec dost\u0119powi wilgoci i powietrza, kt\u00f3re mog\u0105 pogorszy\u0107 jego jako\u015b\u0107.<\/li>\n<\/ul>\n<\/div>\n<\/div>\n<div class=\"mp4t_16_s mryx_16_s mr3m_1 mli2_1 mh85_56 mh85_0_l\">\n<div class=\"mg9e_8 mj7a_8 mg9e_0_s mvrt_0_s mj7a_0_s mh36_0_s mzmg_6m munh_16_l m3h2_16_l\"><\/div>\n<\/div>\n<\/div>\n<div class=\"mpof_ki myre_zn myre_8v_l m389_6m_l\">\n<div class=\"mp4t_16_s mryx_16_s mr3m_1 mli2_1 mh85_56 mh85_0_l\">\n<div class=\"mgn2_16 _0d3bd_am0a-\">\n<h3>Nasze inne produkty:<\/h3>\n<p>Opr\u00f3cz miodu wrzosowego, w naszej ofercie znajd\u0105 Pa\u0144stwo inne odmiany miod\u00f3w, takie jak: spadziowy, wielokwiatowy, akacjowy, faceliowy, gryczany, le\u015bny, lipowy. Wszystkie nasze miody dost\u0119pne s\u0105 w r\u00f3\u017cnych gramaturach: 250g, 400g, 600g i 1200g.<\/p>\n<\/div>\n<\/div>\n<\/div>\n<div class=\"mpof_ki myre_zn myre_8v_l m389_6m_l\">\n<div class=\"mp4t_16_s mryx_16_s mr3m_1 mli2_1 mh85_56 mh85_0_l\">\n<div class=\"mgn2_16 _0d3bd_am0a-\">\n<h3>Nasza pasieka:<\/h3>\n<p>Zapraszamy do zakupu wyj\u0105tkowego,\u00a0<b>ekologicznego<\/b>\u00a0<b>miodu wrzosowego<\/b>\u00a0z naszej rodzinnej pasieki w miejscowo\u015bci Drwinia, po\u0142o\u017conej na terenach ekologicznych Puszczy Niepo\u0142omickiej oraz w Rezerwacie Przyrody.<\/p>\n<p>Nasza pasieka znajduje si\u0119 r\u00f3wnie\u017c w kompleksie las\u00f3w jod\u0142owych na Pog\u00f3rzu Ci\u0119\u017ckowicko-Ro\u017cnowskim, co gwarantuje czysto\u015b\u0107 i najwy\u017csz\u0105 jako\u015b\u0107 pozyskiwanych produkt\u00f3w.<\/p>\n<p><b>Mi\u00f3d wrzosowy<\/b>, kt\u00f3ry oferujemy, to wynik pracy pszcz\u00f3\u0142, kt\u00f3re zbieraj\u0105 nektar z kwiat\u00f3w na nieska\u017conych terenach, daleko od zanieczyszcze\u0144 przemys\u0142owych. Nasza pasieka pozwala na pozyskiwanie r\u00f3\u017cnorodnych produkt\u00f3w pszczelich przez ca\u0142y sezon \u2013 od wczesnej wiosny a\u017c do p\u00f3\u017anej jesieni.<\/p>\n<\/div>\n<\/div>\n<\/div>\n<div class=\"mpof_ki myre_zn myre_8v_l m389_6m_l\">\n<div class=\"mp4t_16_s mryx_16_s mr3m_1 mli2_1 mh85_56 mh85_0_l\">\n<div class=\"mgn2_16 _0d3bd_am0a-\">\n<p>Kupuj\u0105c mi\u00f3d wrzosowy z Pasieki Niepo\u0142omice, wybierasz nie tylko produkt o wyj\u0105tkowym smaku i zdrowotnych w\u0142a\u015bciwo\u015bciach, ale tak\u017ce wspierasz lokalnych pszczelarzy, kt\u00f3rzy z pasj\u0105 i trosk\u0105 dbaj\u0105 o naturalne \u015brodowisko oraz swoje pszczo\u0142y. <b>Do\u0142\u0105cz do grona zadowolonych klient\u00f3w i ciesz si\u0119 smakiem natury zamkni\u0119tym w s\u0142oiku!<\/b><\/p>\n<\/div>\n<\/div>\n<\/div>\n<p><\/p>","protected":false},"excerpt":{"rendered":"<p>MI\u00d3D WRZOSOWY NATURALNY EKOLOGICZNY POLSKI 1,2kg \u015aWIE\u017bY z PASIEKI POR\u0118BSKI Pasieka jest pod sta\u0142\u0105 kontrol\u0105 powiatowego lekarza weterynarii. Numer weterynaryjny pasieki: PL12015289. Mi\u00f3d wrzosowy to prawdziwa per\u0142a w\u015br\u00f3d miod\u00f3w, znany ze swojego intensywnego smaku, bogatej konsystencji i wyj\u0105tkowych w\u0142a\u015bciwo\u015bci zdrowotnych. Nasz mi\u00f3d pochodzi z tegorocznych zbior\u00f3w, co gwarantuje jego \u015bwie\u017co\u015b\u0107 i najwy\u017csz\u0105 jako\u015b\u0107. Jest to<a href=\"https:\/\/niepolomickibartnik.pl\/de\/product\/miod-wrzosowy-naturalny-ekologiczny-polski-12kg-swiezy-z-pasieki-porebski\/\">Continue reading <span class=\"sr-only\">&#8222;Mi\u00f3d wrzosowy 1,2kg&#8220;<\/span><\/a><\/p>\n","protected":false},"featured_media":6527,"template":"","meta":{"_acf_changed":false},"product_brand":[],"product_cat":[18],"product_tag":[],"class_list":{"0":"post-65","1":"product","2":"type-product","3":"status-publish","4":"has-post-thumbnail","6":"product_cat-miody","8":"first","9":"instock","10":"shipping-taxable","11":"purchasable","12":"product-type-simple"},"acf":[],"_links":{"self":[{"href":"https:\/\/niepolomickibartnik.pl\/de\/wp-json\/wp\/v2\/product\/65","targetHints":{"allow":["GET"]}}],"collection":[{"href":"https:\/\/niepolomickibartnik.pl\/de\/wp-json\/wp\/v2\/product"}],"about":[{"href":"https:\/\/niepolomickibartnik.pl\/de\/wp-json\/wp\/v2\/types\/product"}],"wp:featuredmedia":[{"embeddable":true,"href":"https:\/\/niepolomickibartnik.pl\/de\/wp-json\/wp\/v2\/media\/6527"}],"wp:attachment":[{"href":"https:\/\/niepolomickibartnik.pl\/de\/wp-json\/wp\/v2\/media?parent=65"}],"wp:term":[{"taxonomy":"product_brand","embeddable":true,"href":"https:\/\/niepolomickibartnik.pl\/de\/wp-json\/wp\/v2\/product_brand?post=65"},{"taxonomy":"product_cat","embeddable":true,"href":"https:\/\/niepolomickibartnik.pl\/de\/wp-json\/wp\/v2\/product_cat?post=65"},{"taxonomy":"product_tag","embeddable":true,"href":"https:\/\/niepolomickibartnik.pl\/de\/wp-json\/wp\/v2\/product_tag?post=65"}],"curies":[{"name":"wp","href":"https:\/\/api.w.org\/{rel}","templated":true}]}}