{"id":6479,"date":"2025-08-23T14:45:07","date_gmt":"2025-08-23T14:45:07","guid":{"rendered":"https:\/\/niepolomickibartnik.pl\/?post_type=product&#038;p=6479"},"modified":"2025-08-28T09:43:19","modified_gmt":"2025-08-28T09:43:19","slug":"miod-ze-spirulina-1150g-polski-prawdziwy-pasieka-porebski-naturalny-swiezy","status":"publish","type":"product","link":"https:\/\/niepolomickibartnik.pl\/de\/product\/miod-ze-spirulina-1150g-polski-prawdziwy-pasieka-porebski-naturalny-swiezy\/","title":{"rendered":"(Polski) MI\u00d3D ZE SPIRULIN\u0104 1150g POLSKI PRAWDZIWY PASIEKA POR\u0118BSKI NATURALNY \u015aWIE\u017bY"},"content":{"rendered":"<p class=\"qtranxs-available-languages-message qtranxs-available-languages-message-de\">Leider ist der Eintrag nur auf <a href=\"https:\/\/niepolomickibartnik.pl\/pl\/wp-json\/wp\/v2\/product\/6479\" class=\"qtranxs-available-language-link qtranxs-available-language-link-pl\" title=\"Polski\">Polski<\/a> verf\u00fcgbar.<\/p>","protected":false},"excerpt":{"rendered":"<p>Leider ist der Eintrag nur auf Polski verf\u00fcgbar.<\/p>\n","protected":false},"featured_media":6481,"template":"","meta":{"_acf_changed":false},"product_brand":[],"product_cat":[33,18],"product_tag":[],"class_list":{"0":"post-6479","1":"product","2":"type-product","3":"status-publish","4":"has-post-thumbnail","6":"product_cat-smakowe-2","7":"product_cat-miody","9":"first","10":"instock","11":"shipping-taxable","12":"purchasable","13":"product-type-simple"},"acf":[],"_links":{"self":[{"href":"https:\/\/niepolomickibartnik.pl\/de\/wp-json\/wp\/v2\/product\/6479","targetHints":{"allow":["GET"]}}],"collection":[{"href":"https:\/\/niepolomickibartnik.pl\/de\/wp-json\/wp\/v2\/product"}],"about":[{"href":"https:\/\/niepolomickibartnik.pl\/de\/wp-json\/wp\/v2\/types\/product"}],"wp:featuredmedia":[{"embeddable":true,"href":"https:\/\/niepolomickibartnik.pl\/de\/wp-json\/wp\/v2\/media\/6481"}],"wp:attachment":[{"href":"https:\/\/niepolomickibartnik.pl\/de\/wp-json\/wp\/v2\/media?parent=6479"}],"wp:term":[{"taxonomy":"product_brand","embeddable":true,"href":"https:\/\/niepolomickibartnik.pl\/de\/wp-json\/wp\/v2\/product_brand?post=6479"},{"taxonomy":"product_cat","embeddable":true,"href":"https:\/\/niepolomickibartnik.pl\/de\/wp-json\/wp\/v2\/product_cat?post=6479"},{"taxonomy":"product_tag","embeddable":true,"href":"https:\/\/niepolomickibartnik.pl\/de\/wp-json\/wp\/v2\/product_tag?post=6479"}],"curies":[{"name":"wp","href":"https:\/\/api.w.org\/{rel}","templated":true}]}}