{"id":64,"date":"2024-11-29T19:19:42","date_gmt":"2024-11-29T19:19:42","guid":{"rendered":"https:\/\/niepolomickibartnik.pl\/?post_type=product&#038;p=64"},"modified":"2025-09-03T11:28:00","modified_gmt":"2025-09-03T11:28:00","slug":"miod-akacjowy-naturalny-ekologiczny-polski-12kg-swiezy-z-pasieki-porebski","status":"publish","type":"product","link":"https:\/\/niepolomickibartnik.pl\/de\/product\/miod-akacjowy-naturalny-ekologiczny-polski-12kg-swiezy-z-pasieki-porebski\/","title":{"rendered":"Mi\u00f3d akacjowy 1,2kg"},"content":{"rendered":"<p><\/p>\n<div class=\"mpof_ki myre_zn myre_8v_l m389_6m_l\">\n<div class=\"mp4t_16_s mryx_16_s mr3m_1 mli2_1 mh85_56 mh85_0_l\">\n<div class=\"mgn2_16 _0d3bd_am0a-\">\n<h3>MI\u00d3D AKACJOWY NATURALNY EKOLOGICZNY POLSKI 1,2kg \u015aWIE\u017bY z PASIEKI POR\u0118BSKI<\/h3>\n<p>Pasieka jest pod sta\u0142\u0105 kontrol\u0105 powiatowego lekarza weterynarii. Numer weterynaryjny pasieki: PL12015289.<\/p>\n<\/div>\n<\/div>\n<\/div>\n<div class=\"mpof_ki myre_zn myre_8v_l m389_6m_l\">\n<div class=\"mp4t_16_s mryx_16_s mr3m_1 mli2_1 mh85_56 mh85_0_l\">\n<div class=\"mgn2_16 _0d3bd_am0a-\">\n<h3>Dlaczego warto wybra\u0107 nasz mi\u00f3d?<\/h3>\n<ul>\n<li><b>\u015awie\u017co\u015b\u0107 i jako\u015b\u0107:<\/b> Zbierany z najczystszych polskich teren\u00f3w, zgodnie z tradycyjnymi metodami pszczelarskimi, co gwarantuje, \u017ce ka\u017cda kropla miodu zachowuje swoje cenne w\u0142a\u015bciwo\u015bci.<\/li>\n<li><b>Prosto z pasieki:<\/b> Bez po\u015brednik\u00f3w \u2013 mi\u00f3d trafia bezpo\u015brednio od pszczelarza na Tw\u00f3j st\u00f3\u0142.<\/li>\n<li><b>Naturalna produkcja:<\/b> Mi\u00f3d jest zbierany z szacunkiem dla pszcz\u00f3\u0142 i ich \u015brodowiska, co pozwala nam dostarcza\u0107 produkt najwy\u017cszej jako\u015bci, jednocze\u015bnie dbaj\u0105c o ekosystem.<\/li>\n<\/ul>\n<\/div>\n<\/div>\n<\/div>\n<div class=\"mpof_ki myre_zn myre_8v_l m389_6m_l\">\n<div class=\"mp4t_16_s mryx_16_s mr3m_1 mli2_1 mh85_56 mh85_0_l\">\n<div class=\"mg9e_8 mj7a_8 mg9e_0_s mvrt_0_s mj7a_0_s mh36_0_s mzmg_6m munh_16_l m3h2_16_l\"><\/div>\n<\/div>\n<div class=\"mp4t_16_s mryx_16_s mr3m_1 mli2_1 mh85_56 mh85_0_l\">\n<div class=\"mgn2_16 _0d3bd_am0a-\">\n<h3>W\u0142a\u015bciwo\u015bci zdrowotne:<\/h3>\n<ul>\n<li><b>\u2705 Wspomaganie trawienia:<\/b> Mi\u00f3d akacjowy znany jest z \u0142agodzenia problem\u00f3w trawiennych, a tak\u017ce pozytywnie wp\u0142ywa na uk\u0142ad pokarmowy, zw\u0142aszcza przy nadkwa\u015bno\u015bci \u017co\u0142\u0105dka.<\/li>\n<li><b>\u2705 Dzia\u0142anie koj\u0105ce na gard\u0142o:<\/b> Doskona\u0142y naturalny \u015brodek na b\u00f3l gard\u0142a i kaszel. Dzi\u0119ki swoim w\u0142a\u015bciwo\u015bciom \u0142agodzi stany zapalne i dzia\u0142a nawil\u017caj\u0105co.<\/li>\n<li><b>\u2705 Wzmacnianie odporno\u015bci:<\/b> Regularne spo\u017cywanie miodu akacjowego wspomaga naturaln\u0105 odporno\u015b\u0107 organizmu, dzi\u0119ki obecno\u015bci przeciwutleniaczy i substancji antybakteryjnych.<\/li>\n<li><b>\u2705 Niski indeks glikemiczny:<\/b> Dzi\u0119ki wysokiej zawarto\u015bci fruktozy mi\u00f3d akacjowy ma ni\u017cszy indeks glikemiczny ni\u017c inne miody, co sprawia, \u017ce jest lepszym wyborem dla os\u00f3b dbaj\u0105cych o poziom cukru we krwi.<\/li>\n<\/ul>\n<\/div>\n<\/div>\n<\/div>\n<div class=\"mpof_ki myre_zn myre_8v_l m389_6m_l\">\n<div class=\"mp4t_16_s mryx_16_s mr3m_1 mli2_1 mh85_56 mh85_0_l\">\n<div class=\"mgn2_16 _0d3bd_am0a-\">\n<h3>Korzy\u015bci i zalety naszego miodu akacjowego:<\/h3>\n<ul>\n<li><b>\u2764\ufe0f<\/b> Pochodzi z <b>polskiej pasieki,<\/b> co daje pewno\u015b\u0107, \u017ce produkt jest \u015bwie\u017cy, naturalny i w pe\u0142ni ekologiczny.<\/li>\n<li><b>\u2764\ufe0f Bez dodatku cukru, konserwant\u00f3w i sztucznych sk\u0142adnik\u00f3w <\/b>\u2013 tylko 100% naturalnego miodu.<\/li>\n<li><b>\u2764\ufe0f <\/b>Odpowiedni dla dzieci i doros\u0142ych, idealny dla ka\u017cdego, kto dba o zdrowie i chce wzbogaci\u0107 swoj\u0105 diet\u0119 o <b>naturalne sk\u0142adniki.<\/b><\/li>\n<li><b>\u2764\ufe0f <\/b>Mi\u00f3d akacjowy jest <b>delikatny w smaku,<\/b> dlatego idealnie nadaje si\u0119 tak\u017ce dla os\u00f3b, kt\u00f3re dopiero zaczynaj\u0105 przygod\u0119 z miodami.<\/li>\n<\/ul>\n<\/div>\n<\/div>\n<div class=\"mp4t_16_s mryx_16_s mr3m_1 mli2_1 mh85_56 mh85_0_l\">\n<div class=\"mg9e_8 mj7a_8 mg9e_0_s mvrt_0_s mj7a_0_s mh36_0_s mzmg_6m munh_16_l m3h2_16_l\"><\/div>\n<\/div>\n<\/div>\n<div class=\"mpof_ki myre_zn myre_8v_l m389_6m_l\">\n<div class=\"mp4t_16_s mryx_16_s mr3m_1 mli2_1 mh85_56 mh85_0_l\">\n<div class=\"mg9e_8 mj7a_8 mg9e_0_s mvrt_0_s mj7a_0_s mh36_0_s mzmg_6m munh_16_l m3h2_16_l\"><\/div>\n<\/div>\n<div class=\"mp4t_16_s mryx_16_s mr3m_1 mli2_1 mh85_56 mh85_0_l\">\n<div class=\"mgn2_16 _0d3bd_am0a-\">\n<h3>Do ka\u017cdego zam\u00f3wienia gratis firmowa pa\u0142eczka do miodu.<\/h3>\n<h3>Najwa\u017cniejsze cechy miodu akacjowego:<\/h3>\n<ul>\n<li><b>\u27a1\ufe0f Pochodzenie:<\/b> Polska pasieka, zbiory z 2024 roku, co gwarantuje, \u017ce mi\u00f3d jest \u015bwie\u017cy i pe\u0142en warto\u015bci od\u017cywczych.<\/li>\n<li><b>\u27a1\ufe0f Rodzaj miodu:<\/b> 100% mi\u00f3d akacjowy \u2013 surowy, niefiltrowany, bez \u017cadnych sztucznych dodatk\u00f3w i konserwant\u00f3w.<\/li>\n<li><b>\u27a1\ufe0f Smak i zapach:<\/b> Delikatnie s\u0142odki, lekko kwiatowy smak, kt\u00f3ry nie dominuje, ale subtelnie podkre\u015bla potrawy i napoje. Aromat miodu akacjowego jest przyjemny, lekko kwiatowy, co czyni go doskona\u0142ym dodatkiem zar\u00f3wno do herbaty, jak i deser\u00f3w.<\/li>\n<li><b>\u27a1\ufe0f Barwa:<\/b> Mi\u00f3d akacjowy wyr\u00f3\u017cnia si\u0119 jasnym, s\u0142omkowym kolorem, kt\u00f3ry dzi\u0119ki niskiej zawarto\u015bci enzym\u00f3w nie ciemnieje tak szybko jak inne rodzaje miod\u00f3w. Przez d\u0142ugi czas pozostaje krystalicznie jasny i p\u0142ynny.<\/li>\n<li><b>\u27a1\ufe0f Konsystencja:<\/b> Dzi\u0119ki naturalnej zawarto\u015bci fruktozy, mi\u00f3d akacjowy zachowuje p\u0142ynn\u0105 konsystencj\u0119 przez d\u0142u\u017cszy okres w por\u00f3wnaniu do innych miod\u00f3w, co czyni go wygodnym w u\u017cyciu na co dzie\u0144.<\/li>\n<\/ul>\n<\/div>\n<\/div>\n<\/div>\n<div class=\"mpof_ki myre_zn myre_8v_l m389_6m_l\">\n<div class=\"mp4t_16_s mryx_16_s mr3m_1 mli2_1 mh85_56 mh85_0_l\">\n<div class=\"mgn2_16 _0d3bd_am0a-\">\n<h3>Dlaczego mi\u00f3d akacjowy nie ma daty wa\u017cno\u015bci?<\/h3>\n<p>Mi\u00f3d jest jednym z najbardziej trwa\u0142ych produkt\u00f3w spo\u017cywczych. Dzi\u0119ki swoim unikalnym w\u0142a\u015bciwo\u015bciom antybakteryjnym, niskiej wilgotno\u015bci i wysokiej zawarto\u015bci cukr\u00f3w, praktycznie si\u0119 nie psuje. Chocia\u017c producenci s\u0105 zobowi\u0105zani do umieszczania daty przydatno\u015bci do spo\u017cycia (zwykle sugeruj\u0105cej spo\u017cycie miodu w ci\u0105gu 3 lat od produkcji), prawid\u0142owo przechowywany mi\u00f3d mo\u017ce by\u0107 jadalny przez wiele lat.<\/p>\n<\/div>\n<\/div>\n<\/div>\n<div class=\"mpof_ki myre_zn myre_8v_l m389_6m_l\">\n<div class=\"mp4t_16_s mryx_16_s mr3m_1 mli2_1 mh85_56 mh85_0_l\">\n<div class=\"mgn2_16 _0d3bd_am0a-\">\n<h3>Zasady prawid\u0142owego przechowywania miodu:<\/h3>\n<p>Aby mi\u00f3d zachowa\u0142 swoje w\u0142a\u015bciwo\u015bci jak najd\u0142u\u017cej, nale\u017cy go przechowywa\u0107 w odpowiednich warunkach:<\/p>\n<ul>\n<li><b>Temperatura:<\/b>\u00a0Optymalna temperatura to od 10 do 20\u00b0C. Zbyt niska temperatura, np. w lod\u00f3wce, mo\u017ce prowadzi\u0107 do krystalizacji miodu, co jest naturalnym procesem, ale mo\u017ce utrudnia\u0107 jego u\u017cycie. Z kolei zbyt wysoka temperatura mo\u017ce powodowa\u0107 utrat\u0119 cennych enzym\u00f3w i witamin.<\/li>\n<li><b>Miejsce:<\/b>\u00a0Mi\u00f3d najlepiej przechowywa\u0107 w ch\u0142odnym, ciemnym miejscu, z dala od bezpo\u015bredniego \u015bwiat\u0142a s\u0142onecznego. \u015awiat\u0142o i wysoka temperatura przyspieszaj\u0105 proces utleniania, co mo\u017ce wp\u0142yn\u0105\u0107 na jako\u015b\u0107 miodu.<\/li>\n<li><b>Opakowanie:<\/b>\u00a0Mi\u00f3d powinien by\u0107 przechowywany w szczelnie zamkni\u0119tych pojemnikach \u2013 najlepiej w szklanych s\u0142oikach z dopasowan\u0105 pokrywk\u0105. S\u0142oiki musz\u0105 by\u0107 czyste, suche i szczelnie zamkni\u0119te, aby zapobiec dost\u0119powi wilgoci i powietrza, kt\u00f3re mog\u0105 pogorszy\u0107 jego jako\u015b\u0107.<\/li>\n<\/ul>\n<\/div>\n<\/div>\n<div class=\"mp4t_16_s mryx_16_s mr3m_1 mli2_1 mh85_56 mh85_0_l\">\n<div class=\"mg9e_8 mj7a_8 mg9e_0_s mvrt_0_s mj7a_0_s mh36_0_s mzmg_6m munh_16_l m3h2_16_l\"><\/div>\n<\/div>\n<\/div>\n<div class=\"mpof_ki myre_zn myre_8v_l m389_6m_l\">\n<div class=\"mp4t_16_s mryx_16_s mr3m_1 mli2_1 mh85_56 mh85_0_l\">\n<div class=\"mgn2_16 _0d3bd_am0a-\">\n<h3>Nasze inne produkty:<\/h3>\n<p>Opr\u00f3cz miodu akacjowego, w naszej ofercie znajd\u0105 Pa\u0144stwo inne odmiany miod\u00f3w, takie jak: spadziowy, wielokwiatowy, wrzosowy, faceliowy, gryczany, le\u015bny, lipowy. Wszystkie nasze miody dost\u0119pne s\u0105 w r\u00f3\u017cnych gramaturach: 250g, 400g, 600g i 1200g.<\/p>\n<\/div>\n<\/div>\n<\/div>\n<div class=\"mpof_ki myre_zn myre_8v_l m389_6m_l\">\n<div class=\"mp4t_16_s mryx_16_s mr3m_1 mli2_1 mh85_56 mh85_0_l\">\n<div class=\"mgn2_16 _0d3bd_am0a-\">\n<h3>Nasza pasieka:<\/h3>\n<p>Zapraszamy do zakupu wyj\u0105tkowego,\u00a0<b>ekologicznego<\/b>\u00a0<b>miodu akacjowego<\/b>\u00a0z naszej rodzinnej pasieki w miejscowo\u015bci Drwinia, po\u0142o\u017conej na terenach ekologicznych Puszczy Niepo\u0142omickiej oraz w Rezerwacie Przyrody.<\/p>\n<p>Nasza pasieka znajduje si\u0119 r\u00f3wnie\u017c w kompleksie las\u00f3w jod\u0142owych na Pog\u00f3rzu Ci\u0119\u017ckowicko-Ro\u017cnowskim, co gwarantuje czysto\u015b\u0107 i najwy\u017csz\u0105 jako\u015b\u0107 pozyskiwanych produkt\u00f3w.<\/p>\n<p><b>Mi\u00f3d akacjowy<\/b>, kt\u00f3ry oferujemy, to wynik pracy pszcz\u00f3\u0142, kt\u00f3re zbieraj\u0105 nektar z kwiat\u00f3w na nieska\u017conych terenach, daleko od zanieczyszcze\u0144 przemys\u0142owych. Nasza pasieka pozwala na pozyskiwanie r\u00f3\u017cnorodnych produkt\u00f3w pszczelich przez ca\u0142y sezon \u2013 od wczesnej wiosny a\u017c do p\u00f3\u017anej jesieni.<\/p>\n<\/div>\n<\/div>\n<\/div>\n<div class=\"mpof_ki myre_zn myre_8v_l m389_6m_l\">\n<div class=\"mp4t_16_s mryx_16_s mr3m_1 mli2_1 mh85_56 mh85_0_l\">\n<div class=\"mgn2_16 _0d3bd_am0a-\">\n<p>Kupuj\u0105c mi\u00f3d akacjowy z Pasieki Niepo\u0142omice, wybierasz nie tylko produkt o wyj\u0105tkowym smaku i zdrowotnych w\u0142a\u015bciwo\u015bciach, ale tak\u017ce wspierasz lokalnych pszczelarzy, kt\u00f3rzy z pasj\u0105 i trosk\u0105 dbaj\u0105 o naturalne \u015brodowisko oraz swoje pszczo\u0142y. <b>Do\u0142\u0105cz do grona zadowolonych klient\u00f3w i ciesz si\u0119 smakiem natury zamkni\u0119tym w s\u0142oiku!<\/b><\/p>\n<\/div>\n<\/div>\n<\/div>\n<p><\/p>","protected":false},"excerpt":{"rendered":"<p>MI\u00d3D AKACJOWY NATURALNY EKOLOGICZNY POLSKI 1,2kg \u015aWIE\u017bY z PASIEKI POR\u0118BSKI Pasieka jest pod sta\u0142\u0105 kontrol\u0105 powiatowego lekarza weterynarii. Numer weterynaryjny pasieki: PL12015289. Dlaczego warto wybra\u0107 nasz mi\u00f3d? \u015awie\u017co\u015b\u0107 i jako\u015b\u0107: Zbierany z najczystszych polskich teren\u00f3w, zgodnie z tradycyjnymi metodami pszczelarskimi, co gwarantuje, \u017ce ka\u017cda kropla miodu zachowuje swoje cenne w\u0142a\u015bciwo\u015bci. Prosto z pasieki: Bez po\u015brednik\u00f3w<a href=\"https:\/\/niepolomickibartnik.pl\/de\/product\/miod-akacjowy-naturalny-ekologiczny-polski-12kg-swiezy-z-pasieki-porebski\/\">Continue reading <span class=\"sr-only\">&#8222;Mi\u00f3d akacjowy 1,2kg&#8220;<\/span><\/a><\/p>\n","protected":false},"featured_media":97,"template":"","meta":{"_acf_changed":false},"product_brand":[],"product_cat":[18],"product_tag":[],"class_list":{"0":"post-64","1":"product","2":"type-product","3":"status-publish","4":"has-post-thumbnail","6":"product_cat-miody","8":"first","9":"instock","10":"shipping-taxable","11":"purchasable","12":"product-type-simple"},"acf":[],"_links":{"self":[{"href":"https:\/\/niepolomickibartnik.pl\/de\/wp-json\/wp\/v2\/product\/64","targetHints":{"allow":["GET"]}}],"collection":[{"href":"https:\/\/niepolomickibartnik.pl\/de\/wp-json\/wp\/v2\/product"}],"about":[{"href":"https:\/\/niepolomickibartnik.pl\/de\/wp-json\/wp\/v2\/types\/product"}],"wp:featuredmedia":[{"embeddable":true,"href":"https:\/\/niepolomickibartnik.pl\/de\/wp-json\/wp\/v2\/media\/97"}],"wp:attachment":[{"href":"https:\/\/niepolomickibartnik.pl\/de\/wp-json\/wp\/v2\/media?parent=64"}],"wp:term":[{"taxonomy":"product_brand","embeddable":true,"href":"https:\/\/niepolomickibartnik.pl\/de\/wp-json\/wp\/v2\/product_brand?post=64"},{"taxonomy":"product_cat","embeddable":true,"href":"https:\/\/niepolomickibartnik.pl\/de\/wp-json\/wp\/v2\/product_cat?post=64"},{"taxonomy":"product_tag","embeddable":true,"href":"https:\/\/niepolomickibartnik.pl\/de\/wp-json\/wp\/v2\/product_tag?post=64"}],"curies":[{"name":"wp","href":"https:\/\/api.w.org\/{rel}","templated":true}]}}