{"id":63,"date":"2024-11-29T19:19:42","date_gmt":"2024-11-29T19:19:42","guid":{"rendered":"https:\/\/niepolomickibartnik.pl\/?post_type=product&#038;p=63"},"modified":"2025-08-28T10:39:13","modified_gmt":"2025-08-28T10:39:13","slug":"miod-faceliowy-naturalny-ekologiczny-polski-12kg-swiezy-z-pasieki-porebski","status":"publish","type":"product","link":"https:\/\/niepolomickibartnik.pl\/de\/product\/miod-faceliowy-naturalny-ekologiczny-polski-12kg-swiezy-z-pasieki-porebski\/","title":{"rendered":"Mi\u00f3d faceliowy 1,2kg"},"content":{"rendered":"<p><\/p>\n<div class=\"mpof_ki myre_zn myre_8v_l m389_6m_l\">\n<div class=\"mp4t_16_s mryx_16_s mr3m_1 mli2_1 mh85_56 mh85_0_l\">\n<div class=\"mgn2_16 _0d3bd_am0a-\">\n<h3>MI\u00d3D FACELIOWY NATURALNY EKOLOGICZNY POLSKI 1,2kg \u015aWIE\u017bY z PASIEKI POR\u0118BSKI<\/h3>\n<p>Pasieka jest pod sta\u0142\u0105 kontrol\u0105 powiatowego lekarza weterynarii. Numer weterynaryjny pasieki: PL12015289.<\/p>\n<\/div>\n<\/div>\n<\/div>\n<div class=\"mpof_ki myre_zn myre_8v_l m389_6m_l\">\n<div class=\"mp4t_16_s mryx_16_s mr3m_1 mli2_1 mh85_56 mh85_0_l\">\n<div class=\"mgn2_16 _0d3bd_am0a-\">\n<p><b>Mi\u00f3d faceliowy <\/b>to wyj\u0105tkowy produkt pszczelarski, pozyskiwany z nektaru pi\u0119knych, fioletowych kwiat\u00f3w facelii, ro\u015bliny docenianej za swoje miododajne w\u0142a\u015bciwo\u015bci. Ten mi\u00f3d charakteryzuje si\u0119 delikatnym, lekko kwiatowym smakiem oraz kremow\u0105 konsystencj\u0105, kt\u00f3ra zadowoli nawet najbardziej wymagaj\u0105cych smakoszy. Idealny wyb\u00f3r zar\u00f3wno dla doros\u0142ych, jak i dzieci!<\/p>\n<\/div>\n<\/div>\n<\/div>\n<div class=\"mpof_ki myre_zn myre_8v_l m389_6m_l\">\n<div class=\"mp4t_16_s mryx_16_s mr3m_1 mli2_1 mh85_56 mh85_0_l\">\n<div class=\"mgn2_16 _0d3bd_am0a-\">\n<h3>Najwa\u017cniejsze cechy miodu faceliowego:<\/h3>\n<ul>\n<li><b>\u2705 Naturalne pochodzenie<\/b> \u2013 100% naturalny mi\u00f3d bez sztucznych dodatk\u00f3w i konserwant\u00f3w.<\/li>\n<li><b>\u2705 Surowy, nieprzetworzony mi\u00f3d<\/b> \u2013 Mi\u00f3d ten jest surowy, co oznacza, \u017ce nie zosta\u0142 poddany obr\u00f3bce termicznej, dzi\u0119ki czemu zachowuje wszystkie swoje prozdrowotne w\u0142a\u015bciwo\u015bci, w tym enzymy, witaminy oraz minera\u0142y.<\/li>\n<li><b>\u2705 Bogaty w cenne sk\u0142adniki od\u017cywcze<\/b> \u2013 Mi\u00f3d faceliowy to naturalne \u017ar\u00f3d\u0142o witamin, takich jak witamina C, witaminy z grupy B oraz minera\u0142\u00f3w, takich jak potas, magnez, wap\u0144 i \u017celazo. Wspiera odporno\u015b\u0107 organizmu, przyspiesza regeneracj\u0119 oraz dzia\u0142a koj\u0105co na gard\u0142o.<\/li>\n<\/ul>\n<\/div>\n<\/div>\n<\/div>\n<div class=\"mpof_ki myre_zn myre_8v_l m389_6m_l\">\n<div class=\"mp4t_16_s mryx_16_s mr3m_1 mli2_1 mh85_56 mh85_0_l\">\n<div class=\"mgn2_16 _0d3bd_am0a-\">\n<ul>\n<li><b>\u2705 \u0141agodny smak i aromat<\/b> \u2013 Faceliowy mi\u00f3d charakteryzuje si\u0119 subtelnym, kwiatowym smakiem i delikatnym aromatem, co sprawia, \u017ce doskonale nadaje si\u0119 do codziennego spo\u017cycia. Idealny jako dodatek do herbaty, kawy, kanapek, deser\u00f3w, a tak\u017ce do przygotowywania naturalnych maseczek i kosmetyk\u00f3w.<\/li>\n<li><b>\u2705 Idealny dla dzieci i doros\u0142ych<\/b> \u2013 Dzi\u0119ki swojemu delikatnemu smakowi, mi\u00f3d faceliowy jest \u015bwietnym wyborem dla najm\u0142odszych, pomagaj\u0105c wzmacnia\u0107 ich odporno\u015b\u0107 i dostarcza\u0107 cennych sk\u0142adnik\u00f3w od\u017cywczych w naturalny spos\u00f3b.<\/li>\n<li><b>\u2705 Konsystencja i krystalizacja<\/b> \u2013 Mi\u00f3d faceliowy w swojej naturalnej postaci ma kremow\u0105 konsystencj\u0119, a jego proces krystalizacji przebiega wolniej ni\u017c w przypadku innych miod\u00f3w, co oznacza, \u017ce d\u0142ugo pozostaje p\u0142ynny. Z czasem naturalnie krystalizuje, co jest \u015bwiadectwem jego autentyczno\u015bci.<\/li>\n<\/ul>\n<\/div>\n<\/div>\n<div class=\"mp4t_16_s mryx_16_s mr3m_1 mli2_1 mh85_56 mh85_0_l\">\n<div class=\"mg9e_8 mj7a_8 mg9e_0_s mvrt_0_s mj7a_0_s mh36_0_s mzmg_6m munh_16_l m3h2_16_l\"><\/div>\n<\/div>\n<\/div>\n<div class=\"mpof_ki myre_zn myre_8v_l m389_6m_l\">\n<div class=\"mp4t_16_s mryx_16_s mr3m_1 mli2_1 mh85_56 mh85_0_l\">\n<div class=\"mgn2_16 _0d3bd_am0a-\">\n<h3>Do ka\u017cdego zam\u00f3wienia gratis firmowa pa\u0142eczka do miodu.<\/h3>\n<h3>Korzy\u015bci zdrowotne i zastosowanie:<\/h3>\n<p><b>Mi\u00f3d faceliowy<\/b> jest znany ze swoich wszechstronnych w\u0142a\u015bciwo\u015bci prozdrowotnych. Jego regularne spo\u017cywanie mo\u017ce pom\u00f3c w:<\/p>\n<ul>\n<li><b>\u2764\ufe0f Wzmocnieniu uk\u0142adu odporno\u015bciowego<\/b> \u2013 Dzi\u0119ki zawarto\u015bci enzym\u00f3w i antyoksydant\u00f3w, mi\u00f3d wspomaga walk\u0119 z infekcjami oraz przyspiesza regeneracj\u0119 organizmu.<\/li>\n<li><b>\u2764\ufe0f \u0141agodzeniu objaw\u00f3w przezi\u0119bienia<\/b> \u2013 Dzia\u0142a koj\u0105co na gard\u0142o, wspomaga leczenie kaszlu i stan\u00f3w zapalnych dr\u00f3g oddechowych.<\/li>\n<li><b>\u2764\ufe0f Poprawie trawienia<\/b> \u2013 Mi\u00f3d faceliowy mo\u017ce wspiera\u0107 prawid\u0142owe funkcjonowanie uk\u0142adu pokarmowego, pomagaj\u0105c w naturalny spos\u00f3b regulowa\u0107 flor\u0119 bakteryjn\u0105 jelit.<\/li>\n<li><b>\u2764\ufe0f Dostarczaniu energii<\/b> \u2013 To doskona\u0142e \u017ar\u00f3d\u0142o naturalnych cukr\u00f3w, kt\u00f3re dostarczaj\u0105 energii w spos\u00f3b stopniowy, bez gwa\u0142townego wzrostu poziomu cukru we krwi.<\/li>\n<\/ul>\n<\/div>\n<\/div>\n<\/div>\n<div class=\"mpof_ki myre_zn myre_8v_l m389_6m_l\">\n<div class=\"mp4t_16_s mryx_16_s mr3m_1 mli2_1 mh85_56 mh85_0_l\">\n<div class=\"mgn2_16 _0d3bd_am0a-\">\n<h3>Zastosowanie miodu w kuchni i kosmetyce:<\/h3>\n<ul>\n<li><b>\u27a1\ufe0f W kuchni<\/b>: Mi\u00f3d faceliowy doskonale komponuje si\u0119 z r\u00f3\u017cnymi potrawami \u2013 od s\u0142odkich deser\u00f3w po marynaty i sosy do mi\u0119s. Jest tak\u017ce niezast\u0105piony jako naturalny s\u0142odzik do herbaty, kawy, koktajli, jogurt\u00f3w czy owsianek.<\/li>\n<li><b>\u27a1\ufe0f W kosmetyce<\/b>: Dzi\u0119ki swoim w\u0142a\u015bciwo\u015bciom nawil\u017caj\u0105cym i przeciwzapalnym, mi\u00f3d faceliowy jest r\u00f3wnie\u017c ceniony w piel\u0119gnacji sk\u00f3ry. Mo\u017cesz go wykorzysta\u0107 jako sk\u0142adnik domowych maseczek, peeling\u00f3w czy balsam\u00f3w, aby od\u017cywi\u0107 i zregenerowa\u0107 sk\u00f3r\u0119.<\/li>\n<\/ul>\n<\/div>\n<\/div>\n<div class=\"mp4t_16_s mryx_16_s mr3m_1 mli2_1 mh85_56 mh85_0_l\">\n<div class=\"mg9e_8 mj7a_8 mg9e_0_s mvrt_0_s mj7a_0_s mh36_0_s mzmg_6m munh_16_l m3h2_16_l\"><\/div>\n<\/div>\n<\/div>\n<div class=\"mpof_ki myre_zn myre_8v_l m389_6m_l\">\n<div class=\"mp4t_16_s mryx_16_s mr3m_1 mli2_1 mh85_56 mh85_0_l\">\n<div class=\"mgn2_16 _0d3bd_am0a-\">\n<h3>Dlaczego mi\u00f3d faceliowy nie ma daty wa\u017cno\u015bci?<\/h3>\n<p>Mi\u00f3d jest jednym z najbardziej trwa\u0142ych produkt\u00f3w spo\u017cywczych. Dzi\u0119ki swoim unikalnym w\u0142a\u015bciwo\u015bciom antybakteryjnym, niskiej wilgotno\u015bci i wysokiej zawarto\u015bci cukr\u00f3w, praktycznie si\u0119 nie psuje. Chocia\u017c producenci s\u0105 zobowi\u0105zani do umieszczania daty przydatno\u015bci do spo\u017cycia (zwykle sugeruj\u0105cej spo\u017cycie miodu w ci\u0105gu 3 lat od produkcji), prawid\u0142owo przechowywany mi\u00f3d mo\u017ce by\u0107 jadalny przez wiele lat.<\/p>\n<\/div>\n<\/div>\n<\/div>\n<div class=\"mpof_ki myre_zn myre_8v_l m389_6m_l\">\n<div class=\"mp4t_16_s mryx_16_s mr3m_1 mli2_1 mh85_56 mh85_0_l\">\n<div class=\"mgn2_16 _0d3bd_am0a-\">\n<p><b>Zasady prawid\u0142owego przechowywania miodu:<\/b><\/p>\n<p>Aby mi\u00f3d zachowa\u0142 swoje w\u0142a\u015bciwo\u015bci jak najd\u0142u\u017cej, nale\u017cy go przechowywa\u0107 w odpowiednich warunkach:<\/p>\n<ul>\n<li><b>Temperatura:<\/b>\u00a0Optymalna temperatura to od 10 do 20\u00b0C. Zbyt niska temperatura, np. w lod\u00f3wce, mo\u017ce prowadzi\u0107 do krystalizacji miodu, co jest naturalnym procesem, ale mo\u017ce utrudnia\u0107 jego u\u017cycie. Z kolei zbyt wysoka temperatura mo\u017ce powodowa\u0107 utrat\u0119 cennych enzym\u00f3w i witamin.<\/li>\n<li><b>Miejsce:<\/b>\u00a0Mi\u00f3d najlepiej przechowywa\u0107 w ch\u0142odnym, ciemnym miejscu, z dala od bezpo\u015bredniego \u015bwiat\u0142a s\u0142onecznego. \u015awiat\u0142o i wysoka temperatura przyspieszaj\u0105 proces utleniania, co mo\u017ce wp\u0142yn\u0105\u0107 na jako\u015b\u0107 miodu.<\/li>\n<li><b>Opakowanie:<\/b>\u00a0Mi\u00f3d powinien by\u0107 przechowywany w szczelnie zamkni\u0119tych pojemnikach \u2013 najlepiej w szklanych s\u0142oikach z dopasowan\u0105 pokrywk\u0105. S\u0142oiki musz\u0105 by\u0107 czyste, suche i szczelnie zamkni\u0119te, aby zapobiec dost\u0119powi wilgoci i powietrza, kt\u00f3re mog\u0105 pogorszy\u0107 jego jako\u015b\u0107.<\/li>\n<\/ul>\n<\/div>\n<\/div>\n<div class=\"mp4t_16_s mryx_16_s mr3m_1 mli2_1 mh85_56 mh85_0_l\">\n<div class=\"mg9e_8 mj7a_8 mg9e_0_s mvrt_0_s mj7a_0_s mh36_0_s mzmg_6m munh_16_l m3h2_16_l\"><\/div>\n<\/div>\n<\/div>\n<div class=\"mpof_ki myre_zn myre_8v_l m389_6m_l\">\n<div class=\"mp4t_16_s mryx_16_s mr3m_1 mli2_1 mh85_56 mh85_0_l\">\n<div class=\"mgn2_16 _0d3bd_am0a-\">\n<h3>Nasze inne produkty:<\/h3>\n<p>Opr\u00f3cz miodu faceliowy, w naszej ofercie znajd\u0105 Pa\u0144stwo inne odmiany miod\u00f3w, takie jak: spadziowy, wielokwiatowy, wrzosowy, akacjowy, gryczany, le\u015bny, lipowy. Wszystkie nasze miody dost\u0119pne s\u0105 w r\u00f3\u017cnych gramaturach: 250g, 400g, 600g i 1200g.<\/p>\n<\/div>\n<\/div>\n<\/div>\n<div class=\"mpof_ki myre_zn myre_8v_l m389_6m_l\">\n<div class=\"mp4t_16_s mryx_16_s mr3m_1 mli2_1 mh85_56 mh85_0_l\">\n<div class=\"mgn2_16 _0d3bd_am0a-\">\n<h3>Nasza pasieka:<\/h3>\n<p>Zapraszamy do zakupu wyj\u0105tkowego,\u00a0<b>ekologicznego<\/b>\u00a0<b>miodu faceliowego<\/b>\u00a0z naszej rodzinnej pasieki w miejscowo\u015bci Drwinia, po\u0142o\u017conej na terenach ekologicznych Puszczy Niepo\u0142omickiej oraz w Rezerwacie Przyrody.<\/p>\n<p>Nasza pasieka znajduje si\u0119 r\u00f3wnie\u017c w kompleksie las\u00f3w jod\u0142owych na Pog\u00f3rzu Ci\u0119\u017ckowicko-Ro\u017cnowskim, co gwarantuje czysto\u015b\u0107 i najwy\u017csz\u0105 jako\u015b\u0107 pozyskiwanych produkt\u00f3w.<\/p>\n<p><b>Mi\u00f3d faceliowy<\/b>, kt\u00f3ry oferujemy, to wynik pracy pszcz\u00f3\u0142, kt\u00f3re zbieraj\u0105 nektar z kwiat\u00f3w na nieska\u017conych terenach, daleko od zanieczyszcze\u0144 przemys\u0142owych. Nasza pasieka pozwala na pozyskiwanie r\u00f3\u017cnorodnych produkt\u00f3w pszczelich przez ca\u0142y sezon \u2013 od wczesnej wiosny a\u017c do p\u00f3\u017anej jesieni.<\/p>\n<\/div>\n<\/div>\n<\/div>\n<div class=\"mpof_ki myre_zn myre_8v_l m389_6m_l\">\n<div class=\"mp4t_16_s mryx_16_s mr3m_1 mli2_1 mh85_56 mh85_0_l\">\n<div class=\"mgn2_16 _0d3bd_am0a-\">\n<p>Kupuj\u0105c mi\u00f3d faceliowy z Pasieki Niepo\u0142omice, wybierasz nie tylko produkt o wyj\u0105tkowym smaku i zdrowotnych w\u0142a\u015bciwo\u015bciach, ale tak\u017ce wspierasz lokalnych pszczelarzy, kt\u00f3rzy z pasj\u0105 i trosk\u0105 dbaj\u0105 o naturalne \u015brodowisko oraz swoje pszczo\u0142y. <b>Do\u0142\u0105cz do grona zadowolonych klient\u00f3w i ciesz si\u0119 smakiem natury zamkni\u0119tym w s\u0142oiku!<\/b><\/p>\n<\/div>\n<\/div>\n<\/div>\n<p><\/p>","protected":false},"excerpt":{"rendered":"<p>MI\u00d3D FACELIOWY NATURALNY EKOLOGICZNY POLSKI 1,2kg \u015aWIE\u017bY z PASIEKI POR\u0118BSKI Pasieka jest pod sta\u0142\u0105 kontrol\u0105 powiatowego lekarza weterynarii. Numer weterynaryjny pasieki: PL12015289. Mi\u00f3d faceliowy to wyj\u0105tkowy produkt pszczelarski, pozyskiwany z nektaru pi\u0119knych, fioletowych kwiat\u00f3w facelii, ro\u015bliny docenianej za swoje miododajne w\u0142a\u015bciwo\u015bci. Ten mi\u00f3d charakteryzuje si\u0119 delikatnym, lekko kwiatowym smakiem oraz kremow\u0105 konsystencj\u0105, kt\u00f3ra zadowoli nawet<a href=\"https:\/\/niepolomickibartnik.pl\/de\/product\/miod-faceliowy-naturalny-ekologiczny-polski-12kg-swiezy-z-pasieki-porebski\/\">Continue reading <span class=\"sr-only\">&#8222;Mi\u00f3d faceliowy 1,2kg&#8220;<\/span><\/a><\/p>\n","protected":false},"featured_media":95,"template":"","meta":{"_acf_changed":false},"product_brand":[],"product_cat":[18],"product_tag":[],"class_list":{"0":"post-63","1":"product","2":"type-product","3":"status-publish","4":"has-post-thumbnail","6":"product_cat-miody","8":"first","9":"instock","10":"shipping-taxable","11":"purchasable","12":"product-type-simple"},"acf":[],"_links":{"self":[{"href":"https:\/\/niepolomickibartnik.pl\/de\/wp-json\/wp\/v2\/product\/63","targetHints":{"allow":["GET"]}}],"collection":[{"href":"https:\/\/niepolomickibartnik.pl\/de\/wp-json\/wp\/v2\/product"}],"about":[{"href":"https:\/\/niepolomickibartnik.pl\/de\/wp-json\/wp\/v2\/types\/product"}],"wp:featuredmedia":[{"embeddable":true,"href":"https:\/\/niepolomickibartnik.pl\/de\/wp-json\/wp\/v2\/media\/95"}],"wp:attachment":[{"href":"https:\/\/niepolomickibartnik.pl\/de\/wp-json\/wp\/v2\/media?parent=63"}],"wp:term":[{"taxonomy":"product_brand","embeddable":true,"href":"https:\/\/niepolomickibartnik.pl\/de\/wp-json\/wp\/v2\/product_brand?post=63"},{"taxonomy":"product_cat","embeddable":true,"href":"https:\/\/niepolomickibartnik.pl\/de\/wp-json\/wp\/v2\/product_cat?post=63"},{"taxonomy":"product_tag","embeddable":true,"href":"https:\/\/niepolomickibartnik.pl\/de\/wp-json\/wp\/v2\/product_tag?post=63"}],"curies":[{"name":"wp","href":"https:\/\/api.w.org\/{rel}","templated":true}]}}