{"id":62,"date":"2024-11-29T19:19:42","date_gmt":"2024-11-29T19:19:42","guid":{"rendered":"https:\/\/niepolomickibartnik.pl\/?post_type=product&#038;p=62"},"modified":"2025-09-04T09:01:57","modified_gmt":"2025-09-04T09:01:57","slug":"miod-gryczany-naturalny-ekologiczny-polski-12kg-swiezy-z-pasieki-porebski","status":"publish","type":"product","link":"https:\/\/niepolomickibartnik.pl\/de\/product\/miod-gryczany-naturalny-ekologiczny-polski-12kg-swiezy-z-pasieki-porebski\/","title":{"rendered":"MI\u00d3D GRYCZANY NATURALNY EKOLOGICZNY POLSKI 1,2kg \u015aWIE\u017bY z PASIEKI POR\u0118BSKI"},"content":{"rendered":"<p><\/p>\n<div class=\"mpof_ki myre_zn myre_8v_l m389_6m_l\">\n<div class=\"mp4t_16_s mryx_16_s mr3m_1 mli2_1 mh85_56 mh85_0_l\">\n<div class=\"mgn2_16 _0d3bd_am0a-\">\n<h3>MI\u00d3D GRYCZANY NATURALNY EKOLOGICZNY POLSKI 1,2kg \u015aWIE\u017bY z PASIEKI POR\u0118BSKI<\/h3>\n<p>Pasieka jest pod sta\u0142\u0105 kontrol\u0105 powiatowego lekarza weterynarii. Numer weterynaryjny pasieki: PL12015289.<\/p>\n<\/div>\n<\/div>\n<\/div>\n<div class=\"mpof_ki myre_zn myre_8v_l m389_6m_l\">\n<div class=\"mp4t_16_s mryx_16_s mr3m_1 mli2_1 mh85_56 mh85_0_l\">\n<div class=\"mgn2_16 _0d3bd_am0a-\">\n<p>Je\u015bli szukasz produktu pe\u0142nego naturalnych sk\u0142adnik\u00f3w o intensywnym smaku, nasz mi\u00f3d gryczany b\u0119dzie idealnym wyborem. Jest to wyj\u0105tkowy, ciemny mi\u00f3d, kt\u00f3rego niepowtarzalny aromat i prozdrowotne w\u0142a\u015bciwo\u015bci doceni\u0105 zar\u00f3wno mi\u0142o\u015bnicy zdrowego stylu \u017cycia, jak i koneserzy intensywnych, charakterystycznych smak\u00f3w. Mi\u00f3d pochodzi z ekologicznych teren\u00f3w, gdzie pszczo\u0142y zbieraj\u0105 nektar z kwiat\u00f3w gryki \u2013 ro\u015bliny znanej z wielu korzy\u015bci zdrowotnych.<\/p>\n<\/div>\n<\/div>\n<\/div>\n<div class=\"mpof_ki myre_zn myre_8v_l m389_6m_l\">\n<div class=\"mp4t_16_s mryx_16_s mr3m_1 mli2_1 mh85_56 mh85_0_l\">\n<div class=\"mgn2_16 _0d3bd_am0a-\">\n<h3>Dlaczego warto wybra\u0107 nasz mi\u00f3d gryczany?<\/h3>\n<ul>\n<li><b>\u2705 Wyrazisty, ostry smak<\/b> \u2013 mi\u00f3d gryczany ma silny, lekko piek\u0105cy smak z nutami kwiatowymi i zio\u0142owymi. To doskona\u0142y wyb\u00f3r dla os\u00f3b ceni\u0105cych produkty o intensywnych walorach smakowych. Mo\u017cna go u\u017cywa\u0107 nie tylko jako s\u0142odzik, ale tak\u017ce jako dodatek do wypiek\u00f3w, deser\u00f3w, czy nawet sa\u0142atek.<\/li>\n<li><b>\u2705 Bogactwo warto\u015bci od\u017cywczych<\/b> \u2013 nasz mi\u00f3d to nie tylko smak, ale r\u00f3wnie\u017c pot\u0119\u017cna dawka witamin i minera\u0142\u00f3w. Jest bogaty w \u017celazo, magnez, potas oraz witaminy z grupy B, co czyni go doskona\u0142ym wsparciem dla uk\u0142adu krwiono\u015bnego i odporno\u015bciowego. Jest szczeg\u00f3lnie polecany osobom cierpi\u0105cym na anemi\u0119 i zm\u0119czenie.<\/li>\n<\/ul>\n<\/div>\n<\/div>\n<\/div>\n<div class=\"mpof_ki myre_zn myre_8v_l m389_6m_l\">\n<div class=\"mp4t_16_s mryx_16_s mr3m_1 mli2_1 mh85_56 mh85_0_l\">\n<div class=\"mgn2_16 _0d3bd_am0a-\">\n<ul>\n<li><b>\u2705 Naturalny antybiotyk<\/b> \u2013 mi\u00f3d gryczany posiada silne w\u0142a\u015bciwo\u015bci antybakteryjne, dzi\u0119ki czemu wspomaga leczenie infekcji oraz wzmacnia organizm w walce z chorobami. Regularne spo\u017cywanie tego miodu mo\u017ce przyczyni\u0107 si\u0119 do poprawy og\u00f3lnego stanu zdrowia, przyspieszy\u0107 regeneracj\u0119 i wspiera\u0107 leczenie przezi\u0119bie\u0144.<\/li>\n<li><b>\u2705 Ciemna barwa i g\u0119sta konsystencja<\/b> \u2013 charakterystyczna ciemnobr\u0105zowa barwa miodu gryczanego sprawia, \u017ce ju\u017c na pierwszy rzut oka wida\u0107, \u017ce mamy do czynienia z produktem bogatym w cenne sk\u0142adniki. G\u0119sta konsystencja i pe\u0142nia smaku sprawiaj\u0105, \u017ce mi\u00f3d ten jest niepowtarzalny i wyj\u0105tkowy.<\/li>\n<\/ul>\n<\/div>\n<\/div>\n<div class=\"mp4t_16_s mryx_16_s mr3m_1 mli2_1 mh85_56 mh85_0_l\">\n<div class=\"mg9e_8 mj7a_8 mg9e_0_s mvrt_0_s mj7a_0_s mh36_0_s mzmg_6m munh_16_l m3h2_16_l\"><\/div>\n<\/div>\n<\/div>\n<div class=\"mpof_ki myre_zn myre_8v_l m389_6m_l\">\n<div class=\"mp4t_16_s mryx_16_s mr3m_1 mli2_1 mh85_56 mh85_0_l\">\n<div class=\"mgn2_16 _0d3bd_am0a-\">\n<h3>Do ka\u017cdego zam\u00f3wienia gratis firmowa pa\u0142eczka do miodu.<\/h3>\n<h3>Zastosowanie miodu gryczanego:<\/h3>\n<ul>\n<li><b>\u2764\ufe0f <\/b>Idealny jako zdrowy zamiennik cukru w herbacie, kawie czy lemoniadzie.<\/li>\n<li><b>\u2764\ufe0f <\/b>\u015awietny dodatek do wypiek\u00f3w, deser\u00f3w, a tak\u017ce marynat do mi\u0119s.<\/li>\n<li><b>\u2764\ufe0f <\/b>Spo\u017cywany samodzielnie \u2013 dostarczy energii, minera\u0142\u00f3w i pomo\u017ce w regeneracji organizmu.<\/li>\n<\/ul>\n<h3>Korzy\u015bci zdrowotne:<\/h3>\n<p>Mi\u00f3d gryczany wspomaga:<\/p>\n<ul>\n<li><b>\u27a1\ufe0f Uk\u0142ad krwiono\u015bny<\/b> \u2013 ze wzgl\u0119du na wysok\u0105 zawarto\u015b\u0107 \u017celaza, wspiera produkcj\u0119 czerwonych krwinek, co jest istotne w walce z anemi\u0105.<\/li>\n<li><b>\u27a1\ufe0f Odporno\u015b\u0107<\/b> \u2013 dzi\u0119ki naturalnym enzymom dzia\u0142a jak naturalny antybiotyk, wspomagaj\u0105c walk\u0119 z infekcjami i wzmacniaj\u0105c odporno\u015b\u0107.<\/li>\n<li><b>\u27a1\ufe0f Regeneracj\u0119 organizmu<\/b> \u2013 dodaje energii i przyspiesza procesy regeneracyjne po wysi\u0142ku fizycznym lub chorobie.<\/li>\n<\/ul>\n<\/div>\n<\/div>\n<\/div>\n<div class=\"mpof_ki myre_zn myre_8v_l m389_6m_l\">\n<div class=\"mp4t_16_s mryx_16_s mr3m_1 mli2_1 mh85_56 mh85_0_l\">\n<div class=\"mgn2_16 _0d3bd_am0a-\">\n<h3>Dlaczego mi\u00f3d gryczany nie ma daty wa\u017cno\u015bci?<\/h3>\n<p>Mi\u00f3d jest jednym z najbardziej trwa\u0142ych produkt\u00f3w spo\u017cywczych. Dzi\u0119ki swoim unikalnym w\u0142a\u015bciwo\u015bciom antybakteryjnym, niskiej wilgotno\u015bci i wysokiej zawarto\u015bci cukr\u00f3w, praktycznie si\u0119 nie psuje. Chocia\u017c producenci s\u0105 zobowi\u0105zani do umieszczania daty przydatno\u015bci do spo\u017cycia (zwykle sugeruj\u0105cej spo\u017cycie miodu w ci\u0105gu 3 lat od produkcji), prawid\u0142owo przechowywany mi\u00f3d mo\u017ce by\u0107 jadalny przez wiele lat.<\/p>\n<\/div>\n<\/div>\n<\/div>\n<div class=\"mpof_ki myre_zn myre_8v_l m389_6m_l\">\n<div class=\"mp4t_16_s mryx_16_s mr3m_1 mli2_1 mh85_56 mh85_0_l\">\n<div class=\"mgn2_16 _0d3bd_am0a-\">\n<p><b>Zasady prawid\u0142owego przechowywania miodu:<\/b><\/p>\n<p>Aby mi\u00f3d zachowa\u0142 swoje w\u0142a\u015bciwo\u015bci jak najd\u0142u\u017cej, nale\u017cy go przechowywa\u0107 w odpowiednich warunkach:<\/p>\n<ul>\n<li><b>Temperatura:<\/b>\u00a0Optymalna temperatura to od 10 do 20\u00b0C. Zbyt niska temperatura, np. w lod\u00f3wce, mo\u017ce prowadzi\u0107 do krystalizacji miodu, co jest naturalnym procesem, ale mo\u017ce utrudnia\u0107 jego u\u017cycie. Z kolei zbyt wysoka temperatura mo\u017ce powodowa\u0107 utrat\u0119 cennych enzym\u00f3w i witamin.<\/li>\n<li><b>Miejsce:<\/b>\u00a0Mi\u00f3d najlepiej przechowywa\u0107 w ch\u0142odnym, ciemnym miejscu, z dala od bezpo\u015bredniego \u015bwiat\u0142a s\u0142onecznego. \u015awiat\u0142o i wysoka temperatura przyspieszaj\u0105 proces utleniania, co mo\u017ce wp\u0142yn\u0105\u0107 na jako\u015b\u0107 miodu.<\/li>\n<li><b>Opakowanie:<\/b>\u00a0Mi\u00f3d powinien by\u0107 przechowywany w szczelnie zamkni\u0119tych pojemnikach \u2013 najlepiej w szklanych s\u0142oikach z dopasowan\u0105 pokrywk\u0105. S\u0142oiki musz\u0105 by\u0107 czyste, suche i szczelnie zamkni\u0119te, aby zapobiec dost\u0119powi wilgoci i powietrza, kt\u00f3re mog\u0105 pogorszy\u0107 jego jako\u015b\u0107.<\/li>\n<\/ul>\n<\/div>\n<\/div>\n<div class=\"mp4t_16_s mryx_16_s mr3m_1 mli2_1 mh85_56 mh85_0_l\">\n<div class=\"mg9e_8 mj7a_8 mg9e_0_s mvrt_0_s mj7a_0_s mh36_0_s mzmg_6m munh_16_l m3h2_16_l\"><\/div>\n<\/div>\n<\/div>\n<div class=\"mpof_ki myre_zn myre_8v_l m389_6m_l\">\n<div class=\"mp4t_16_s mryx_16_s mr3m_1 mli2_1 mh85_56 mh85_0_l\">\n<div class=\"mgn2_16 _0d3bd_am0a-\">\n<h3>Nasze inne produkty:<\/h3>\n<p>Opr\u00f3cz miodu gryczanego, w naszej ofercie znajd\u0105 Pa\u0144stwo inne odmiany miod\u00f3w, takie jak: spadziowy, wielokwiatowy, wrzosowy, akacjowy, faceliowy, le\u015bny, lipowy. Wszystkie nasze miody dost\u0119pne s\u0105 w r\u00f3\u017cnych gramaturach: 250g, 400g, 600g i 1200g.<\/p>\n<\/div>\n<\/div>\n<\/div>\n<div class=\"mpof_ki myre_zn myre_8v_l m389_6m_l\">\n<div class=\"mp4t_16_s mryx_16_s mr3m_1 mli2_1 mh85_56 mh85_0_l\">\n<div class=\"mgn2_16 _0d3bd_am0a-\">\n<h3>Nasza pasieka:<\/h3>\n<p>Zapraszamy do zakupu wyj\u0105tkowego,\u00a0<b>ekologicznego<\/b>\u00a0<b>miodu gryczanego<\/b>\u00a0z naszej rodzinnej pasieki w miejscowo\u015bci Drwinia, po\u0142o\u017conej na terenach ekologicznych Puszczy Niepo\u0142omickiej oraz w Rezerwacie Przyrody.<\/p>\n<p>Nasza pasieka znajduje si\u0119 r\u00f3wnie\u017c w kompleksie las\u00f3w jod\u0142owych na Pog\u00f3rzu Ci\u0119\u017ckowicko-Ro\u017cnowskim, co gwarantuje czysto\u015b\u0107 i najwy\u017csz\u0105 jako\u015b\u0107 pozyskiwanych produkt\u00f3w.<\/p>\n<p><b>Mi\u00f3d gryczany<\/b>, kt\u00f3ry oferujemy, to wynik pracy pszcz\u00f3\u0142, kt\u00f3re zbieraj\u0105 nektar z kwiat\u00f3w na nieska\u017conych terenach, daleko od zanieczyszcze\u0144 przemys\u0142owych. Nasza pasieka pozwala na pozyskiwanie r\u00f3\u017cnorodnych produkt\u00f3w pszczelich przez ca\u0142y sezon \u2013 od wczesnej wiosny a\u017c do p\u00f3\u017anej jesieni.<\/p>\n<\/div>\n<\/div>\n<\/div>\n<div class=\"mpof_ki myre_zn myre_8v_l m389_6m_l\">\n<div class=\"mp4t_16_s mryx_16_s mr3m_1 mli2_1 mh85_56 mh85_0_l\">\n<div class=\"mgn2_16 _0d3bd_am0a-\">\n<p>Kupuj\u0105c mi\u00f3d gryczany z Pasieki Niepo\u0142omice, wybierasz nie tylko produkt o wyj\u0105tkowym smaku i zdrowotnych w\u0142a\u015bciwo\u015bciach, ale tak\u017ce wspierasz lokalnych pszczelarzy, kt\u00f3rzy z pasj\u0105 i trosk\u0105 dbaj\u0105 o naturalne \u015brodowisko oraz swoje pszczo\u0142y. <b>Do\u0142\u0105cz do grona zadowolonych klient\u00f3w i ciesz si\u0119 smakiem natury zamkni\u0119tym w s\u0142oiku!<\/b><\/p>\n<\/div>\n<\/div>\n<\/div>\n<p><\/p>","protected":false},"excerpt":{"rendered":"<p>MI\u00d3D GRYCZANY NATURALNY EKOLOGICZNY POLSKI 1,2kg \u015aWIE\u017bY z PASIEKI POR\u0118BSKI Pasieka jest pod sta\u0142\u0105 kontrol\u0105 powiatowego lekarza weterynarii. Numer weterynaryjny pasieki: PL12015289. Je\u015bli szukasz produktu pe\u0142nego naturalnych sk\u0142adnik\u00f3w o intensywnym smaku, nasz mi\u00f3d gryczany b\u0119dzie idealnym wyborem. Jest to wyj\u0105tkowy, ciemny mi\u00f3d, kt\u00f3rego niepowtarzalny aromat i prozdrowotne w\u0142a\u015bciwo\u015bci doceni\u0105 zar\u00f3wno mi\u0142o\u015bnicy zdrowego stylu \u017cycia, jak<a href=\"https:\/\/niepolomickibartnik.pl\/de\/product\/miod-gryczany-naturalny-ekologiczny-polski-12kg-swiezy-z-pasieki-porebski\/\">Continue reading <span class=\"sr-only\">&#8222;MI\u00d3D GRYCZANY NATURALNY EKOLOGICZNY POLSKI 1,2kg \u015aWIE\u017bY z PASIEKI POR\u0118BSKI&#8220;<\/span><\/a><\/p>\n","protected":false},"featured_media":93,"template":"","meta":{"_acf_changed":false},"product_brand":[],"product_cat":[18],"product_tag":[],"class_list":{"0":"post-62","1":"product","2":"type-product","3":"status-publish","4":"has-post-thumbnail","6":"product_cat-miody","8":"first","9":"instock","10":"shipping-taxable","11":"purchasable","12":"product-type-simple"},"acf":[],"_links":{"self":[{"href":"https:\/\/niepolomickibartnik.pl\/de\/wp-json\/wp\/v2\/product\/62","targetHints":{"allow":["GET"]}}],"collection":[{"href":"https:\/\/niepolomickibartnik.pl\/de\/wp-json\/wp\/v2\/product"}],"about":[{"href":"https:\/\/niepolomickibartnik.pl\/de\/wp-json\/wp\/v2\/types\/product"}],"wp:featuredmedia":[{"embeddable":true,"href":"https:\/\/niepolomickibartnik.pl\/de\/wp-json\/wp\/v2\/media\/93"}],"wp:attachment":[{"href":"https:\/\/niepolomickibartnik.pl\/de\/wp-json\/wp\/v2\/media?parent=62"}],"wp:term":[{"taxonomy":"product_brand","embeddable":true,"href":"https:\/\/niepolomickibartnik.pl\/de\/wp-json\/wp\/v2\/product_brand?post=62"},{"taxonomy":"product_cat","embeddable":true,"href":"https:\/\/niepolomickibartnik.pl\/de\/wp-json\/wp\/v2\/product_cat?post=62"},{"taxonomy":"product_tag","embeddable":true,"href":"https:\/\/niepolomickibartnik.pl\/de\/wp-json\/wp\/v2\/product_tag?post=62"}],"curies":[{"name":"wp","href":"https:\/\/api.w.org\/{rel}","templated":true}]}}